{"id":4242,"date":"2025-05-22T07:08:12","date_gmt":"2025-05-22T07:08:12","guid":{"rendered":"https:\/\/mediumturquoise-squid-939497.hostingersite.com\/?page_id=4242"},"modified":"2025-07-03T06:28:49","modified_gmt":"2025-07-03T06:28:49","slug":"oppositions-contentieux","status":"publish","type":"page","link":"https:\/\/www.chinabrandoffice.com\/en\/services\/oppositions-contentieux\/","title":{"rendered":"Oppositions &amp; Litigation"},"content":{"rendered":"<div data-elementor-type=\"wp-page\" data-elementor-id=\"4242\" class=\"elementor elementor-4242\">\n\t\t\t\t<div class=\"elementor-element elementor-element-e9acf18 e-flex e-con-boxed e-con e-parent\" data-id=\"e9acf18\" data-element_type=\"container\" data-e-type=\"container\">\n\t\t\t\t\t<div class=\"e-con-inner\">\n\t\t<div class=\"elementor-element elementor-element-51ffce49 e-con-full e-flex e-con e-child\" data-id=\"51ffce49\" data-element_type=\"container\" data-e-type=\"container\">\n\t\t\r\n\t\t<div class=\"elementor-element elementor-element-58676352 elementor-widget elementor-widget-text-editor\" data-id=\"58676352\" data-element_type=\"widget\" data-e-type=\"widget\" data-widget_type=\"text-editor.default\">\n\t\t\t\t<div class=\"elementor-widget-container\">\n\t\t\t\t\t\t\t\t\t<h1>Oppositions &amp; Litigation<\/h1>\t\t\t\t\t\t\t\t<\/div>\n\t\t\t\t<\/div>\n\t\t\t\t<div class=\"elementor-element elementor-element-26f2ac5b elementor-widget__width-initial elementor-widget elementor-widget-image\" data-id=\"26f2ac5b\" data-element_type=\"widget\" data-e-type=\"widget\" data-widget_type=\"image.default\">\n\t\t\t\t<div class=\"elementor-widget-container\">\n\t\t\t\t\t\t\t\t\t\t\t\t\t\t\t<img fetchpriority=\"high\" decoding=\"async\" width=\"1024\" height=\"1024\" src=\"https:\/\/www.chinabrandoffice.com\/wp-content\/uploads\/2025\/05\/STOP-ILLEGAL.png\" class=\"attachment-full size-full wp-image-4478\" alt=\"Procedure opposition et contentieux\" srcset=\"https:\/\/www.chinabrandoffice.com\/wp-content\/uploads\/2025\/05\/STOP-ILLEGAL.png 1024w, https:\/\/www.chinabrandoffice.com\/wp-content\/uploads\/2025\/05\/STOP-ILLEGAL-300x300.png 300w, https:\/\/www.chinabrandoffice.com\/wp-content\/uploads\/2025\/05\/STOP-ILLEGAL-150x150.png 150w, https:\/\/www.chinabrandoffice.com\/wp-content\/uploads\/2025\/05\/STOP-ILLEGAL-768x768.png 768w, https:\/\/www.chinabrandoffice.com\/wp-content\/uploads\/2025\/05\/STOP-ILLEGAL-80x80.png 80w, https:\/\/www.chinabrandoffice.com\/wp-content\/uploads\/2025\/05\/STOP-ILLEGAL-400x400.png 400w, https:\/\/www.chinabrandoffice.com\/wp-content\/uploads\/2025\/05\/STOP-ILLEGAL-580x580.png 580w, https:\/\/www.chinabrandoffice.com\/wp-content\/uploads\/2025\/05\/STOP-ILLEGAL-85x85.png 85w, https:\/\/www.chinabrandoffice.com\/wp-content\/uploads\/2025\/05\/STOP-ILLEGAL-600x600.png 600w, https:\/\/www.chinabrandoffice.com\/wp-content\/uploads\/2025\/05\/STOP-ILLEGAL-100x100.png 100w, https:\/\/www.chinabrandoffice.com\/wp-content\/uploads\/2025\/05\/STOP-ILLEGAL-460x460.png 460w\" sizes=\"(max-width: 1024px) 100vw, 1024px\" \/>\t\t\t\t\t\t\t\t\t\t\t\t\t\t\t<\/div>\n\t\t\t\t<\/div>\n\t\t\t\t<div class=\"elementor-element elementor-element-450f4549 elementor-widget elementor-widget-heading\" data-id=\"450f4549\" data-element_type=\"widget\" data-e-type=\"widget\" data-widget_type=\"heading.default\">\n\t\t\t\t<div class=\"elementor-widget-container\">\n\t\t\t\t\t<h1 class=\"elementor-heading-title elementor-size-default\">Handling a dispute or opposition: don\u2019t endure, act fast<\/h1>\t\t\t\t<\/div>\n\t\t\t\t<\/div>\n\t\t\t\t<div class=\"elementor-element elementor-element-1495e2bb elementor-widget elementor-widget-text-editor\" data-id=\"1495e2bb\" data-element_type=\"widget\" data-e-type=\"widget\" data-widget_type=\"text-editor.default\">\n\t\t\t\t<div class=\"elementor-widget-container\">\n\t\t\t\t\t\t\t\t\t<p data-start=\"277\" data-end=\"601\">\u00a0 \u00a0En Chine, le syst\u00e8me de marques repose sur <strong>le principe du premier d\u00e9p\u00f4t<\/strong>. Cela entra\u00eene des conflits fr\u00e9quents, parfois malveillants. D\u00e8s qu\u2019un tiers d\u00e9pose une marque similaire ou identique \u00e0 la v\u00f4tre, ou vous bloque volontairement, vous avez un d\u00e9lai limit\u00e9 pour r\u00e9agir. <strong>Pass\u00e9 ce d\u00e9lai, le silence vaut acceptation<\/strong>.<\/p><p data-start=\"603\" data-end=\"729\">Qu\u2019il s\u2019agisse d\u2019une opposition \u00e0 une marque d\u00e9pos\u00e9e par un tiers ou d\u2019une action contre un squatteur, <strong>chaque jour compte.<\/strong><\/p>\t\t\t\t\t\t\t\t<\/div>\n\t\t\t\t<\/div>\n\t\t\t\t<div class=\"elementor-element elementor-element-6bfe1832 elementor-widget elementor-widget-text-editor\" data-id=\"6bfe1832\" data-element_type=\"widget\" data-e-type=\"widget\" data-widget_type=\"text-editor.default\">\n\t\t\t\t<div class=\"elementor-widget-container\">\n\t\t\t\t\t\t\t\t\t<p data-start=\"789\" data-end=\"1036\">\u00a0Lorsqu\u2019une marque est d\u00e9pos\u00e9e en Chine, elle est publi\u00e9e dans le bulletin officiel CNIPA pour une <strong>p\u00e9riode d\u2019opposition de 3 mois<\/strong>. Durant cette p\u00e9riode, toute personne justifiant d\u2019un int\u00e9r\u00eat peut d\u00e9poser une opposition aupr\u00e8s du CNIPA.<\/p><p data-start=\"1038\" data-end=\"1052\"><strong>Deadline:<\/strong><\/p><ul data-start=\"1053\" data-end=\"1176\"><li data-start=\"1053\" data-end=\"1116\"><p data-start=\"1055\" data-end=\"1116\">90 calendar days from the publication date.<\/p><\/li><li data-start=\"1117\" data-end=\"1176\"><p data-start=\"1119\" data-end=\"1176\">After this period, you lose your right to oppose.<\/p><\/li><\/ul><p data-start=\"1178\" data-end=\"1197\"><strong>Requirements:<\/strong><\/p><ul data-start=\"1198\" data-end=\"1459\"><li data-start=\"1198\" data-end=\"1283\"><p data-start=\"1200\" data-end=\"1283\">You must prove that you own an earlier trademark (registered or well-known).<\/p><\/li><li data-start=\"1284\" data-end=\"1459\"><p data-start=\"1286\" data-end=\"1459\">It is also possible to argue the applicant\u2019s bad faith, especially if you had prior commercial relationships or if the trademark targets a related sector.<\/p><\/li><\/ul><p data-start=\"1461\" data-end=\"1487\"><strong>Possible outcome:<\/strong><\/p><ul data-start=\"1488\" data-end=\"1570\"><li data-start=\"1488\" data-end=\"1531\"><p data-start=\"1490\" data-end=\"1531\">Total rejection of the opposing trademark.<\/p><\/li><li data-start=\"1532\" data-end=\"1570\"><p data-start=\"1534\" data-end=\"1570\">Favorable decision within 9 to 12 months.<\/p><\/li><\/ul>\t\t\t\t\t\t\t\t<\/div>\n\t\t\t\t<\/div>\n\t\t\t\t<div class=\"elementor-element elementor-element-90be6ff elementor-widget elementor-widget-heading\" data-id=\"90be6ff\" data-element_type=\"widget\" data-e-type=\"widget\" data-widget_type=\"heading.default\">\n\t\t\t\t<div class=\"elementor-widget-container\">\n\t\t\t\t\t<h1 class=\"elementor-heading-title elementor-size-default\">What we do<\/h1>\t\t\t\t<\/div>\n\t\t\t\t<\/div>\n\t\t\t\t<div class=\"elementor-element elementor-element-385eda25 elementor-widget elementor-widget-html\" data-id=\"385eda25\" data-element_type=\"widget\" data-e-type=\"widget\" data-widget_type=\"html.default\">\n\t\t\t\t<div class=\"elementor-widget-container\">\n\t\t\t\t\t<div style=\"display: grid; grid-template-columns: 1fr 1fr; gap: 20px; padding: 10px 0;\">\n  <ul style=\"list-style-type: disc; padding-left: 20px; margin: 0;\">\n    <li>Conflict analysis and strategy to adopt<\/li>\n    <li>Evidence collection &amp; file preparation<\/li>\n    <li>Legal drafting in Chinese following CNIPA standards<\/li>\n    <li>Official filing of opposition or invalidation<\/li>\n  <\/ul>\n  <ul style=\"list-style-type: disc; padding-left: 20px; margin: 0;\">\n    <li>Local representation (mandate required)<\/li>\n    <li>Deadline tracking &amp; communication with authorities<\/li>\n    <li>Advice on legal remedies (appeal, arbitration, litigation)<\/li>\n    <li>Support until the final decision<\/li>\n  <\/ul>\n<\/div>\n\n\t\t\t\t<\/div>\n\t\t\t\t<\/div>\n\t\t<div class=\"elementor-element elementor-element-61f2fe9e e-con-full e-flex e-con e-child\" data-id=\"61f2fe9e\" data-element_type=\"container\" data-e-type=\"container\">\n\t\t<div class=\"elementor-element elementor-element-7f0d71d3 e-con-full e-flex e-con e-child\" data-id=\"7f0d71d3\" data-element_type=\"container\" data-e-type=\"container\">\n\t\t\t\t<div class=\"elementor-element elementor-element-304fdef5 elementor-widget-mobile__width-inherit elementor-widget__width-initial elementor-widget elementor-widget-image\" data-id=\"304fdef5\" data-element_type=\"widget\" data-e-type=\"widget\" data-widget_type=\"image.default\">\n\t\t\t\t<div class=\"elementor-widget-container\">\n\t\t\t\t\t\t\t\t\t\t\t\t\t\t\t<img decoding=\"async\" width=\"400\" height=\"400\" src=\"https:\/\/www.chinabrandoffice.com\/wp-content\/uploads\/2024\/12\/blog-s-1-1-400x400.jpg\" class=\"attachment-ensaf_400X400 size-ensaf_400X400 wp-image-20\" alt=\"court\" srcset=\"https:\/\/www.chinabrandoffice.com\/wp-content\/uploads\/2024\/12\/blog-s-1-1-400x400.jpg 400w, https:\/\/www.chinabrandoffice.com\/wp-content\/uploads\/2024\/12\/blog-s-1-1-150x150.jpg 150w, https:\/\/www.chinabrandoffice.com\/wp-content\/uploads\/2024\/12\/blog-s-1-1-80x80.jpg 80w, https:\/\/www.chinabrandoffice.com\/wp-content\/uploads\/2024\/12\/blog-s-1-1-85x85.jpg 85w, https:\/\/www.chinabrandoffice.com\/wp-content\/uploads\/2024\/12\/blog-s-1-1-300x300.jpg 300w, https:\/\/www.chinabrandoffice.com\/wp-content\/uploads\/2024\/12\/blog-s-1-1-100x100.jpg 100w\" sizes=\"(max-width: 400px) 100vw, 400px\" \/>\t\t\t\t\t\t\t\t\t\t\t\t\t\t\t<\/div>\n\t\t\t\t<\/div>\n\t\t\t\t<\/div>\n\t\t<div class=\"elementor-element elementor-element-1d16b30 e-con-full e-flex e-con e-child\" data-id=\"1d16b30\" data-element_type=\"container\" data-e-type=\"container\">\n\t\t\t\t<div class=\"elementor-element elementor-element-34e8043c elementor-widget elementor-widget-text-editor\" data-id=\"34e8043c\" data-element_type=\"widget\" data-e-type=\"widget\" data-widget_type=\"text-editor.default\">\n\t\t\t\t<div class=\"elementor-widget-container\">\n\t\t\t\t\t\t\t\t\t<h2 data-start=\"1708\" data-end=\"1761\"><strong data-start=\"1715\" data-end=\"1761\">Our commitment: handle your case urgently<\/strong><\/h2><p data-start=\"2989\" data-end=\"3258\">\u00a0 \u00a0When it comes to trademarks in China, inaction is fatal.\nThe rules are strict, deadlines are short, and mistakes are irreversible.\nMany companies realize too late that a similar trademark has been approved, or that their silence led to automatic validation.<\/p><p data-start=\"3260\" data-end=\"3516\">Without local advice and understanding of the Chinese legal framework, your arguments may be misunderstood, rejected, or simply ignored.<br data-start=\"3402\" data-end=\"3405\" \/>Our team acts quickly, in Chinese, following required formats, with a strategy tailored to your situation.<\/p>\t\t\t\t\t\t\t\t<\/div>\n\t\t\t\t<\/div>\n\t\t\t\t<\/div>\n\t\t\t\t<\/div>\n\t\t\t\t<\/div>\n\t\t<div class=\"elementor-element elementor-element-27e4fdc5 e-con-full e-flex e-con e-child\" data-id=\"27e4fdc5\" data-element_type=\"container\" data-e-type=\"container\">\n\t\t\t\t<div class=\"elementor-element elementor-element-4d0d5c56 elementor-widget elementor-widget-ensafservicelist\" data-id=\"4d0d5c56\" data-element_type=\"widget\" data-e-type=\"widget\" data-widget_type=\"ensafservicelist.default\">\n\t\t\t\t<div class=\"elementor-widget-container\">\n\t\t\t\t\t<div class=\"widget widget_categories\"><h3 class=\"widget_title\">Our Services<\/h3><ul><li><a href=\"https:\/\/www.chinabrandoffice.com\/en\/services\/protection-de-marques-en-chine\/\">Trademark Protection in China<\/a><span><i class=\"fa-sharp fa-light fa-arrow-right\"><\/i><\/span><\/li><li><a href=\"https:\/\/www.chinabrandoffice.com\/en\/services\/surveillance-veille-juridique\/\">Monitoring &amp; Legal Watch<\/a><span><i class=\"fa-sharp fa-light fa-arrow-right\"><\/i><\/span><\/li><li><a href=\"https:\/\/www.chinabrandoffice.com\/en\/services\/audit-et-strategie-de-propriete-intellectuelle\/\">Intellectual Property Audit and Strategy<\/a><span><i class=\"fa-sharp fa-light fa-arrow-right\"><\/i><\/span><\/li><li><a href=\"https:\/\/www.chinabrandoffice.com\/en\/services\/oppositions-contentieux\/\">Oppositions &amp; Litigation<\/a><span><i class=\"fa-sharp fa-light fa-arrow-right\"><\/i><\/span><\/li><li><a href=\"https:\/\/www.chinabrandoffice.com\/en\/services\/traductions-certifiees-legalisees\/\">Certified \/ Legalized Translations<\/a><span><i class=\"fa-sharp fa-light fa-arrow-right\"><\/i><\/span><\/li><li><a href=\"https:\/\/www.chinabrandoffice.com\/en\/services\/conseil-en-propriete-intellectuelle\/\">Intellectual Property Consulting<\/a><span><i class=\"fa-sharp fa-light fa-arrow-right\"><\/i><\/span><\/li><\/ul><\/div>\t\t\t\t<\/div>\n\t\t\t\t<\/div>\n\t\t\t\t<div class=\"elementor-element elementor-element-5702e738 elementor-widget elementor-widget-ensafcontactinfo\" data-id=\"5702e738\" data-element_type=\"widget\" data-e-type=\"widget\" data-widget_type=\"ensafcontactinfo.default\">\n\t\t\t\t<div class=\"elementor-widget-container\">\n\t\t\t\t\t<div class=\"widget widget_call\"><div class=\"widget-call\"><h4 class=\"box-title\">Need help?<\/h4><p class=\"box_text\">Contact us 24\/7 \u2013 we respond quickly:<\/p><div class=\"widget_call\"><div class=\"info-box\"><div class=\"info-box_icon\"><i class=\"fas fa-phone\"><\/i><\/div><div><span class=\"info-box_subtitle\">By phone<\/span><p class=\"info-box_text\"><a href=\"tel:+33633154007\" class=\"info-box_link\">+33 6 33 15 40 07<\/a>\n<\/p><\/div><\/div><div class=\"info-box\"><div class=\"info-box_icon\"><i class=\"fas fa-envelope\"><\/i><\/div><div><span class=\"info-box_subtitle\">By email<\/span><p class=\"info-box_text\"><a href=\"mailto:contact@chinabrandoffice.com\" class=\"info-box_link\">contact@chinabrandoffice.com<\/a><\/p><\/div><\/div><div class=\"info-box\"><div class=\"info-box_icon\"><i class=\"fa-solid fa-location-dot\"><\/i><\/div><div><span class=\"info-box_subtitle\">Office in China<\/span><p class=\"info-box_text\">No. 699 Jiaozhou Road, Jingan District, 200040 Shanghai, China<\/p><\/div><\/div><\/div><\/div><\/div>\t\t\t\t<\/div>\n\t\t\t\t<\/div>\n\t\t\t\t<div class=\"elementor-element elementor-element-2b4cc14c elementor-widget__width-initial elementor-widget elementor-widget-ensafcontactinfo\" data-id=\"2b4cc14c\" data-element_type=\"widget\" data-e-type=\"widget\" data-widget_type=\"ensafcontactinfo.default\">\n\t\t\t\t<div class=\"elementor-widget-container\">\n\t\t\t\t\t<div class=\"contact-icon-wrap\"><div class=\"info-box\"><div class=\"info-box_icon\"><img decoding=\"async\" src=\"https:\/\/mediumturquoise-squid-939497.hostingersite.com\/wp-content\/uploads\/2025\/05\/CBO-sans-fond-or.png\" alt=\"CBO sans fond or\"  \/><\/div><div class=\"info-contnt\"><h4 class=\"footer-info-title\">CHINA BRAND OFFICE<\/h4><p class=\"info-box_text\"><div style=\"writing-mode: vertical-rl;font-family: 'Playfair Display', serif;font-size: 25px;font-weight: 600;color: #0000FF;text-align: center;line-height: 1.9;letter-spacing: 1.9px;margin-top: 170px\">\n  IN CHINA MORE THAN ANYWHERE ELSE, NOT REACTING IN TIME<br>\nIS TO LEAVE THE RIGHTS TO THE OTHER. <\/div>\n<\/p><\/div><\/div><\/div>\t\t\t\t<\/div>\n\t\t\t\t<\/div>\n\t\t\t\t<\/div>\n\t\t\t\t\t<\/div>\n\t\t\t\t<\/div>\n\t\t<div class=\"elementor-element elementor-element-3410ea6f e-flex e-con-boxed e-con e-parent\" data-id=\"3410ea6f\" data-element_type=\"container\" data-e-type=\"container\">\n\t\t\t\t\t<div class=\"e-con-inner\">\n\t\t\t\t<div class=\"elementor-element elementor-element-43ea04f0 elementor-widget elementor-widget-text-editor\" data-id=\"43ea04f0\" data-element_type=\"widget\" data-e-type=\"widget\" data-widget_type=\"text-editor.default\">\n\t\t\t\t<div class=\"elementor-widget-container\">\n\t\t\t\t\t\t\t\t\t<h2>Cancellation \/ Invalidation: challenging an already registered trademark<\/h2><p data-start=\"1649\" data-end=\"1890\">If you discover an already registered trademark that infringes your rights, you can initiate an invalidation request with CNIPA, or a cancellation action for non-use if it has not been exploited for 3 years.<\/p><p data-start=\"1892\" data-end=\"1906\"><strong>Deadline:<\/strong><\/p><ul data-start=\"1907\" data-end=\"2067\"><li data-start=\"1907\" data-end=\"1969\"><p data-start=\"1909\" data-end=\"1969\">No strict deadline to invalidate, except in particular cases<\/p><\/li><li data-start=\"1970\" data-end=\"2067\"><p data-start=\"1972\" data-end=\"2067\">For cancellation for non-use: possible from the 3rd year following registration.<\/p><\/li><\/ul><p data-start=\"2069\" data-end=\"2097\"><strong>Documents to provide:<\/strong><\/p><ul data-start=\"2098\" data-end=\"2268\"><li data-start=\"2098\" data-end=\"2172\"><p data-start=\"2100\" data-end=\"2172\">Evidence of your priority: filing, public use in China, reputation.<\/p><\/li><li data-start=\"2173\" data-end=\"2212\"><p data-start=\"2175\" data-end=\"2212\">Certified translations (if applicable).<\/p><\/li><li data-start=\"2213\" data-end=\"2268\"><p data-start=\"2215\" data-end=\"2268\">Possibly: evidence of bad faith of the applicant.<\/p><\/li><\/ul><p data-start=\"2270\" data-end=\"2300\"><strong>Procedure duration:<\/strong><\/p><ul data-start=\"2301\" data-end=\"2349\"><li data-start=\"2301\" data-end=\"2349\"><p data-start=\"2303\" data-end=\"2349\">On average 12 to 18 months for a decision.<\/p><\/li><\/ul>\t\t\t\t\t\t\t\t<\/div>\n\t\t\t\t<\/div>\n\t\t\t\t\t<\/div>\n\t\t\t\t<\/div>\n\t\t<div class=\"elementor-element elementor-element-330dba01 e-flex e-con-boxed e-con e-parent\" data-id=\"330dba01\" data-element_type=\"container\" data-e-type=\"container\" data-settings=\"{&quot;background_background&quot;:&quot;classic&quot;}\">\n\t\t\t\t\t<div class=\"e-con-inner\">\n\t\t\t\t<div class=\"elementor-element elementor-element-5387d1d3 elementor-widget elementor-widget-heading\" data-id=\"5387d1d3\" data-element_type=\"widget\" data-e-type=\"widget\" data-widget_type=\"heading.default\">\n\t\t\t\t<div class=\"elementor-widget-container\">\n\t\t\t\t\t<h2 class=\"elementor-heading-title elementor-size-default\">CBO is the trusted legal partner chosen by hundreds of professionals across Europe.<\/h2>\t\t\t\t<\/div>\n\t\t\t\t<\/div>\n\t\t\t\t<div class=\"elementor-element elementor-element-36ebca0e elementor-widget elementor-widget-ensafclientlogos\" data-id=\"36ebca0e\" data-element_type=\"widget\" data-e-type=\"widget\" data-widget_type=\"ensafclientlogos.default\">\n\t\t\t\t<div class=\"elementor-widget-container\">\n\t\t\t\t\t<div class=\"swiper th-slider\" id=\"brand-slider-1\" data-slider-options='{\"breakpoints\":{\"0\":{\"slidesPerView\":2},\"576\":{\"slidesPerView\":\"2\"},\"768\":{\"slidesPerView\":\"3\"},\"992\":{\"slidesPerView\":\"4\"},\"1200\":{\"slidesPerView\":\"5\"},\"1400\":{\"slidesPerView\":\"6\"}}}'><div class=\"swiper-wrapper\"><div class=\"swiper-slide\"><div class=\"brand-box\"><a href=\"https:\/\/www.chinabrandoffice.com\/en\/about\/\"><img decoding=\"async\" src=\"https:\/\/chinabrandoffice.com\/wp-content\/uploads\/2024\/12\/brand_2_4-1.svg\" alt=\"brand_2_4 1\"  \/><\/a><\/div><\/div><div class=\"swiper-slide\"><div class=\"brand-box\"><a href=\"https:\/\/www.chinabrandoffice.com\/en\/about\/\"><img decoding=\"async\" src=\"https:\/\/chinabrandoffice.com\/wp-content\/uploads\/2024\/12\/brand_2_5-1.svg\" alt=\"brand_2_5 1\"  \/><\/a><\/div><\/div><div class=\"swiper-slide\"><div class=\"brand-box\"><a href=\"https:\/\/www.chinabrandoffice.com\/en\/about\/\"><img decoding=\"async\" src=\"https:\/\/chinabrandoffice.com\/wp-content\/uploads\/2024\/12\/brand_2_6-1.svg\" alt=\"brand_2_6 1\"  \/><\/a><\/div><\/div><div class=\"swiper-slide\"><div class=\"brand-box\"><a href=\"https:\/\/www.chinabrandoffice.com\/en\/about\/\"><img decoding=\"async\" src=\"https:\/\/chinabrandoffice.com\/wp-content\/uploads\/2024\/12\/brand_2_1-1.svg\" alt=\"brand_2_1 1\"  \/><\/a><\/div><\/div><div class=\"swiper-slide\"><div class=\"brand-box\"><a href=\"https:\/\/www.chinabrandoffice.com\/en\/about\/\"><img decoding=\"async\" src=\"https:\/\/chinabrandoffice.com\/wp-content\/uploads\/2024\/12\/brand_2_2-1.svg\" alt=\"brand_2_2 1\"  \/><\/a><\/div><\/div><div class=\"swiper-slide\"><div class=\"brand-box\"><a href=\"https:\/\/www.chinabrandoffice.com\/en\/about\/\"><img decoding=\"async\" src=\"https:\/\/chinabrandoffice.com\/wp-content\/uploads\/2024\/12\/brand_2_3-1.svg\" alt=\"brand_2_3 1\"  \/><\/a><\/div><\/div><div class=\"swiper-slide\"><div class=\"brand-box\"><a href=\"https:\/\/www.chinabrandoffice.com\/en\/about\/\"><img decoding=\"async\" src=\"https:\/\/chinabrandoffice.com\/wp-content\/uploads\/2024\/12\/brand_2_4-1.svg\" alt=\"brand_2_4 1\"  \/><\/a><\/div><\/div><div class=\"swiper-slide\"><div class=\"brand-box\"><a href=\"https:\/\/www.chinabrandoffice.com\/en\/about\/\"><img decoding=\"async\" src=\"https:\/\/chinabrandoffice.com\/wp-content\/uploads\/2024\/12\/brand_2_5-1.svg\" alt=\"brand_2_5 1\"  \/><\/a><\/div><\/div><div class=\"swiper-slide\"><div class=\"brand-box\"><a href=\"https:\/\/www.chinabrandoffice.com\/en\/about\/\"><img decoding=\"async\" src=\"https:\/\/chinabrandoffice.com\/wp-content\/uploads\/2024\/12\/brand_2_6-1.svg\" alt=\"brand_2_6 1\"  \/><\/a><\/div><\/div><div class=\"swiper-slide\"><div class=\"brand-box\"><a href=\"https:\/\/www.chinabrandoffice.com\/en\/about\/\"><img decoding=\"async\" src=\"https:\/\/chinabrandoffice.com\/wp-content\/uploads\/2024\/12\/brand_2_1-1.svg\" alt=\"brand_2_1 1\"  \/><\/a><\/div><\/div><div class=\"swiper-slide\"><div class=\"brand-box\"><a href=\"https:\/\/www.chinabrandoffice.com\/en\/about\/\"><img decoding=\"async\" src=\"https:\/\/chinabrandoffice.com\/wp-content\/uploads\/2024\/12\/brand_2_2-1.svg\" alt=\"brand_2_2 1\"  \/><\/a><\/div><\/div><div class=\"swiper-slide\"><div class=\"brand-box\"><a href=\"https:\/\/www.chinabrandoffice.com\/en\/about\/\"><img decoding=\"async\" src=\"https:\/\/chinabrandoffice.com\/wp-content\/uploads\/2024\/12\/brand_2_3-1.svg\" alt=\"brand_2_3 1\"  \/><\/a><\/div><\/div><\/div><\/div>\t\t\t\t<\/div>\n\t\t\t\t<\/div>\n\t\t\t\t\t<\/div>\n\t\t\t\t<\/div>\n\t\t<div class=\"elementor-element elementor-element-48e3b56b e-flex e-con-boxed e-con e-parent\" data-id=\"48e3b56b\" data-element_type=\"container\" data-e-type=\"container\">\n\t\t\t\t\t<div class=\"e-con-inner\">\n\t\t\t\t\t<\/div>\n\t\t\t\t<\/div>\n\t\t\t\t<\/div>","protected":false},"excerpt":{"rendered":"<p>Oppositions &amp; Contentieux G\u00e9rer un contentieux ou une opposition : ne pas subir, agir vite \u00a0 \u00a0En Chine, le syst\u00e8me de marques repose sur le principe du premier d\u00e9p\u00f4t. Cela entra\u00eene des conflits fr\u00e9quents, parfois malveillants. D\u00e8s qu\u2019un tiers d\u00e9pose une marque similaire ou identique \u00e0 la v\u00f4tre, ou vous bloque volontairement, vous avez un&#8230;<\/p>","protected":false},"author":1,"featured_media":0,"parent":53,"menu_order":0,"comment_status":"closed","ping_status":"closed","template":"","meta":{"footnotes":""},"class_list":["post-4242","page","type-page","status-publish","hentry"],"_links":{"self":[{"href":"https:\/\/www.chinabrandoffice.com\/en\/wp-json\/wp\/v2\/pages\/4242","targetHints":{"allow":["GET"]}}],"collection":[{"href":"https:\/\/www.chinabrandoffice.com\/en\/wp-json\/wp\/v2\/pages"}],"about":[{"href":"https:\/\/www.chinabrandoffice.com\/en\/wp-json\/wp\/v2\/types\/page"}],"author":[{"embeddable":true,"href":"https:\/\/www.chinabrandoffice.com\/en\/wp-json\/wp\/v2\/users\/1"}],"replies":[{"embeddable":true,"href":"https:\/\/www.chinabrandoffice.com\/en\/wp-json\/wp\/v2\/comments?post=4242"}],"version-history":[{"count":17,"href":"https:\/\/www.chinabrandoffice.com\/en\/wp-json\/wp\/v2\/pages\/4242\/revisions"}],"predecessor-version":[{"id":4753,"href":"https:\/\/www.chinabrandoffice.com\/en\/wp-json\/wp\/v2\/pages\/4242\/revisions\/4753"}],"up":[{"embeddable":true,"href":"https:\/\/www.chinabrandoffice.com\/en\/wp-json\/wp\/v2\/pages\/53"}],"wp:attachment":[{"href":"https:\/\/www.chinabrandoffice.com\/en\/wp-json\/wp\/v2\/media?parent=4242"}],"curies":[{"name":"wp","href":"https:\/\/api.w.org\/{rel}","templated":true}]}}