{"id":50,"date":"2024-12-17T05:23:10","date_gmt":"2024-12-17T05:23:10","guid":{"rendered":"https:\/\/wordpress.themeholy.com\/ensaf\/?page_id=50"},"modified":"2025-06-23T09:20:15","modified_gmt":"2025-06-23T09:20:15","slug":"contact-devis","status":"publish","type":"page","link":"https:\/\/www.chinabrandoffice.com\/en\/contact-devis\/","title":{"rendered":"Contact \/ Quote"},"content":{"rendered":"<div data-elementor-type=\"wp-page\" data-elementor-id=\"50\" class=\"elementor elementor-50\">\n\t\t\t\t<div class=\"elementor-element elementor-element-ed21fb2 e-flex e-con-boxed e-con e-parent\" data-id=\"ed21fb2\" data-element_type=\"container\" data-e-type=\"container\">\n\t\t\t\t\t<div class=\"e-con-inner\">\n\t\t\r\n\t\t<div class=\"elementor-element elementor-element-383f653 elementor-widget elementor-widget-ensafcontactform\" data-id=\"383f653\" data-element_type=\"widget\" data-e-type=\"widget\" data-widget_type=\"ensafcontactform.default\">\n\t\t\t\t<div class=\"elementor-widget-container\">\n\t\t\t\t\t<div class=\"contact-form style-4 ajax-contact\"><h3 class=\"form-title text-start title\">Get in touch with us quickly:<\/h3>\n<div class=\"wpcf7 no-js\" id=\"wpcf7-f4540-o1\" lang=\"fr-FR\" dir=\"ltr\" data-wpcf7-id=\"4540\">\n<div class=\"screen-reader-response\"><p role=\"status\" aria-live=\"polite\" aria-atomic=\"true\"><\/p> <ul><\/ul><\/div>\n<form action=\"\/en\/wp-json\/wp\/v2\/pages\/50#wpcf7-f4540-o1\" method=\"post\" class=\"wpcf7-form init\" aria-label=\"Formulaire de contact\" novalidate=\"novalidate\" data-status=\"init\" data-trp-original-action=\"\/en\/wp-json\/wp\/v2\/pages\/50#wpcf7-f4540-o1\">\n<fieldset class=\"hidden-fields-container\"><input type=\"hidden\" name=\"_wpcf7\" value=\"4540\" \/><input type=\"hidden\" name=\"_wpcf7_version\" value=\"6.1.5\" \/><input type=\"hidden\" name=\"_wpcf7_locale\" value=\"fr_FR\" \/><input type=\"hidden\" name=\"_wpcf7_unit_tag\" value=\"wpcf7-f4540-o1\" \/><input type=\"hidden\" name=\"_wpcf7_container_post\" value=\"0\" \/><input type=\"hidden\" name=\"_wpcf7_posted_data_hash\" value=\"\" \/>\n<\/fieldset>\n<div class=\"row\">\n  <div class=\"form-group col-md-6\">\n    <label for=\"your-name\"><i class=\"fas fa-user\"><\/i> Your full name *<\/label>\n    <span class=\"wpcf7-form-control-wrap\" data-name=\"your-name\"><input size=\"40\" maxlength=\"400\" class=\"wpcf7-form-control wpcf7-text wpcf7-validates-as-required form-control\" aria-required=\"true\" aria-invalid=\"false\" placeholder=\"John Smith\" value=\"\" type=\"text\" name=\"your-name\" \/><\/span>\n  <\/div>\n\n  <div class=\"form-group col-md-6\">\n    <label for=\"your-company\"><i class=\"fas fa-building\"><\/i> Company name<\/label>\n    <span class=\"wpcf7-form-control-wrap\" data-name=\"your-company\"><input size=\"40\" maxlength=\"400\" class=\"wpcf7-form-control wpcf7-text form-control\" aria-invalid=\"false\" placeholder=\"London Reserve\" value=\"\" type=\"text\" name=\"your-company\" \/><\/span>\n  <\/div>\n\n  <div class=\"form-group col-md-6\">\n    <label for=\"your-email\"><i class=\"fas fa-envelope\"><\/i> Your email address *<\/label>\n    <span class=\"wpcf7-form-control-wrap\" data-name=\"your-email\"><input size=\"40\" maxlength=\"400\" class=\"wpcf7-form-control wpcf7-email wpcf7-validates-as-required wpcf7-text wpcf7-validates-as-email form-control\" aria-required=\"true\" aria-invalid=\"false\" placeholder=\"example@domain.com\" value=\"\" type=\"email\" name=\"your-email\" \/><\/span>\n  <\/div>\n\n  <div class=\"form-group col-md-6\">\n    <label for=\"your-phone\"><i class=\"fas fa-phone\"><\/i> Phone number<\/label>\n    <span class=\"wpcf7-form-control-wrap\" data-name=\"your-phone\"><input size=\"40\" maxlength=\"400\" class=\"wpcf7-form-control wpcf7-tel wpcf7-text wpcf7-validates-as-tel form-control\" aria-invalid=\"false\" placeholder=\"+33 6 12 34 56 78\" value=\"\" type=\"tel\" name=\"your-phone\" \/><\/span>\n  <\/div>\n\n  <div class=\"form-group col-md-12\">\n    <label for=\"your-message\"><i class=\"fas fa-pencil-alt\"><\/i> Your message *<\/label>\n    <span class=\"wpcf7-form-control-wrap\" data-name=\"your-message\"><textarea cols=\"40\" rows=\"10\" maxlength=\"2000\" class=\"wpcf7-form-control wpcf7-textarea wpcf7-validates-as-required form-control\" aria-required=\"true\" aria-invalid=\"false\" placeholder=\"Describe your project, needs or request.\" name=\"your-message\"><\/textarea><\/span>\n  <\/div>\n\n  <div class=\"form-btn col-md-12 mt-3\">\n    <button class=\"th-btn bg-theme w-100\">\n      Send my request to China Brand Office <i class=\"fa-regular fa-arrow-right-long\"><\/i>\n    <\/button>\n  <\/div>\n<\/div>\n\n<p class=\"form-messages mt-2 mb-0\">Nous reviendrons vers vous sous 48h ouvr\u00e9es.<\/p><div class=\"wpcf7-response-output\" aria-hidden=\"true\"><\/div>\n<input type=\"hidden\" name=\"trp-form-language\" value=\"en\"\/><\/form>\n<\/div>\n<\/div>\t\t\t\t<\/div>\n\t\t\t\t<\/div>\n\t\t\t\t<div class=\"elementor-element elementor-element-2c3fb8f elementor-widget elementor-widget-html\" data-id=\"2c3fb8f\" data-element_type=\"widget\" data-e-type=\"widget\" data-widget_type=\"html.default\">\n\t\t\t\t<div class=\"elementor-widget-container\">\n\t\t\t\t\t<div id=\"confirmation-message\" style=\"display:none; margin-top:15px; color:#3c763d;\">\n  Merci, votre message a bien \u00e9t\u00e9 envoy\u00e9. Nous revenons vers vous sous 48h.\n<\/div>\n\t\t\t\t<\/div>\n\t\t\t\t<\/div>\n\t\t\t\t<div class=\"elementor-element elementor-element-398cf06 elementor-widget elementor-widget-ensafcontactinfo\" data-id=\"398cf06\" data-element_type=\"widget\" data-e-type=\"widget\" data-widget_type=\"ensafcontactinfo.default\">\n\t\t\t\t<div class=\"elementor-widget-container\">\n\t\t\t\t\t<div class=\"contact-icon-wrap\"><div class=\"info-box\"><div class=\"info-box_icon\"><img decoding=\"async\" src=\"https:\/\/chinabrandoffice.com\/wp-content\/uploads\/2024\/12\/contact-icon-1.svg\" alt=\"contact icon 1\"  \/><\/div><div class=\"info-contnt\"><h4 class=\"footer-info-title\">Location<\/h4><p class=\"info-box_text\">No. 699 Jiaozhou Road, Jingan District, 200040 Shanghai, China<\/p><\/div><\/div><div class=\"info-box\"><div class=\"info-box_icon\"><img decoding=\"async\" src=\"https:\/\/chinabrandoffice.com\/wp-content\/uploads\/2024\/12\/contact-icon-2.svg\" alt=\"contact icon 2\"  \/><\/div><div class=\"info-contnt\"><h4 class=\"footer-info-title\">Phone<\/h4><p class=\"info-box_text\"><a href=\"tel:+33633154007\" class=\"info-box_link\">+86 182 2107 2474<\/a><br>\n<a href=\"tel:+33633154007\" class=\"info-box_link\">+33 633 15 40 07<\/a><\/p><\/div><\/div><div class=\"info-box\"><div class=\"info-box_icon\"><img decoding=\"async\" src=\"https:\/\/chinabrandoffice.com\/wp-content\/uploads\/2024\/12\/contact-icon-3.svg\" alt=\"contact icon 3\"  \/><\/div><div class=\"info-contnt\"><h4 class=\"footer-info-title\">Email<\/h4><p class=\"info-box_text\"><a href=\"mailto:info@kleanix.com\" class=\"info-box_link\">contact@mediumturquoise-squid-939497.hostingersite.com<\/a>\n<a href=\"mailto:contact@mediumturquoise-squid-939497.hostingersite.com\" class=\"info-box_link\">contact@mediumturquoise-squid-939497.hostingersite.com<\/a><\/p><\/div><\/div><div class=\"info-box\"><div class=\"info-box_icon\"><img decoding=\"async\" src=\"https:\/\/chinabrandoffice.com\/wp-content\/uploads\/2024\/12\/contact-icon-4.svg\" alt=\"contact icon 4\"  \/><\/div><div class=\"info-contnt\"><h4 class=\"footer-info-title\">Any questions?<\/h4><p class=\"info-box_text\">Check out our FAQ, explore our services, or contact us using the form above in just a few clicks.<\/p><\/div><\/div><\/div>\t\t\t\t<\/div>\n\t\t\t\t<\/div>\n\t\t\t\t\t<\/div>\n\t\t\t\t<\/div>\n\t\t<div class=\"elementor-element elementor-element-536ac76 e-flex e-con-boxed e-con e-parent\" data-id=\"536ac76\" data-element_type=\"container\" data-e-type=\"container\">\n\t\t\t\t\t<div class=\"e-con-inner\">\n\t\t<div class=\"elementor-element elementor-element-086ac7b e-con-full e-flex e-con e-child\" data-id=\"086ac7b\" data-element_type=\"container\" data-e-type=\"container\">\n\t\t\t\t<div class=\"elementor-element elementor-element-92b16df elementor-widget elementor-widget-text-editor\" data-id=\"92b16df\" data-element_type=\"widget\" data-e-type=\"widget\" data-widget_type=\"text-editor.default\">\n\t\t\t\t<div class=\"elementor-widget-container\">\n\t\t\t\t\t\t\t\t\t<p data-start=\"77\" data-end=\"160\" class=\"translation-block\"><strong data-start=\"77\" data-end=\"100\">Need a quote?<\/strong><br data-start=\"100\" data-end=\"103\">It\u2019s free and non-binding. 1-minute form.<\/p><p data-start=\"162\" data-end=\"245\" class=\"translation-block\"><strong data-start=\"162\" data-end=\"201\">How long does it take to get a reply?<\/strong><br data-start=\"201\" data-end=\"204\">Less than 24h. Often within a few hours.<\/p><p data-start=\"247\" data-end=\"345\" class=\"translation-block\"><strong data-start=\"247\" data-end=\"278\">How long does it take?<\/strong><br data-start=\"278\" data-end=\"281\">CNIPA filing within 3 to 5 business days. Certificate issued within 7 to 9 months.<\/p><p data-start=\"347\" data-end=\"440\" class=\"translation-block\"><strong data-start=\"347\" data-end=\"390\">Can I register multiple trademarks?<\/strong><br data-start=\"390\" data-end=\"393\">Yes. Just let us know and we'll give you a group rate.<\/p><p data-start=\"347\" data-end=\"440\" class=\"translation-block\"><strong data-start=\"777\" data-end=\"827\">How much does it cost and what\u2019s included?<\/strong><br data-start=\"827\" data-end=\"830\">Starting from \u20ac390, including search, filing, government fees, and follow-up until certificate.<\/p><p data-start=\"442\" data-end=\"521\" class=\"translation-block\"><strong data-start=\"442\" data-end=\"473\">Are there any hidden fees?<\/strong><br data-start=\"473\" data-end=\"476\">No. Everything is clear and disclosed from the start.<\/p><p data-start=\"523\" data-end=\"632\" class=\"translation-block\"><strong data-start=\"523\" data-end=\"580\">How are you different from a traditional firm?<\/strong><br data-start=\"580\" data-end=\"583\">We\u2019re locally present, more affordable than traditional firms, more responsive, and connected to the right resources in China (Chinese partner).<\/p><p data-start=\"634\" data-end=\"800\" class=\"translation-block\"><strong data-start=\"634\" data-end=\"692\">What are the steps to register a trademark in China?<\/strong><br data-start=\"692\" data-end=\"695\">Search, classes, translations, filing \u2192 submission \u2192 publication \u2192 opposition \u2192 certificate within 7 to 9 months.<\/p>\t\t\t\t\t\t\t\t<\/div>\n\t\t\t\t<\/div>\n\t\t\t\t<\/div>\n\t\t<div class=\"elementor-element elementor-element-7125a65 e-con-full e-flex e-con e-child\" data-id=\"7125a65\" data-element_type=\"container\" data-e-type=\"container\">\n\t\t\t\t<div class=\"elementor-element elementor-element-ef93880 elementor-widget elementor-widget-image\" data-id=\"ef93880\" data-element_type=\"widget\" data-e-type=\"widget\" data-widget_type=\"image.default\">\n\t\t\t\t<div class=\"elementor-widget-container\">\n\t\t\t\t\t\t\t\t\t\t\t\t\t\t\t<img fetchpriority=\"high\" decoding=\"async\" width=\"536\" height=\"477\" src=\"https:\/\/www.chinabrandoffice.com\/wp-content\/uploads\/2024\/12\/contact-right.png\" class=\"attachment-full size-full wp-image-1171\" alt=\"\" srcset=\"https:\/\/www.chinabrandoffice.com\/wp-content\/uploads\/2024\/12\/contact-right.png.webp 536w, https:\/\/www.chinabrandoffice.com\/wp-content\/uploads\/2024\/12\/contact-right-300x267.png.webp 300w\" sizes=\"(max-width: 536px) 100vw, 536px\" \/>\t\t\t\t\t\t\t\t\t\t\t\t\t\t\t<\/div>\n\t\t\t\t<\/div>\n\t\t\t\t<div class=\"elementor-element elementor-element-22cc2a4 elementor-widget elementor-widget-image\" data-id=\"22cc2a4\" data-element_type=\"widget\" data-e-type=\"widget\" data-widget_type=\"image.default\">\n\t\t\t\t<div class=\"elementor-widget-container\">\n\t\t\t\t\t\t\t\t\t\t\t\t\t\t\t<img decoding=\"async\" width=\"260\" height=\"260\" src=\"https:\/\/www.chinabrandoffice.com\/wp-content\/uploads\/2025\/05\/china_brand_office_logo_white_retina.png\" class=\"attachment-full size-full wp-image-4277\" alt=\"\" srcset=\"https:\/\/www.chinabrandoffice.com\/wp-content\/uploads\/2025\/05\/china_brand_office_logo_white_retina.png.webp 260w, https:\/\/www.chinabrandoffice.com\/wp-content\/uploads\/2025\/05\/china_brand_office_logo_white_retina-150x150.png.webp 150w, https:\/\/www.chinabrandoffice.com\/wp-content\/uploads\/2025\/05\/china_brand_office_logo_white_retina-80x80.png.webp 80w, https:\/\/www.chinabrandoffice.com\/wp-content\/uploads\/2025\/05\/china_brand_office_logo_white_retina-85x85.png.webp 85w, https:\/\/www.chinabrandoffice.com\/wp-content\/uploads\/2025\/05\/china_brand_office_logo_white_retina-100x100.png.webp 100w\" sizes=\"(max-width: 260px) 100vw, 260px\" \/>\t\t\t\t\t\t\t\t\t\t\t\t\t\t\t<\/div>\n\t\t\t\t<\/div>\n\t\t\t\t<\/div>\n\t\t\t\t\t<\/div>\n\t\t\t\t<\/div>\n\t\t<div class=\"elementor-element elementor-element-141e90b e-flex e-con-boxed e-con e-parent\" data-id=\"141e90b\" data-element_type=\"container\" data-e-type=\"container\">\n\t\t\t\t\t<div class=\"e-con-inner\">\n\t\t<div class=\"elementor-element elementor-element-4dac3da e-con-full e-flex e-con e-child\" data-id=\"4dac3da\" data-element_type=\"container\" data-e-type=\"container\">\n\t\t\t\t<div class=\"elementor-element elementor-element-ca318b3 contact-map elementor-widget elementor-widget-google_maps\" data-id=\"ca318b3\" data-element_type=\"widget\" data-e-type=\"widget\" data-widget_type=\"google_maps.default\">\n\t\t\t\t<div class=\"elementor-widget-container\">\n\t\t\t\t\t\t\t<div class=\"elementor-custom-embed\">\n\t\t\t<iframe loading=\"lazy\"\n\t\t\t\t\tsrc=\"https:\/\/maps.google.com\/maps?q=Shanghai%20Jiaozhou%20Road&#038;t=m&#038;z=9&#038;output=embed&#038;iwloc=near\"\n\t\t\t\t\ttitle=\"Shanghai Jiaozhou Road\"\n\t\t\t\t\taria-label=\"Shanghai Jiaozhou Road\"\n\t\t\t><\/iframe>\n\t\t<\/div>\n\t\t\t\t\t\t<\/div>\n\t\t\t\t<\/div>\n\t\t\t\t<\/div>\n\t\t\t\t\t<\/div>\n\t\t\t\t<\/div>\n\t\t\t\t<\/div>","protected":false},"excerpt":{"rendered":"<p>Prenez contact rapidement avec nous: Votre nom complet * Nom de votre entreprise Votre adresse e-mail * Num\u00e9ro de t\u00e9l\u00e9phone Votre message * Envoyer ma demande \u00e0 China Brand Office Nous reviendrons vers vous sous 48h ouvr\u00e9es. Merci, votre message a bien \u00e9t\u00e9 envoy\u00e9. Nous revenons vers vous sous 48h. Lieu 699 Jiaozhou Road, Jingan&#8230;<\/p>","protected":false},"author":1,"featured_media":0,"parent":0,"menu_order":0,"comment_status":"closed","ping_status":"closed","template":"","meta":{"footnotes":""},"class_list":["post-50","page","type-page","status-publish","hentry"],"_links":{"self":[{"href":"https:\/\/www.chinabrandoffice.com\/en\/wp-json\/wp\/v2\/pages\/50","targetHints":{"allow":["GET"]}}],"collection":[{"href":"https:\/\/www.chinabrandoffice.com\/en\/wp-json\/wp\/v2\/pages"}],"about":[{"href":"https:\/\/www.chinabrandoffice.com\/en\/wp-json\/wp\/v2\/types\/page"}],"author":[{"embeddable":true,"href":"https:\/\/www.chinabrandoffice.com\/en\/wp-json\/wp\/v2\/users\/1"}],"replies":[{"embeddable":true,"href":"https:\/\/www.chinabrandoffice.com\/en\/wp-json\/wp\/v2\/comments?post=50"}],"version-history":[{"count":33,"href":"https:\/\/www.chinabrandoffice.com\/en\/wp-json\/wp\/v2\/pages\/50\/revisions"}],"predecessor-version":[{"id":4698,"href":"https:\/\/www.chinabrandoffice.com\/en\/wp-json\/wp\/v2\/pages\/50\/revisions\/4698"}],"wp:attachment":[{"href":"https:\/\/www.chinabrandoffice.com\/en\/wp-json\/wp\/v2\/media?parent=50"}],"curies":[{"name":"wp","href":"https:\/\/api.w.org\/{rel}","templated":true}]}}