{"id":4230,"date":"2025-05-22T07:01:16","date_gmt":"2025-05-22T07:01:16","guid":{"rendered":"https:\/\/mediumturquoise-squid-939497.hostingersite.com\/?page_id=4230"},"modified":"2025-07-03T06:24:17","modified_gmt":"2025-07-03T06:24:17","slug":"surveillance-veille-juridique","status":"publish","type":"page","link":"https:\/\/www.chinabrandoffice.com\/es\/services\/surveillance-veille-juridique\/","title":{"rendered":"Supervisi\u00f3n y Vigilancia Jur\u00eddica"},"content":{"rendered":"<div data-elementor-type=\"wp-page\" data-elementor-id=\"4230\" class=\"elementor elementor-4230\">\n\t\t\t\t<div class=\"elementor-element elementor-element-5a81972 e-flex e-con-boxed e-con e-parent\" data-id=\"5a81972\" data-element_type=\"container\" data-e-type=\"container\">\n\t\t\t\t\t<div class=\"e-con-inner\">\n\t\t<div class=\"elementor-element elementor-element-131fae2d e-con-full e-flex e-con e-child\" data-id=\"131fae2d\" data-element_type=\"container\" data-e-type=\"container\">\n\t\t\r\n\t\t<div class=\"elementor-element elementor-element-23ea7825 elementor-widget elementor-widget-text-editor\" data-id=\"23ea7825\" data-element_type=\"widget\" data-e-type=\"widget\" data-widget_type=\"text-editor.default\">\n\t\t\t\t<div class=\"elementor-widget-container\">\n\t\t\t\t\t\t\t\t\t<h1>Supervisi\u00f3n y Vigilancia Jur\u00eddica<\/h1>\t\t\t\t\t\t\t\t<\/div>\n\t\t\t\t<\/div>\n\t\t\t\t<div class=\"elementor-element elementor-element-1836a764 elementor-widget__width-initial elementor-widget elementor-widget-image\" data-id=\"1836a764\" data-element_type=\"widget\" data-e-type=\"widget\" data-widget_type=\"image.default\">\n\t\t\t\t<div class=\"elementor-widget-container\">\n\t\t\t\t\t\t\t\t\t\t\t\t\t\t\t<img fetchpriority=\"high\" decoding=\"async\" width=\"580\" height=\"580\" src=\"https:\/\/www.chinabrandoffice.com\/wp-content\/uploads\/2025\/05\/CHA-SHI-VEILLE-JURIDIQUE-CHINE-580x580.png\" class=\"attachment-ensaf-shop-single size-ensaf-shop-single wp-image-4484\" alt=\"JURIDICAL CHECK CHINA\" srcset=\"https:\/\/www.chinabrandoffice.com\/wp-content\/uploads\/2025\/05\/CHA-SHI-VEILLE-JURIDIQUE-CHINE-580x580.png 580w, https:\/\/www.chinabrandoffice.com\/wp-content\/uploads\/2025\/05\/CHA-SHI-VEILLE-JURIDIQUE-CHINE-300x300.png 300w, https:\/\/www.chinabrandoffice.com\/wp-content\/uploads\/2025\/05\/CHA-SHI-VEILLE-JURIDIQUE-CHINE-150x150.png 150w, https:\/\/www.chinabrandoffice.com\/wp-content\/uploads\/2025\/05\/CHA-SHI-VEILLE-JURIDIQUE-CHINE-768x768.png 768w, https:\/\/www.chinabrandoffice.com\/wp-content\/uploads\/2025\/05\/CHA-SHI-VEILLE-JURIDIQUE-CHINE-80x80.png 80w, https:\/\/www.chinabrandoffice.com\/wp-content\/uploads\/2025\/05\/CHA-SHI-VEILLE-JURIDIQUE-CHINE-400x400.png 400w, https:\/\/www.chinabrandoffice.com\/wp-content\/uploads\/2025\/05\/CHA-SHI-VEILLE-JURIDIQUE-CHINE-85x85.png 85w, https:\/\/www.chinabrandoffice.com\/wp-content\/uploads\/2025\/05\/CHA-SHI-VEILLE-JURIDIQUE-CHINE-600x600.png 600w, https:\/\/www.chinabrandoffice.com\/wp-content\/uploads\/2025\/05\/CHA-SHI-VEILLE-JURIDIQUE-CHINE-100x100.png 100w, https:\/\/www.chinabrandoffice.com\/wp-content\/uploads\/2025\/05\/CHA-SHI-VEILLE-JURIDIQUE-CHINE-460x460.png 460w, https:\/\/www.chinabrandoffice.com\/wp-content\/uploads\/2025\/05\/CHA-SHI-VEILLE-JURIDIQUE-CHINE.png 1024w\" sizes=\"(max-width: 580px) 100vw, 580px\" \/>\t\t\t\t\t\t\t\t\t\t\t\t\t\t\t<\/div>\n\t\t\t\t<\/div>\n\t\t\t\t<div class=\"elementor-element elementor-element-578bb7f1 elementor-widget elementor-widget-heading\" data-id=\"578bb7f1\" data-element_type=\"widget\" data-e-type=\"widget\" data-widget_type=\"heading.default\">\n\t\t\t\t<div class=\"elementor-widget-container\">\n\t\t\t\t\t<h1 class=\"elementor-heading-title elementor-size-default\">Veille &amp; Surveillance : d\u00e9tecter avant qu\u2019il ne soit trop tard.<\/h1>\t\t\t\t<\/div>\n\t\t\t\t<\/div>\n\t\t\t\t<div class=\"elementor-element elementor-element-200f2e9b elementor-widget elementor-widget-text-editor\" data-id=\"200f2e9b\" data-element_type=\"widget\" data-e-type=\"widget\" data-widget_type=\"text-editor.default\">\n\t\t\t\t<div class=\"elementor-widget-container\">\n\t\t\t\t\t\t\t\t\t<p data-start=\"374\" data-end=\"660\" class=\"translation-block\">Registrar su marca es un paso. Protegerla a lo largo del tiempo es otro.<br data-start=\"454\" data-end=\"457\">El sistema chino se basa en registros masivos, imitadores \u00e1giles y una base de datos abierta. Cada d\u00eda pueden registrarse marcas similares a la suya sin que usted lo sepa.<\/p><p data-start=\"662\" data-end=\"802\"><strong>Sin vigilancia activa, descubre demasiado tarde que un competidor, un antiguo distribuidor o un ocupante ilegal ha registrado una marca similar.<\/strong><\/p>\t\t\t\t\t\t\t\t<\/div>\n\t\t\t\t<\/div>\n\t\t\t\t<div class=\"elementor-element elementor-element-1165052a elementor-widget elementor-widget-text-editor\" data-id=\"1165052a\" data-element_type=\"widget\" data-e-type=\"widget\" data-widget_type=\"text-editor.default\">\n\t\t\t\t<div class=\"elementor-widget-container\">\n\t\t\t\t\t\t\t\t\t<p data-start=\"868\" data-end=\"1050\"><strong>Contrairement \u00e0 l\u2019Europe, le CNIPA ne vous informe pas automatiquement des d\u00e9p\u00f4ts similaires.<\/strong><br data-start=\"965\" data-end=\"968\" \/>Depende de usted \u2014 o de su asesor \u2014 establecer una vigilancia regular para:<\/p><ul data-start=\"1051\" data-end=\"1242\"><li data-start=\"1051\" data-end=\"1113\"><p data-start=\"1053\" data-end=\"1113\">detectar registros similares o id\u00e9nticos a su marca,<\/p><\/li><li data-start=\"1114\" data-end=\"1167\"><p data-start=\"1116\" data-end=\"1167\">identificar las clases o sectores relacionados que se han registrado,<\/p><\/li><li data-start=\"1168\" data-end=\"1242\"><p data-start=\"1170\" data-end=\"1242\">actuar dentro del plazo legal de oposici\u00f3n (3 meses despu\u00e9s de la publicaci\u00f3n).<\/p><\/li><\/ul><p data-start=\"1244\" data-end=\"1320\">Sin vigilancia, no hay acci\u00f3n posible. Sin acci\u00f3n, validaci\u00f3n autom\u00e1tica.<\/p>\t\t\t\t\t\t\t\t<\/div>\n\t\t\t\t<\/div>\n\t\t\t\t<div class=\"elementor-element elementor-element-5aee3ffc elementor-widget elementor-widget-heading\" data-id=\"5aee3ffc\" data-element_type=\"widget\" data-e-type=\"widget\" data-widget_type=\"heading.default\">\n\t\t\t\t<div class=\"elementor-widget-container\">\n\t\t\t\t\t<h1 class=\"elementor-heading-title elementor-size-default\">\u00bfQu\u00e9 vigilamos?<\/h1>\t\t\t\t<\/div>\n\t\t\t\t<\/div>\n\t\t\t\t<div class=\"elementor-element elementor-element-3e747cf7 elementor-widget elementor-widget-text-editor\" data-id=\"3e747cf7\" data-element_type=\"widget\" data-e-type=\"widget\" data-widget_type=\"text-editor.default\">\n\t\t\t\t<div class=\"elementor-widget-container\">\n\t\t\t\t\t\t\t\t\t<p data-start=\"1368\" data-end=\"1494\" class=\"translation-block\">Nuestro sistema de vigilancia jur\u00eddica escanea en tiempo real las bases de datos del CNIPA. Le alertamos inmediatamente en caso de:<\/p><ul data-start=\"1495\" data-end=\"1704\"><li data-start=\"1495\" data-end=\"1545\"><p data-start=\"1497\" data-end=\"1545\">registro de un nombre id\u00e9ntico o similar al suyo,<\/p><\/li><li data-start=\"1546\" data-end=\"1581\"><p data-start=\"1548\" data-end=\"1581\">imitaci\u00f3n visual o fon\u00e9tica,<\/p><\/li><li data-start=\"1582\" data-end=\"1640\"><p data-start=\"1584\" data-end=\"1640\">intento de registro en una nueva clase estrat\u00e9gica,<\/p><\/li><li data-start=\"1641\" data-end=\"1704\"><p data-start=\"1643\" data-end=\"1704\">acci\u00f3n sospechosa de sus socios o distribuidores en China.<\/p><\/li><\/ul><p><span style=\"text-decoration: underline;\">Esto es lo que hacemos:<\/span><\/p>\t\t\t\t\t\t\t\t<\/div>\n\t\t\t\t<\/div>\n\t\t\t\t<div class=\"elementor-element elementor-element-52333e63 elementor-widget elementor-widget-html\" data-id=\"52333e63\" data-element_type=\"widget\" data-e-type=\"widget\" data-widget_type=\"html.default\">\n\t\t\t\t<div class=\"elementor-widget-container\">\n\t\t\t\t\t<div style=\"display: grid; grid-template-columns: 1fr 1fr; gap: 30px; padding: 10px 0;\">\n  <ul style=\"list-style-type: disc; padding-left: 20px; margin: 0;\">\n    <li>Configuraci\u00f3n de una vigilancia espec\u00edfica sobre sus marcas y sectores<\/li>\n    <li>Escaneo diario de los registros CNIPA (bases oficiales chinas)<\/li>\n    <li>Alertas inmediatas por correo electr\u00f3nico con an\u00e1lisis jur\u00eddico<\/li>\n    <li>Recomendaci\u00f3n estrat\u00e9gica (oposici\u00f3n, observaci\u00f3n o silencio)<\/li>\n  <\/ul>\n  <ul style=\"list-style-type: disc; padding-left: 20px; margin: 0;\">\n    <li>Opci\u00f3n de vigilancia ampliada (nombres parecidos, variantes fon\u00e9ticas)<\/li>\n    <li>Seguimiento de registros sospechosos por terceros o distribuidores<\/li>\n    <li>Archivo estructurado de alertas y decisiones<\/li>\n    <li>Acompa\u00f1amiento en cualquier acci\u00f3n a emprender (CNIPA o judicial)<\/li>\n  <\/ul>\n<\/div>\n\n\t\t\t\t<\/div>\n\t\t\t\t<\/div>\n\t\t<div class=\"elementor-element elementor-element-6d632322 e-con-full e-flex e-con e-child\" data-id=\"6d632322\" data-element_type=\"container\" data-e-type=\"container\">\n\t\t<div class=\"elementor-element elementor-element-493c5e3a e-con-full e-flex e-con e-child\" data-id=\"493c5e3a\" data-element_type=\"container\" data-e-type=\"container\">\n\t\t\t\t<div class=\"elementor-element elementor-element-6d63a09d elementor-widget-mobile__width-inherit elementor-widget__width-initial elementor-widget elementor-widget-image\" data-id=\"6d63a09d\" data-element_type=\"widget\" data-e-type=\"widget\" data-widget_type=\"image.default\">\n\t\t\t\t<div class=\"elementor-widget-container\">\n\t\t\t\t\t\t\t\t\t\t\t\t\t\t\t<img decoding=\"async\" width=\"316\" height=\"274\" src=\"https:\/\/www.chinabrandoffice.com\/wp-content\/uploads\/2024\/12\/about-3-small.jpg\" class=\"attachment-ensaf_425X325 size-ensaf_425X325 wp-image-766\" alt=\"veille juridique\" srcset=\"https:\/\/www.chinabrandoffice.com\/wp-content\/uploads\/2024\/12\/about-3-small.jpg 316w, https:\/\/www.chinabrandoffice.com\/wp-content\/uploads\/2024\/12\/about-3-small-300x260.jpg 300w\" sizes=\"(max-width: 316px) 100vw, 316px\" \/>\t\t\t\t\t\t\t\t\t\t\t\t\t\t\t<\/div>\n\t\t\t\t<\/div>\n\t\t\t\t<\/div>\n\t\t<div class=\"elementor-element elementor-element-196d9fd8 e-con-full e-flex e-con e-child\" data-id=\"196d9fd8\" data-element_type=\"container\" data-e-type=\"container\">\n\t\t\t\t<div class=\"elementor-element elementor-element-3d702316 elementor-widget elementor-widget-text-editor\" data-id=\"3d702316\" data-element_type=\"widget\" data-e-type=\"widget\" data-widget_type=\"text-editor.default\">\n\t\t\t\t<div class=\"elementor-widget-container\">\n\t\t\t\t\t\t\t\t\t<h2 data-start=\"1708\" data-end=\"1761\">Un enfoque preventivo y econ\u00f3mico.<\/h2><p data-start=\"1763\" data-end=\"2120\" class=\"translation-block\">Actuar a tiempo cuesta mucho menos que reparar despu\u00e9s.<br data-start=\"2681\" data-end=\"2684\">La vigilancia jur\u00eddica es un seguro estrat\u00e9gico: le da la posibilidad de defender sus derechos, evitar litigios largos o detectar la mala fe antes de que se convierta en un contencioso.<br data-start=\"2901\" data-end=\"2904\">Tambi\u00e9n es una se\u00f1al fuerte para sus competidores: usted est\u00e1 presente, activo y protegido.<\/p>\t\t\t\t\t\t\t\t<\/div>\n\t\t\t\t<\/div>\n\t\t\t\t<\/div>\n\t\t\t\t<\/div>\n\t\t\t\t<\/div>\n\t\t<div class=\"elementor-element elementor-element-2a42400d e-con-full e-flex e-con e-child\" data-id=\"2a42400d\" data-element_type=\"container\" data-e-type=\"container\">\n\t\t\t\t<div class=\"elementor-element elementor-element-205b519 elementor-widget elementor-widget-ensafservicelist\" data-id=\"205b519\" data-element_type=\"widget\" data-e-type=\"widget\" data-widget_type=\"ensafservicelist.default\">\n\t\t\t\t<div class=\"elementor-widget-container\">\n\t\t\t\t\t<div class=\"widget widget_categories\"><h3 class=\"widget_title\">Nuestros Servicios<\/h3><ul><li><a href=\"https:\/\/www.chinabrandoffice.com\/es\/services\/protection-de-marques-en-chine\/\">Protecci\u00f3n de marcas en China<\/a><span><i class=\"fa-sharp fa-light fa-arrow-right\"><\/i><\/span><\/li><li><a href=\"https:\/\/www.chinabrandoffice.com\/es\/services\/surveillance-veille-juridique\/\">Supervisi\u00f3n y Vigilancia Jur\u00eddica<\/a><span><i class=\"fa-sharp fa-light fa-arrow-right\"><\/i><\/span><\/li><li><a href=\"https:\/\/www.chinabrandoffice.com\/es\/services\/audit-et-strategie-de-propriete-intellectuelle\/\">Auditor\u00eda y estrategia de Propiedad Intelectual<\/a><span><i class=\"fa-sharp fa-light fa-arrow-right\"><\/i><\/span><\/li><li><a href=\"https:\/\/www.chinabrandoffice.com\/es\/services\/oppositions-contentieux\/\">Oposiciones y Litigios<\/a><span><i class=\"fa-sharp fa-light fa-arrow-right\"><\/i><\/span><\/li><li><a href=\"https:\/\/www.chinabrandoffice.com\/es\/services\/traductions-certifiees-legalisees\/\">Traducciones Certificadas \/ Legalizadas<\/a><span><i class=\"fa-sharp fa-light fa-arrow-right\"><\/i><\/span><\/li><li><a href=\"https:\/\/www.chinabrandoffice.com\/es\/services\/conseil-en-propriete-intellectuelle\/\">Asesor\u00eda en Propiedad Intelectual<\/a><span><i class=\"fa-sharp fa-light fa-arrow-right\"><\/i><\/span><\/li><\/ul><\/div>\t\t\t\t<\/div>\n\t\t\t\t<\/div>\n\t\t\t\t<div class=\"elementor-element elementor-element-1012e49b elementor-widget elementor-widget-ensafcontactinfo\" data-id=\"1012e49b\" data-element_type=\"widget\" data-e-type=\"widget\" data-widget_type=\"ensafcontactinfo.default\">\n\t\t\t\t<div class=\"elementor-widget-container\">\n\t\t\t\t\t<div class=\"widget widget_call\"><div class=\"widget-call\"><h4 class=\"box-title\">\u00bfNecesita ayuda?<\/h4><p class=\"box_text\">Cont\u00e1ctenos 24\/7 \u2013 respondemos con rapidez:<\/p><div class=\"widget_call\"><div class=\"info-box\"><div class=\"info-box_icon\"><i class=\"fas fa-phone\"><\/i><\/div><div><span class=\"info-box_subtitle\">Por tel\u00e9fono<\/span><p class=\"info-box_text\"><a href=\"tel:+33633154007\" class=\"info-box_link\">+33 6 33 15 40 07<\/a>\n<\/p><\/div><\/div><div class=\"info-box\"><div class=\"info-box_icon\"><i class=\"fas fa-envelope\"><\/i><\/div><div><span class=\"info-box_subtitle\">Por correo electr\u00f3nico<\/span><p class=\"info-box_text\"><a href=\"mailto:contact@chinabrandoffice.com\" class=\"info-box_link\">contact@chinabrandoffice.com<\/a><\/p><\/div><\/div><div class=\"info-box\"><div class=\"info-box_icon\"><i class=\"fa-solid fa-location-dot\"><\/i><\/div><div><span class=\"info-box_subtitle\">Oficina en China<\/span><p class=\"info-box_text\">N.\u00ba 699, calle Jiaozhou, distrito de Jingan, 200040 Shangh\u00e1i, China<\/p><\/div><\/div><\/div><\/div><\/div>\t\t\t\t<\/div>\n\t\t\t\t<\/div>\n\t\t\t\t<div class=\"elementor-element elementor-element-7bca5754 elementor-widget__width-initial elementor-widget elementor-widget-ensafcontactinfo\" data-id=\"7bca5754\" data-element_type=\"widget\" data-e-type=\"widget\" data-widget_type=\"ensafcontactinfo.default\">\n\t\t\t\t<div class=\"elementor-widget-container\">\n\t\t\t\t\t<div class=\"contact-icon-wrap\"><div class=\"info-box\"><div class=\"info-box_icon\"><img decoding=\"async\" src=\"https:\/\/mediumturquoise-squid-939497.hostingersite.com\/wp-content\/uploads\/2025\/05\/CBO-sans-fond-or.png\" alt=\"CBO sans fond or\"  \/><\/div><div class=\"info-contnt\"><h4 class=\"footer-info-title\">CHINA BRAND OFFICE<\/h4><p class=\"info-box_text\"><div style=\"writing-mode: vertical-rl;font-family: 'Playfair Display', serif;font-size: 25px;font-weight: 600;color: #0000FF;text-align: center;line-height: 1.9;letter-spacing: 1.9px;margin-top:20px\">\n  EN CHINA, UNA MARCA SIN VIGILANCIA ES UNA MARCA REGALADA.<br>\n  LA AMENAZA NO AVISA. NUESTRA VIGILANCIA, S\u00cd.\n<\/div>\n<\/p><\/div><\/div><\/div>\t\t\t\t<\/div>\n\t\t\t\t<\/div>\n\t\t\t\t<\/div>\n\t\t\t\t\t<\/div>\n\t\t\t\t<\/div>\n\t\t<div class=\"elementor-element elementor-element-4fa7f21e e-flex e-con-boxed e-con e-parent\" data-id=\"4fa7f21e\" data-element_type=\"container\" data-e-type=\"container\" data-settings=\"{&quot;background_background&quot;:&quot;classic&quot;}\">\n\t\t\t\t\t<div class=\"e-con-inner\">\n\t\t\t\t<div class=\"elementor-element elementor-element-133f87d0 elementor-widget elementor-widget-heading\" data-id=\"133f87d0\" data-element_type=\"widget\" data-e-type=\"widget\" data-widget_type=\"heading.default\">\n\t\t\t\t<div class=\"elementor-widget-container\">\n\t\t\t\t\t<h2 class=\"elementor-heading-title elementor-size-default\">CBO es el socio jur\u00eddico de confianza elegido por cientos de profesionales en Europa.<\/h2>\t\t\t\t<\/div>\n\t\t\t\t<\/div>\n\t\t\t\t<div class=\"elementor-element elementor-element-239af87 elementor-widget elementor-widget-ensafclientlogos\" data-id=\"239af87\" data-element_type=\"widget\" data-e-type=\"widget\" data-widget_type=\"ensafclientlogos.default\">\n\t\t\t\t<div class=\"elementor-widget-container\">\n\t\t\t\t\t<div class=\"swiper th-slider\" id=\"brand-slider-1\" data-slider-options='{\"breakpoints\":{\"0\":{\"slidesPerView\":2},\"576\":{\"slidesPerView\":\"2\"},\"768\":{\"slidesPerView\":\"3\"},\"992\":{\"slidesPerView\":\"4\"},\"1200\":{\"slidesPerView\":\"5\"},\"1400\":{\"slidesPerView\":\"6\"}}}'><div class=\"swiper-wrapper\"><div class=\"swiper-slide\"><div class=\"brand-box\"><a href=\"https:\/\/www.chinabrandoffice.com\/es\/about\/\"><img decoding=\"async\" src=\"https:\/\/chinabrandoffice.com\/wp-content\/uploads\/2024\/12\/brand_2_4-1.svg\" alt=\"brand_2_4 1\"  \/><\/a><\/div><\/div><div class=\"swiper-slide\"><div class=\"brand-box\"><a href=\"https:\/\/www.chinabrandoffice.com\/es\/about\/\"><img decoding=\"async\" src=\"https:\/\/chinabrandoffice.com\/wp-content\/uploads\/2024\/12\/brand_2_5-1.svg\" alt=\"brand_2_5 1\"  \/><\/a><\/div><\/div><div class=\"swiper-slide\"><div class=\"brand-box\"><a href=\"https:\/\/www.chinabrandoffice.com\/es\/about\/\"><img decoding=\"async\" src=\"https:\/\/chinabrandoffice.com\/wp-content\/uploads\/2024\/12\/brand_2_6-1.svg\" alt=\"brand_2_6 1\"  \/><\/a><\/div><\/div><div class=\"swiper-slide\"><div class=\"brand-box\"><a href=\"https:\/\/www.chinabrandoffice.com\/es\/about\/\"><img decoding=\"async\" src=\"https:\/\/chinabrandoffice.com\/wp-content\/uploads\/2024\/12\/brand_2_1-1.svg\" alt=\"brand_2_1 1\"  \/><\/a><\/div><\/div><div class=\"swiper-slide\"><div class=\"brand-box\"><a href=\"https:\/\/www.chinabrandoffice.com\/es\/about\/\"><img decoding=\"async\" src=\"https:\/\/chinabrandoffice.com\/wp-content\/uploads\/2024\/12\/brand_2_2-1.svg\" alt=\"brand_2_2 1\"  \/><\/a><\/div><\/div><div class=\"swiper-slide\"><div class=\"brand-box\"><a href=\"https:\/\/www.chinabrandoffice.com\/es\/about\/\"><img decoding=\"async\" src=\"https:\/\/chinabrandoffice.com\/wp-content\/uploads\/2024\/12\/brand_2_3-1.svg\" alt=\"brand_2_3 1\"  \/><\/a><\/div><\/div><div class=\"swiper-slide\"><div class=\"brand-box\"><a href=\"https:\/\/www.chinabrandoffice.com\/es\/about\/\"><img decoding=\"async\" src=\"https:\/\/chinabrandoffice.com\/wp-content\/uploads\/2024\/12\/brand_2_4-1.svg\" alt=\"brand_2_4 1\"  \/><\/a><\/div><\/div><div class=\"swiper-slide\"><div class=\"brand-box\"><a href=\"https:\/\/www.chinabrandoffice.com\/es\/about\/\"><img decoding=\"async\" src=\"https:\/\/chinabrandoffice.com\/wp-content\/uploads\/2024\/12\/brand_2_5-1.svg\" alt=\"brand_2_5 1\"  \/><\/a><\/div><\/div><div class=\"swiper-slide\"><div class=\"brand-box\"><a href=\"https:\/\/www.chinabrandoffice.com\/es\/about\/\"><img decoding=\"async\" src=\"https:\/\/chinabrandoffice.com\/wp-content\/uploads\/2024\/12\/brand_2_6-1.svg\" alt=\"brand_2_6 1\"  \/><\/a><\/div><\/div><div class=\"swiper-slide\"><div class=\"brand-box\"><a href=\"https:\/\/www.chinabrandoffice.com\/es\/about\/\"><img decoding=\"async\" src=\"https:\/\/chinabrandoffice.com\/wp-content\/uploads\/2024\/12\/brand_2_1-1.svg\" alt=\"brand_2_1 1\"  \/><\/a><\/div><\/div><div class=\"swiper-slide\"><div class=\"brand-box\"><a href=\"https:\/\/www.chinabrandoffice.com\/es\/about\/\"><img decoding=\"async\" src=\"https:\/\/chinabrandoffice.com\/wp-content\/uploads\/2024\/12\/brand_2_2-1.svg\" alt=\"brand_2_2 1\"  \/><\/a><\/div><\/div><div class=\"swiper-slide\"><div class=\"brand-box\"><a href=\"https:\/\/www.chinabrandoffice.com\/es\/about\/\"><img decoding=\"async\" src=\"https:\/\/chinabrandoffice.com\/wp-content\/uploads\/2024\/12\/brand_2_3-1.svg\" alt=\"brand_2_3 1\"  \/><\/a><\/div><\/div><\/div><\/div>\t\t\t\t<\/div>\n\t\t\t\t<\/div>\n\t\t\t\t\t<\/div>\n\t\t\t\t<\/div>\n\t\t\t\t<\/div>","protected":false},"excerpt":{"rendered":"<p>Surveillance &amp; Veille Juridique Veille &amp; Surveillance : d\u00e9tecter avant qu\u2019il ne soit trop tard. D\u00e9poser sa marque est une \u00e9tape. La prot\u00e9ger dans la dur\u00e9e en est une autre.Le syst\u00e8me chinois repose sur des d\u00e9p\u00f4ts massifs, des imitateurs agiles, et une base de donn\u00e9es ouverte. Chaque jour, des marques proches de la v\u00f4tre peuvent&#8230;<\/p>","protected":false},"author":1,"featured_media":0,"parent":53,"menu_order":0,"comment_status":"closed","ping_status":"closed","template":"","meta":{"footnotes":""},"class_list":["post-4230","page","type-page","status-publish","hentry"],"_links":{"self":[{"href":"https:\/\/www.chinabrandoffice.com\/es\/wp-json\/wp\/v2\/pages\/4230","targetHints":{"allow":["GET"]}}],"collection":[{"href":"https:\/\/www.chinabrandoffice.com\/es\/wp-json\/wp\/v2\/pages"}],"about":[{"href":"https:\/\/www.chinabrandoffice.com\/es\/wp-json\/wp\/v2\/types\/page"}],"author":[{"embeddable":true,"href":"https:\/\/www.chinabrandoffice.com\/es\/wp-json\/wp\/v2\/users\/1"}],"replies":[{"embeddable":true,"href":"https:\/\/www.chinabrandoffice.com\/es\/wp-json\/wp\/v2\/comments?post=4230"}],"version-history":[{"count":14,"href":"https:\/\/www.chinabrandoffice.com\/es\/wp-json\/wp\/v2\/pages\/4230\/revisions"}],"predecessor-version":[{"id":4747,"href":"https:\/\/www.chinabrandoffice.com\/es\/wp-json\/wp\/v2\/pages\/4230\/revisions\/4747"}],"up":[{"embeddable":true,"href":"https:\/\/www.chinabrandoffice.com\/es\/wp-json\/wp\/v2\/pages\/53"}],"wp:attachment":[{"href":"https:\/\/www.chinabrandoffice.com\/es\/wp-json\/wp\/v2\/media?parent=4230"}],"curies":[{"name":"wp","href":"https:\/\/api.w.org\/{rel}","templated":true}]}}