{"id":4248,"date":"2025-05-22T07:10:16","date_gmt":"2025-05-22T07:10:16","guid":{"rendered":"https:\/\/mediumturquoise-squid-939497.hostingersite.com\/?page_id=4248"},"modified":"2025-07-03T06:21:05","modified_gmt":"2025-07-03T06:21:05","slug":"traductions-certifiees-legalisees","status":"publish","type":"page","link":"https:\/\/www.chinabrandoffice.com\/es\/services\/traductions-certifiees-legalisees\/","title":{"rendered":"Traducciones Certificadas \/ Legalizadas"},"content":{"rendered":"<div data-elementor-type=\"wp-page\" data-elementor-id=\"4248\" class=\"elementor elementor-4248\">\n\t\t\t\t<div class=\"elementor-element elementor-element-7211a667 e-flex e-con-boxed e-con e-parent\" data-id=\"7211a667\" data-element_type=\"container\" data-e-type=\"container\">\n\t\t\t\t\t<div class=\"e-con-inner\">\n\t\t<div class=\"elementor-element elementor-element-5a5f238b e-con-full e-flex e-con e-child\" data-id=\"5a5f238b\" data-element_type=\"container\" data-e-type=\"container\">\n\t\t\r\n\t\t<div class=\"elementor-element elementor-element-1b1a0e0c elementor-widget elementor-widget-text-editor\" data-id=\"1b1a0e0c\" data-element_type=\"widget\" data-e-type=\"widget\" data-widget_type=\"text-editor.default\">\n\t\t\t\t<div class=\"elementor-widget-container\">\n\t\t\t\t\t\t\t\t\t<h1>Traducciones Certificadas \/ Legalizadas<\/h1>\t\t\t\t\t\t\t\t<\/div>\n\t\t\t\t<\/div>\n\t\t\t\t<div class=\"elementor-element elementor-element-5f55bbae elementor-widget__width-initial elementor-widget elementor-widget-image\" data-id=\"5f55bbae\" data-element_type=\"widget\" data-e-type=\"widget\" data-widget_type=\"image.default\">\n\t\t\t\t<div class=\"elementor-widget-container\">\n\t\t\t\t\t\t\t\t\t\t\t\t\t\t\t<img fetchpriority=\"high\" decoding=\"async\" width=\"370\" height=\"245\" src=\"https:\/\/www.chinabrandoffice.com\/wp-content\/uploads\/2025\/05\/Stamp-Traduction-CN-370x245.png\" class=\"attachment-ensaf_370X245 size-ensaf_370X245 wp-image-4467\" alt=\"traduction officielles\" \/>\t\t\t\t\t\t\t\t\t\t\t\t\t\t\t<\/div>\n\t\t\t\t<\/div>\n\t\t\t\t<div class=\"elementor-element elementor-element-33019610 elementor-widget elementor-widget-heading\" data-id=\"33019610\" data-element_type=\"widget\" data-e-type=\"widget\" data-widget_type=\"heading.default\">\n\t\t\t\t<div class=\"elementor-widget-container\">\n\t\t\t\t\t<h1 class=\"elementor-heading-title elementor-size-default\">Traducir oficialmente requiere a veces certificaci\u00f3n o legalizaci\u00f3n.<\/h1>\t\t\t\t<\/div>\n\t\t\t\t<\/div>\n\t\t\t\t<div class=\"elementor-element elementor-element-7d08f006 elementor-widget elementor-widget-text-editor\" data-id=\"7d08f006\" data-element_type=\"widget\" data-e-type=\"widget\" data-widget_type=\"text-editor.default\">\n\t\t\t\t<div class=\"elementor-widget-container\">\n\t\t\t\t\t\t\t\t\t<p data-start=\"293\" data-end=\"598\" class=\"translation-block\">En China, una simple traducci\u00f3n no siempre es suficiente sin el sello oficial requerido. Documentos rechazados. Plazos bloqueados. Proyectos paralizados.<br data-start=\"426\" data-end=\"429\">Embajadas, ministerios, aduanas, tribunales: todas las autoridades exigen una traducci\u00f3n certificada, a menudo reconocida por un notario o autoridad local.<\/p><p data-start=\"600\" data-end=\"808\" class=\"translation-block\">\u00bfTiene un contrato, un extracto Kbis, un certificado de propiedad industrial, un balance financiero, diplomas para el visado de su empleado expatriado?<br data-start=\"700\" data-end=\"703\">Sin validaci\u00f3n oficial por los canales chinos, es como si su documento no existiera.<\/p><p data-start=\"600\" data-end=\"808\"><strong>Nous sommes votre interm\u00e9diaire trilingue pour traduire et faire valider l\u00e9galement vos documents<\/strong>. Fini les proc\u00e9dures longues, on\u00e9reuses: <strong>CBO aide a d\u00e9mat\u00e9rialiser ce service.\u00a0<\/strong><\/p>\t\t\t\t\t\t\t\t<\/div>\n\t\t\t\t<\/div>\n\t\t\t\t<div class=\"elementor-element elementor-element-67ed759a elementor-widget elementor-widget-heading\" data-id=\"67ed759a\" data-element_type=\"widget\" data-e-type=\"widget\" data-widget_type=\"heading.default\">\n\t\t\t\t<div class=\"elementor-widget-container\">\n\t\t\t\t\t<h1 class=\"elementor-heading-title elementor-size-default\">Lo que hacemos<\/h1>\t\t\t\t<\/div>\n\t\t\t\t<\/div>\n\t\t\t\t<div class=\"elementor-element elementor-element-1204d4ab elementor-widget elementor-widget-text-editor\" data-id=\"1204d4ab\" data-element_type=\"widget\" data-e-type=\"widget\" data-widget_type=\"text-editor.default\">\n\t\t\t\t<div class=\"elementor-widget-container\">\n\t\t\t\t\t\t\t\t\t<p class=\"translation-block\">Cada a\u00f1o, las empresas ven rechazados sus visados, bloqueadas sus mercanc\u00edas o suspendidos sus tr\u00e1mites administrativos debido a documentos mal traducidos o no conformes.\nCon demasiada frecuencia, los errores provienen de traducciones autom\u00e1ticas, proveedores no autorizados, la ausencia de sello oficial o un formato que no se ajusta a los requisitos chinos.\nEs esencial distinguir entre una <strong data-start=\"450\" data-end=\"474\">traducci\u00f3n certificada<\/strong>, realizada por un traductor acreditado con sello y firma, y una <strong data-start=\"543\" data-end=\"567\">traducci\u00f3n legalizada<\/strong>, que a\u00f1ade una validaci\u00f3n oficial por parte de un notario o una autoridad reconocida.\nSin este nivel de conformidad, el documento puede ser simplemente rechazado.<\/p>\t\t\t\t\t\t\t\t<\/div>\n\t\t\t\t<\/div>\n\t\t\t\t<div class=\"elementor-element elementor-element-74551c72 elementor-widget elementor-widget-html\" data-id=\"74551c72\" data-element_type=\"widget\" data-e-type=\"widget\" data-widget_type=\"html.default\">\n\t\t\t\t<div class=\"elementor-widget-container\">\n\t\t\t\t\t<ul>\n  <li>Traducci\u00f3n certificada franc\u00e9s, ingl\u00e9s, espa\u00f1ol o italiano \u2194 chino<\/li>\n  <li>Verificaci\u00f3n l\u00ednea por l\u00ednea con su versi\u00f3n original<\/li>\n  <li>Maquetaci\u00f3n id\u00e9ntica (formato oficial requerido)<\/li>\n  <li>Sello oficial + firma del traductor acreditado<\/li>\n  <li>Comparecencia ante notario chino si se requiere (opci\u00f3n legalizada)<\/li>\n  <li>Entrega digital + env\u00edo en papel disponible<\/li>\n<\/ul>\n\t\t\t\t<\/div>\n\t\t\t\t<\/div>\n\t\t<div class=\"elementor-element elementor-element-b1eb725 e-con-full e-flex e-con e-child\" data-id=\"b1eb725\" data-element_type=\"container\" data-e-type=\"container\">\n\t\t<div class=\"elementor-element elementor-element-41732e59 e-con-full e-flex e-con e-child\" data-id=\"41732e59\" data-element_type=\"container\" data-e-type=\"container\">\n\t\t\t\t<div class=\"elementor-element elementor-element-13b9c361 elementor-widget-mobile__width-inherit elementor-widget__width-initial elementor-widget elementor-widget-image\" data-id=\"13b9c361\" data-element_type=\"widget\" data-e-type=\"widget\" data-widget_type=\"image.default\">\n\t\t\t\t<div class=\"elementor-widget-container\">\n\t\t\t\t\t\t\t\t\t\t\t\t\t\t\t<img decoding=\"async\" width=\"1024\" height=\"1536\" src=\"https:\/\/www.chinabrandoffice.com\/wp-content\/uploads\/2025\/05\/legalisation-certification-SHANGHAI.png\" class=\"attachment-full size-full wp-image-4466\" alt=\"certifie legal\" srcset=\"https:\/\/www.chinabrandoffice.com\/wp-content\/uploads\/2025\/05\/legalisation-certification-SHANGHAI.png 1024w, https:\/\/www.chinabrandoffice.com\/wp-content\/uploads\/2025\/05\/legalisation-certification-SHANGHAI-200x300.png 200w, https:\/\/www.chinabrandoffice.com\/wp-content\/uploads\/2025\/05\/legalisation-certification-SHANGHAI-683x1024.png 683w, https:\/\/www.chinabrandoffice.com\/wp-content\/uploads\/2025\/05\/legalisation-certification-SHANGHAI-768x1152.png 768w, https:\/\/www.chinabrandoffice.com\/wp-content\/uploads\/2025\/05\/legalisation-certification-SHANGHAI-600x900.png 600w\" sizes=\"(max-width: 1024px) 100vw, 1024px\" \/>\t\t\t\t\t\t\t\t\t\t\t\t\t\t\t<\/div>\n\t\t\t\t<\/div>\n\t\t\t\t<\/div>\n\t\t<div class=\"elementor-element elementor-element-440f110a e-con-full e-flex e-con e-child\" data-id=\"440f110a\" data-element_type=\"container\" data-e-type=\"container\">\n\t\t\t\t<div class=\"elementor-element elementor-element-2da601cb elementor-widget elementor-widget-text-editor\" data-id=\"2da601cb\" data-element_type=\"widget\" data-e-type=\"widget\" data-widget_type=\"text-editor.default\">\n\t\t\t\t<div class=\"elementor-widget-container\">\n\t\t\t\t\t\t\t\t\t<h2 data-start=\"1708\" data-end=\"1761\"><strong data-start=\"1715\" data-end=\"1761\">Nuestro compromiso: eficacia, confidencialidad.<\/strong><\/h2><p data-start=\"1763\" data-end=\"2120\" class=\"translation-block\">Porque estamos establecidos en China, en el coraz\u00f3n del sistema, con un equipo local experimentado, conocemos perfectamente los requisitos de las administraciones chinas. Sabemos c\u00f3mo evitar rechazos, anticipar bloqueos y hacer que sus documentos sean impecables desde la primera entrega.<br data-start=\"391\" data-end=\"394\">Somos eficaces: un servicio r\u00e1pido, fiable y llave en mano para sus documentos m\u00e1s sensibles.<\/p>\t\t\t\t\t\t\t\t<\/div>\n\t\t\t\t<\/div>\n\t\t\t\t<\/div>\n\t\t\t\t<\/div>\n\t\t\t\t<\/div>\n\t\t<div class=\"elementor-element elementor-element-35c304b3 e-con-full e-flex e-con e-child\" data-id=\"35c304b3\" data-element_type=\"container\" data-e-type=\"container\">\n\t\t\t\t<div class=\"elementor-element elementor-element-7dfb1bf5 elementor-widget elementor-widget-ensafservicelist\" data-id=\"7dfb1bf5\" data-element_type=\"widget\" data-e-type=\"widget\" data-widget_type=\"ensafservicelist.default\">\n\t\t\t\t<div class=\"elementor-widget-container\">\n\t\t\t\t\t<div class=\"widget widget_categories\"><h3 class=\"widget_title\">Nuestros Servicios<\/h3><ul><li><a href=\"https:\/\/www.chinabrandoffice.com\/es\/services\/protection-de-marques-en-chine\/\">Protecci\u00f3n de marcas en China<\/a><span><i class=\"fa-sharp fa-light fa-arrow-right\"><\/i><\/span><\/li><li><a href=\"https:\/\/www.chinabrandoffice.com\/es\/services\/surveillance-veille-juridique\/\">Supervisi\u00f3n y Vigilancia Jur\u00eddica<\/a><span><i class=\"fa-sharp fa-light fa-arrow-right\"><\/i><\/span><\/li><li><a href=\"https:\/\/www.chinabrandoffice.com\/es\/services\/audit-et-strategie-de-propriete-intellectuelle\/\">Auditor\u00eda y estrategia de Propiedad Intelectual<\/a><span><i class=\"fa-sharp fa-light fa-arrow-right\"><\/i><\/span><\/li><li><a href=\"https:\/\/www.chinabrandoffice.com\/es\/services\/oppositions-contentieux\/\">Oposiciones y Litigios<\/a><span><i class=\"fa-sharp fa-light fa-arrow-right\"><\/i><\/span><\/li><li><a href=\"https:\/\/www.chinabrandoffice.com\/es\/services\/traductions-certifiees-legalisees\/\">Traducciones Certificadas \/ Legalizadas<\/a><span><i class=\"fa-sharp fa-light fa-arrow-right\"><\/i><\/span><\/li><li><a href=\"https:\/\/www.chinabrandoffice.com\/es\/services\/conseil-en-propriete-intellectuelle\/\">Asesor\u00eda en Propiedad Intelectual<\/a><span><i class=\"fa-sharp fa-light fa-arrow-right\"><\/i><\/span><\/li><\/ul><\/div>\t\t\t\t<\/div>\n\t\t\t\t<\/div>\n\t\t\t\t<div class=\"elementor-element elementor-element-3fa688c6 elementor-widget elementor-widget-ensafcontactinfo\" data-id=\"3fa688c6\" data-element_type=\"widget\" data-e-type=\"widget\" data-widget_type=\"ensafcontactinfo.default\">\n\t\t\t\t<div class=\"elementor-widget-container\">\n\t\t\t\t\t<div class=\"widget widget_call\"><div class=\"widget-call\"><h4 class=\"box-title\">\u00bfNecesita ayuda?<\/h4><p class=\"box_text\">Cont\u00e1ctenos 24\/7 \u2013 respondemos con rapidez:<\/p><div class=\"widget_call\"><div class=\"info-box\"><div class=\"info-box_icon\"><i class=\"fas fa-phone\"><\/i><\/div><div><span class=\"info-box_subtitle\">Por tel\u00e9fono<\/span><p class=\"info-box_text\"><a href=\"tel:+33633154007\" class=\"info-box_link\">+33 6 33 15 40 07<\/a>\n<\/p><\/div><\/div><div class=\"info-box\"><div class=\"info-box_icon\"><i class=\"fas fa-envelope\"><\/i><\/div><div><span class=\"info-box_subtitle\">Por correo electr\u00f3nico<\/span><p class=\"info-box_text\"><a href=\"mailto:contact@chinabrandoffice.com\" class=\"info-box_link\">contact@chinabrandoffice.com<\/a><\/p><\/div><\/div><div class=\"info-box\"><div class=\"info-box_icon\"><i class=\"fa-solid fa-location-dot\"><\/i><\/div><div><span class=\"info-box_subtitle\">Oficina en China<\/span><p class=\"info-box_text\">N.\u00ba 699, calle Jiaozhou, distrito de Jingan, 200040 Shangh\u00e1i, China<\/p><\/div><\/div><\/div><\/div><\/div>\t\t\t\t<\/div>\n\t\t\t\t<\/div>\n\t\t\t\t<div class=\"elementor-element elementor-element-6348ddf1 elementor-widget__width-initial elementor-widget elementor-widget-ensafcontactinfo\" data-id=\"6348ddf1\" data-element_type=\"widget\" data-e-type=\"widget\" data-widget_type=\"ensafcontactinfo.default\">\n\t\t\t\t<div class=\"elementor-widget-container\">\n\t\t\t\t\t<div class=\"contact-icon-wrap\"><div class=\"info-box\"><div class=\"info-box_icon\"><img decoding=\"async\" src=\"https:\/\/mediumturquoise-squid-939497.hostingersite.com\/wp-content\/uploads\/2025\/05\/CBO-sans-fond-or.png\" alt=\"CBO sans fond or\"  \/><\/div><div class=\"info-contnt\"><h4 class=\"footer-info-title\">CHINA BRAND OFFICE<\/h4><p class=\"info-box_text\"><div style=\"writing-mode: vertical-rl;font-family: 'Playfair Display', serif;font-size: 25px;font-weight: 600;color: #0000FF;text-align: center;line-height: 1.9;letter-spacing: 1.9px;margin-top: 90px\">\n  CON 50.000 CARACTERES, CADA UNO PUDIENDO<br>\n  CAMBIAR DE SIGNIFICADO SEG\u00daN EL CONTEXTO<br>\n\nTRADUCIR SE CONVIERTE EN UN TRABAJO DE ORFEBRE\n<\/div>\n<\/p><\/div><\/div><\/div>\t\t\t\t<\/div>\n\t\t\t\t<\/div>\n\t\t\t\t<\/div>\n\t\t\t\t\t<\/div>\n\t\t\t\t<\/div>\n\t\t<div class=\"elementor-element elementor-element-70b16800 e-flex e-con-boxed e-con e-parent\" data-id=\"70b16800\" data-element_type=\"container\" data-e-type=\"container\" data-settings=\"{&quot;background_background&quot;:&quot;classic&quot;}\">\n\t\t\t\t\t<div class=\"e-con-inner\">\n\t\t\t\t<div class=\"elementor-element elementor-element-f26ecd8 elementor-widget elementor-widget-heading\" data-id=\"f26ecd8\" data-element_type=\"widget\" data-e-type=\"widget\" data-widget_type=\"heading.default\">\n\t\t\t\t<div class=\"elementor-widget-container\">\n\t\t\t\t\t<h2 class=\"elementor-heading-title elementor-size-default\">CBO es el socio jur\u00eddico de confianza elegido por cientos de profesionales en Europa.<\/h2>\t\t\t\t<\/div>\n\t\t\t\t<\/div>\n\t\t\t\t<div class=\"elementor-element elementor-element-4e1f81df elementor-widget elementor-widget-ensafclientlogos\" data-id=\"4e1f81df\" data-element_type=\"widget\" data-e-type=\"widget\" data-widget_type=\"ensafclientlogos.default\">\n\t\t\t\t<div class=\"elementor-widget-container\">\n\t\t\t\t\t<div class=\"swiper th-slider\" id=\"brand-slider-1\" data-slider-options='{\"breakpoints\":{\"0\":{\"slidesPerView\":2},\"576\":{\"slidesPerView\":\"2\"},\"768\":{\"slidesPerView\":\"3\"},\"992\":{\"slidesPerView\":\"4\"},\"1200\":{\"slidesPerView\":\"5\"},\"1400\":{\"slidesPerView\":\"6\"}}}'><div class=\"swiper-wrapper\"><div class=\"swiper-slide\"><div class=\"brand-box\"><a href=\"https:\/\/www.chinabrandoffice.com\/es\/about\/\"><img decoding=\"async\" src=\"https:\/\/chinabrandoffice.com\/wp-content\/uploads\/2024\/12\/brand_2_4-1.svg\" alt=\"brand_2_4 1\"  \/><\/a><\/div><\/div><div class=\"swiper-slide\"><div class=\"brand-box\"><a href=\"https:\/\/www.chinabrandoffice.com\/es\/about\/\"><img decoding=\"async\" src=\"https:\/\/chinabrandoffice.com\/wp-content\/uploads\/2024\/12\/brand_2_5-1.svg\" alt=\"brand_2_5 1\"  \/><\/a><\/div><\/div><div class=\"swiper-slide\"><div class=\"brand-box\"><a href=\"https:\/\/www.chinabrandoffice.com\/es\/about\/\"><img decoding=\"async\" src=\"https:\/\/chinabrandoffice.com\/wp-content\/uploads\/2024\/12\/brand_2_6-1.svg\" alt=\"brand_2_6 1\"  \/><\/a><\/div><\/div><div class=\"swiper-slide\"><div class=\"brand-box\"><a href=\"https:\/\/www.chinabrandoffice.com\/es\/about\/\"><img decoding=\"async\" src=\"https:\/\/chinabrandoffice.com\/wp-content\/uploads\/2024\/12\/brand_2_1-1.svg\" alt=\"brand_2_1 1\"  \/><\/a><\/div><\/div><div class=\"swiper-slide\"><div class=\"brand-box\"><a href=\"https:\/\/www.chinabrandoffice.com\/es\/about\/\"><img decoding=\"async\" src=\"https:\/\/chinabrandoffice.com\/wp-content\/uploads\/2024\/12\/brand_2_2-1.svg\" alt=\"brand_2_2 1\"  \/><\/a><\/div><\/div><div class=\"swiper-slide\"><div class=\"brand-box\"><a href=\"https:\/\/www.chinabrandoffice.com\/es\/about\/\"><img decoding=\"async\" src=\"https:\/\/chinabrandoffice.com\/wp-content\/uploads\/2024\/12\/brand_2_3-1.svg\" alt=\"brand_2_3 1\"  \/><\/a><\/div><\/div><div class=\"swiper-slide\"><div class=\"brand-box\"><a href=\"https:\/\/www.chinabrandoffice.com\/es\/about\/\"><img decoding=\"async\" src=\"https:\/\/chinabrandoffice.com\/wp-content\/uploads\/2024\/12\/brand_2_4-1.svg\" alt=\"brand_2_4 1\"  \/><\/a><\/div><\/div><div class=\"swiper-slide\"><div class=\"brand-box\"><a href=\"https:\/\/www.chinabrandoffice.com\/es\/about\/\"><img decoding=\"async\" src=\"https:\/\/chinabrandoffice.com\/wp-content\/uploads\/2024\/12\/brand_2_5-1.svg\" alt=\"brand_2_5 1\"  \/><\/a><\/div><\/div><div class=\"swiper-slide\"><div class=\"brand-box\"><a href=\"https:\/\/www.chinabrandoffice.com\/es\/about\/\"><img decoding=\"async\" src=\"https:\/\/chinabrandoffice.com\/wp-content\/uploads\/2024\/12\/brand_2_6-1.svg\" alt=\"brand_2_6 1\"  \/><\/a><\/div><\/div><div class=\"swiper-slide\"><div class=\"brand-box\"><a href=\"https:\/\/www.chinabrandoffice.com\/es\/about\/\"><img decoding=\"async\" src=\"https:\/\/chinabrandoffice.com\/wp-content\/uploads\/2024\/12\/brand_2_1-1.svg\" alt=\"brand_2_1 1\"  \/><\/a><\/div><\/div><div class=\"swiper-slide\"><div class=\"brand-box\"><a href=\"https:\/\/www.chinabrandoffice.com\/es\/about\/\"><img decoding=\"async\" src=\"https:\/\/chinabrandoffice.com\/wp-content\/uploads\/2024\/12\/brand_2_2-1.svg\" alt=\"brand_2_2 1\"  \/><\/a><\/div><\/div><div class=\"swiper-slide\"><div class=\"brand-box\"><a href=\"https:\/\/www.chinabrandoffice.com\/es\/about\/\"><img decoding=\"async\" src=\"https:\/\/chinabrandoffice.com\/wp-content\/uploads\/2024\/12\/brand_2_3-1.svg\" alt=\"brand_2_3 1\"  \/><\/a><\/div><\/div><\/div><\/div>\t\t\t\t<\/div>\n\t\t\t\t<\/div>\n\t\t\t\t\t<\/div>\n\t\t\t\t<\/div>\n\t\t<div class=\"elementor-element elementor-element-5e413202 e-flex e-con-boxed e-con e-parent\" data-id=\"5e413202\" data-element_type=\"container\" data-e-type=\"container\">\n\t\t\t\t\t<div class=\"e-con-inner\">\n\t\t\t\t\t<\/div>\n\t\t\t\t<\/div>\n\t\t\t\t<\/div>","protected":false},"excerpt":{"rendered":"<p>Traductions\u00a0 \u00a0Certifi\u00e9es \/ L\u00e9galis\u00e9es Traduire officiellement demande parfois de certifier \/ l\u00e9galiser. \u00a0 \u00a0En Chine, une simple traduction ne suffit pas toujours sans le cachet officiel exig\u00e9. Documents refus\u00e9s. D\u00e9lais bloqu\u00e9s. Projets paralys\u00e9s.Ambassades, minist\u00e8res, douanes, tribunaux : toutes les autorit\u00e9s exigent une traduction certifi\u00e9e conforme, souvent reconnue par un notaire ou autorit\u00e9 locale. Vous avez&#8230;<\/p>","protected":false},"author":1,"featured_media":0,"parent":53,"menu_order":0,"comment_status":"closed","ping_status":"closed","template":"","meta":{"footnotes":""},"class_list":["post-4248","page","type-page","status-publish","hentry"],"_links":{"self":[{"href":"https:\/\/www.chinabrandoffice.com\/es\/wp-json\/wp\/v2\/pages\/4248","targetHints":{"allow":["GET"]}}],"collection":[{"href":"https:\/\/www.chinabrandoffice.com\/es\/wp-json\/wp\/v2\/pages"}],"about":[{"href":"https:\/\/www.chinabrandoffice.com\/es\/wp-json\/wp\/v2\/types\/page"}],"author":[{"embeddable":true,"href":"https:\/\/www.chinabrandoffice.com\/es\/wp-json\/wp\/v2\/users\/1"}],"replies":[{"embeddable":true,"href":"https:\/\/www.chinabrandoffice.com\/es\/wp-json\/wp\/v2\/comments?post=4248"}],"version-history":[{"count":17,"href":"https:\/\/www.chinabrandoffice.com\/es\/wp-json\/wp\/v2\/pages\/4248\/revisions"}],"predecessor-version":[{"id":4744,"href":"https:\/\/www.chinabrandoffice.com\/es\/wp-json\/wp\/v2\/pages\/4248\/revisions\/4744"}],"up":[{"embeddable":true,"href":"https:\/\/www.chinabrandoffice.com\/es\/wp-json\/wp\/v2\/pages\/53"}],"wp:attachment":[{"href":"https:\/\/www.chinabrandoffice.com\/es\/wp-json\/wp\/v2\/media?parent=4248"}],"curies":[{"name":"wp","href":"https:\/\/api.w.org\/{rel}","templated":true}]}}