{"id":4230,"date":"2025-05-22T07:01:16","date_gmt":"2025-05-22T07:01:16","guid":{"rendered":"https:\/\/mediumturquoise-squid-939497.hostingersite.com\/?page_id=4230"},"modified":"2025-07-03T06:24:17","modified_gmt":"2025-07-03T06:24:17","slug":"surveillance-veille-juridique","status":"publish","type":"page","link":"https:\/\/www.chinabrandoffice.com\/it\/services\/surveillance-veille-juridique\/","title":{"rendered":"Monitoraggio e Vigilanza Legale"},"content":{"rendered":"<div data-elementor-type=\"wp-page\" data-elementor-id=\"4230\" class=\"elementor elementor-4230\">\n\t\t\t\t<div class=\"elementor-element elementor-element-5a81972 e-flex e-con-boxed e-con e-parent\" data-id=\"5a81972\" data-element_type=\"container\" data-e-type=\"container\">\n\t\t\t\t\t<div class=\"e-con-inner\">\n\t\t<div class=\"elementor-element elementor-element-131fae2d e-con-full e-flex e-con e-child\" data-id=\"131fae2d\" data-element_type=\"container\" data-e-type=\"container\">\n\t\t\r\n\t\t<div class=\"elementor-element elementor-element-23ea7825 elementor-widget elementor-widget-text-editor\" data-id=\"23ea7825\" data-element_type=\"widget\" data-e-type=\"widget\" data-widget_type=\"text-editor.default\">\n\t\t\t\t<div class=\"elementor-widget-container\">\n\t\t\t\t\t\t\t\t\t<h1>Monitoraggio e Vigilanza Legale<\/h1>\t\t\t\t\t\t\t\t<\/div>\n\t\t\t\t<\/div>\n\t\t\t\t<div class=\"elementor-element elementor-element-1836a764 elementor-widget__width-initial elementor-widget elementor-widget-image\" data-id=\"1836a764\" data-element_type=\"widget\" data-e-type=\"widget\" data-widget_type=\"image.default\">\n\t\t\t\t<div class=\"elementor-widget-container\">\n\t\t\t\t\t\t\t\t\t\t\t\t\t\t\t<img fetchpriority=\"high\" decoding=\"async\" width=\"580\" height=\"580\" src=\"https:\/\/www.chinabrandoffice.com\/wp-content\/uploads\/2025\/05\/CHA-SHI-VEILLE-JURIDIQUE-CHINE-580x580.png\" class=\"attachment-ensaf-shop-single size-ensaf-shop-single wp-image-4484\" alt=\"JURIDICAL CHECK CHINA\" srcset=\"https:\/\/www.chinabrandoffice.com\/wp-content\/uploads\/2025\/05\/CHA-SHI-VEILLE-JURIDIQUE-CHINE-580x580.png 580w, https:\/\/www.chinabrandoffice.com\/wp-content\/uploads\/2025\/05\/CHA-SHI-VEILLE-JURIDIQUE-CHINE-300x300.png 300w, https:\/\/www.chinabrandoffice.com\/wp-content\/uploads\/2025\/05\/CHA-SHI-VEILLE-JURIDIQUE-CHINE-150x150.png 150w, https:\/\/www.chinabrandoffice.com\/wp-content\/uploads\/2025\/05\/CHA-SHI-VEILLE-JURIDIQUE-CHINE-768x768.png 768w, https:\/\/www.chinabrandoffice.com\/wp-content\/uploads\/2025\/05\/CHA-SHI-VEILLE-JURIDIQUE-CHINE-80x80.png 80w, https:\/\/www.chinabrandoffice.com\/wp-content\/uploads\/2025\/05\/CHA-SHI-VEILLE-JURIDIQUE-CHINE-400x400.png 400w, https:\/\/www.chinabrandoffice.com\/wp-content\/uploads\/2025\/05\/CHA-SHI-VEILLE-JURIDIQUE-CHINE-85x85.png 85w, https:\/\/www.chinabrandoffice.com\/wp-content\/uploads\/2025\/05\/CHA-SHI-VEILLE-JURIDIQUE-CHINE-600x600.png 600w, https:\/\/www.chinabrandoffice.com\/wp-content\/uploads\/2025\/05\/CHA-SHI-VEILLE-JURIDIQUE-CHINE-100x100.png 100w, https:\/\/www.chinabrandoffice.com\/wp-content\/uploads\/2025\/05\/CHA-SHI-VEILLE-JURIDIQUE-CHINE-460x460.png 460w, https:\/\/www.chinabrandoffice.com\/wp-content\/uploads\/2025\/05\/CHA-SHI-VEILLE-JURIDIQUE-CHINE.png 1024w\" sizes=\"(max-width: 580px) 100vw, 580px\" \/>\t\t\t\t\t\t\t\t\t\t\t\t\t\t\t<\/div>\n\t\t\t\t<\/div>\n\t\t\t\t<div class=\"elementor-element elementor-element-578bb7f1 elementor-widget elementor-widget-heading\" data-id=\"578bb7f1\" data-element_type=\"widget\" data-e-type=\"widget\" data-widget_type=\"heading.default\">\n\t\t\t\t<div class=\"elementor-widget-container\">\n\t\t\t\t\t<h1 class=\"elementor-heading-title elementor-size-default\">Veille &amp; Surveillance : d\u00e9tecter avant qu\u2019il ne soit trop tard.<\/h1>\t\t\t\t<\/div>\n\t\t\t\t<\/div>\n\t\t\t\t<div class=\"elementor-element elementor-element-200f2e9b elementor-widget elementor-widget-text-editor\" data-id=\"200f2e9b\" data-element_type=\"widget\" data-e-type=\"widget\" data-widget_type=\"text-editor.default\">\n\t\t\t\t<div class=\"elementor-widget-container\">\n\t\t\t\t\t\t\t\t\t<p data-start=\"374\" data-end=\"660\" class=\"translation-block\">Registrare il proprio marchio \u00e8 un passo. Proteggerlo nel tempo \u00e8 un altro.<br data-start=\"454\" data-end=\"457\">Il sistema cinese si basa su depositi massicci, imitatori agili e una banca dati aperta. Ogni giorno possono essere registrati marchi simili al vostro senza che ne siate informati.<\/p><p data-start=\"662\" data-end=\"802\"><strong>Senza un monitoraggio attivo, scoprite troppo tardi che un concorrente, un ex distributore o uno speculatore ha registrato un marchio simile.<\/strong><\/p>\t\t\t\t\t\t\t\t<\/div>\n\t\t\t\t<\/div>\n\t\t\t\t<div class=\"elementor-element elementor-element-1165052a elementor-widget elementor-widget-text-editor\" data-id=\"1165052a\" data-element_type=\"widget\" data-e-type=\"widget\" data-widget_type=\"text-editor.default\">\n\t\t\t\t<div class=\"elementor-widget-container\">\n\t\t\t\t\t\t\t\t\t<p data-start=\"868\" data-end=\"1050\"><strong>Contrairement \u00e0 l\u2019Europe, le CNIPA ne vous informe pas automatiquement des d\u00e9p\u00f4ts similaires.<\/strong><br data-start=\"965\" data-end=\"968\" \/>Spetta a te \u2014 o al tuo consulente \u2014 implementare un monitoraggio regolare per:<\/p><ul data-start=\"1051\" data-end=\"1242\"><li data-start=\"1051\" data-end=\"1113\"><p data-start=\"1053\" data-end=\"1113\">individuare depositi simili o identici al vostro marchio,<\/p><\/li><li data-start=\"1114\" data-end=\"1167\"><p data-start=\"1116\" data-end=\"1167\">identificare le classi o i settori correlati presi di mira,<\/p><\/li><li data-start=\"1168\" data-end=\"1242\"><p data-start=\"1170\" data-end=\"1242\">agire entro i termini legali di opposizione (3 mesi dopo la pubblicazione).<\/p><\/li><\/ul><p data-start=\"1244\" data-end=\"1320\">Senza monitoraggio, nessuna azione \u00e8 possibile. Senza azione, convalida automatica.<\/p>\t\t\t\t\t\t\t\t<\/div>\n\t\t\t\t<\/div>\n\t\t\t\t<div class=\"elementor-element elementor-element-5aee3ffc elementor-widget elementor-widget-heading\" data-id=\"5aee3ffc\" data-element_type=\"widget\" data-e-type=\"widget\" data-widget_type=\"heading.default\">\n\t\t\t\t<div class=\"elementor-widget-container\">\n\t\t\t\t\t<h1 class=\"elementor-heading-title elementor-size-default\">Cosa monitoriamo?<\/h1>\t\t\t\t<\/div>\n\t\t\t\t<\/div>\n\t\t\t\t<div class=\"elementor-element elementor-element-3e747cf7 elementor-widget elementor-widget-text-editor\" data-id=\"3e747cf7\" data-element_type=\"widget\" data-e-type=\"widget\" data-widget_type=\"text-editor.default\">\n\t\t\t\t<div class=\"elementor-widget-container\">\n\t\t\t\t\t\t\t\t\t<p data-start=\"1368\" data-end=\"1494\" class=\"translation-block\">Il nostro sistema di monitoraggio legale scansiona in tempo reale le banche dati del CNIPA. Ti avvisiamo immediatamente in caso di:<\/p><ul data-start=\"1495\" data-end=\"1704\"><li data-start=\"1495\" data-end=\"1545\"><p data-start=\"1497\" data-end=\"1545\">deposito di un nome identico o simile al tuo,<\/p><\/li><li data-start=\"1546\" data-end=\"1581\"><p data-start=\"1548\" data-end=\"1581\">imitazione visiva o fonetica,<\/p><\/li><li data-start=\"1582\" data-end=\"1640\"><p data-start=\"1584\" data-end=\"1640\">tentativo di deposito in una nuova classe strategica,<\/p><\/li><li data-start=\"1641\" data-end=\"1704\"><p data-start=\"1643\" data-end=\"1704\">azioni sospette da parte di partner o distributori in Cina.<\/p><\/li><\/ul><p><span style=\"text-decoration: underline;\">Ecco cosa facciamo:<\/span><\/p>\t\t\t\t\t\t\t\t<\/div>\n\t\t\t\t<\/div>\n\t\t\t\t<div class=\"elementor-element elementor-element-52333e63 elementor-widget elementor-widget-html\" data-id=\"52333e63\" data-element_type=\"widget\" data-e-type=\"widget\" data-widget_type=\"html.default\">\n\t\t\t\t<div class=\"elementor-widget-container\">\n\t\t\t\t\t<div style=\"display: grid; grid-template-columns: 1fr 1fr; gap: 30px; padding: 10px 0;\">\n  <ul style=\"list-style-type: disc; padding-left: 20px; margin: 0;\">\n    <li>Configurazione di un monitoraggio mirato su marchi e settori<\/li>\n    <li>Scansione quotidiana dei depositi CNIPA (banche dati ufficiali cinesi)<\/li>\n    <li>Avvisi immediati via email con analisi legale<\/li>\n    <li>Raccomandazione strategica (opposizione, osservazione o silenzio)<\/li>\n  <\/ul>\n  <ul style=\"list-style-type: disc; padding-left: 20px; margin: 0;\">\n    <li>Opzione di monitoraggio esteso (nomi simili, varianti fonetiche)<\/li>\n    <li>Monitoraggio dei depositi sospetti da parte di terzi o distributori<\/li>\n    <li>Archiviazione strutturata degli avvisi e delle decisioni<\/li>\n    <li>Supporto per qualsiasi azione da intraprendere (CNIPA o legale)<\/li>\n  <\/ul>\n<\/div>\n\n\t\t\t\t<\/div>\n\t\t\t\t<\/div>\n\t\t<div class=\"elementor-element elementor-element-6d632322 e-con-full e-flex e-con e-child\" data-id=\"6d632322\" data-element_type=\"container\" data-e-type=\"container\">\n\t\t<div class=\"elementor-element elementor-element-493c5e3a e-con-full e-flex e-con e-child\" data-id=\"493c5e3a\" data-element_type=\"container\" data-e-type=\"container\">\n\t\t\t\t<div class=\"elementor-element elementor-element-6d63a09d elementor-widget-mobile__width-inherit elementor-widget__width-initial elementor-widget elementor-widget-image\" data-id=\"6d63a09d\" data-element_type=\"widget\" data-e-type=\"widget\" data-widget_type=\"image.default\">\n\t\t\t\t<div class=\"elementor-widget-container\">\n\t\t\t\t\t\t\t\t\t\t\t\t\t\t\t<img decoding=\"async\" width=\"316\" height=\"274\" src=\"https:\/\/www.chinabrandoffice.com\/wp-content\/uploads\/2024\/12\/about-3-small.jpg\" class=\"attachment-ensaf_425X325 size-ensaf_425X325 wp-image-766\" alt=\"veille juridique\" srcset=\"https:\/\/www.chinabrandoffice.com\/wp-content\/uploads\/2024\/12\/about-3-small.jpg 316w, https:\/\/www.chinabrandoffice.com\/wp-content\/uploads\/2024\/12\/about-3-small-300x260.jpg 300w\" sizes=\"(max-width: 316px) 100vw, 316px\" \/>\t\t\t\t\t\t\t\t\t\t\t\t\t\t\t<\/div>\n\t\t\t\t<\/div>\n\t\t\t\t<\/div>\n\t\t<div class=\"elementor-element elementor-element-196d9fd8 e-con-full e-flex e-con e-child\" data-id=\"196d9fd8\" data-element_type=\"container\" data-e-type=\"container\">\n\t\t\t\t<div class=\"elementor-element elementor-element-3d702316 elementor-widget elementor-widget-text-editor\" data-id=\"3d702316\" data-element_type=\"widget\" data-e-type=\"widget\" data-widget_type=\"text-editor.default\">\n\t\t\t\t<div class=\"elementor-widget-container\">\n\t\t\t\t\t\t\t\t\t<h2 data-start=\"1708\" data-end=\"1761\">Un approccio preventivo ed economico.<\/h2><p data-start=\"1763\" data-end=\"2120\" class=\"translation-block\">Agire in tempo costa molto meno che rimediare dopo.<br data-start=\"2681\" data-end=\"2684\">La sorveglianza legale \u00e8 una garanzia strategica: vi consente di difendere i vostri diritti, evitare lunghi contenziosi o individuare la malafede prima che si trasformi in causa legale.<br data-start=\"2901\" data-end=\"2904\">\u00c8 anche un segnale forte ai vostri concorrenti: siete presenti, attivi e protetti.<\/p>\t\t\t\t\t\t\t\t<\/div>\n\t\t\t\t<\/div>\n\t\t\t\t<\/div>\n\t\t\t\t<\/div>\n\t\t\t\t<\/div>\n\t\t<div class=\"elementor-element elementor-element-2a42400d e-con-full e-flex e-con e-child\" data-id=\"2a42400d\" data-element_type=\"container\" data-e-type=\"container\">\n\t\t\t\t<div class=\"elementor-element elementor-element-205b519 elementor-widget elementor-widget-ensafservicelist\" data-id=\"205b519\" data-element_type=\"widget\" data-e-type=\"widget\" data-widget_type=\"ensafservicelist.default\">\n\t\t\t\t<div class=\"elementor-widget-container\">\n\t\t\t\t\t<div class=\"widget widget_categories\"><h3 class=\"widget_title\">I Nostri Servizi<\/h3><ul><li><a href=\"https:\/\/www.chinabrandoffice.com\/it\/services\/protection-de-marques-en-chine\/\">Protezione dei marchi in Cina<\/a><span><i class=\"fa-sharp fa-light fa-arrow-right\"><\/i><\/span><\/li><li><a href=\"https:\/\/www.chinabrandoffice.com\/it\/services\/surveillance-veille-juridique\/\">Monitoraggio e Vigilanza Legale<\/a><span><i class=\"fa-sharp fa-light fa-arrow-right\"><\/i><\/span><\/li><li><a href=\"https:\/\/www.chinabrandoffice.com\/it\/services\/audit-et-strategie-de-propriete-intellectuelle\/\">Audit e strategia di Propriet\u00e0 Intellettuale<\/a><span><i class=\"fa-sharp fa-light fa-arrow-right\"><\/i><\/span><\/li><li><a href=\"https:\/\/www.chinabrandoffice.com\/it\/services\/oppositions-contentieux\/\">Opposizioni e Contenziosi<\/a><span><i class=\"fa-sharp fa-light fa-arrow-right\"><\/i><\/span><\/li><li><a href=\"https:\/\/www.chinabrandoffice.com\/it\/services\/traductions-certifiees-legalisees\/\">Traduzioni Certificate \/ Legalizzate<\/a><span><i class=\"fa-sharp fa-light fa-arrow-right\"><\/i><\/span><\/li><li><a href=\"https:\/\/www.chinabrandoffice.com\/it\/services\/conseil-en-propriete-intellectuelle\/\">Consulenza in Propriet\u00e0 Intellettuale<\/a><span><i class=\"fa-sharp fa-light fa-arrow-right\"><\/i><\/span><\/li><\/ul><\/div>\t\t\t\t<\/div>\n\t\t\t\t<\/div>\n\t\t\t\t<div class=\"elementor-element elementor-element-1012e49b elementor-widget elementor-widget-ensafcontactinfo\" data-id=\"1012e49b\" data-element_type=\"widget\" data-e-type=\"widget\" data-widget_type=\"ensafcontactinfo.default\">\n\t\t\t\t<div class=\"elementor-widget-container\">\n\t\t\t\t\t<div class=\"widget widget_call\"><div class=\"widget-call\"><h4 class=\"box-title\">Hai bisogno di aiuto?<\/h4><p class=\"box_text\">Contattaci 24\/7 \u2013 siamo reattivi:<\/p><div class=\"widget_call\"><div class=\"info-box\"><div class=\"info-box_icon\"><i class=\"fas fa-phone\"><\/i><\/div><div><span class=\"info-box_subtitle\">Per telefono<\/span><p class=\"info-box_text\"><a href=\"tel:+33633154007\" class=\"info-box_link\">+33 6 33 15 40 07<\/a>\n<\/p><\/div><\/div><div class=\"info-box\"><div class=\"info-box_icon\"><i class=\"fas fa-envelope\"><\/i><\/div><div><span class=\"info-box_subtitle\">Via email<\/span><p class=\"info-box_text\"><a href=\"mailto:contact@chinabrandoffice.com\" class=\"info-box_link\">contact@chinabrandoffice.com<\/a><\/p><\/div><\/div><div class=\"info-box\"><div class=\"info-box_icon\"><i class=\"fa-solid fa-location-dot\"><\/i><\/div><div><span class=\"info-box_subtitle\">Ufficio in Cina<\/span><p class=\"info-box_text\">N. 699, via Jiaozhou, distretto di Jingan, 200040 Shanghai, Cina<\/p><\/div><\/div><\/div><\/div><\/div>\t\t\t\t<\/div>\n\t\t\t\t<\/div>\n\t\t\t\t<div class=\"elementor-element elementor-element-7bca5754 elementor-widget__width-initial elementor-widget elementor-widget-ensafcontactinfo\" data-id=\"7bca5754\" data-element_type=\"widget\" data-e-type=\"widget\" data-widget_type=\"ensafcontactinfo.default\">\n\t\t\t\t<div class=\"elementor-widget-container\">\n\t\t\t\t\t<div class=\"contact-icon-wrap\"><div class=\"info-box\"><div class=\"info-box_icon\"><img decoding=\"async\" src=\"https:\/\/mediumturquoise-squid-939497.hostingersite.com\/wp-content\/uploads\/2025\/05\/CBO-sans-fond-or.png\" alt=\"CBO sans fond or\"  \/><\/div><div class=\"info-contnt\"><h4 class=\"footer-info-title\">CHINA BRAND OFFICE<\/h4><p class=\"info-box_text\"><div style=\"writing-mode: vertical-rl;font-family: 'Playfair Display', serif;font-size: 25px;font-weight: 600;color: #0000FF;text-align: center;line-height: 1.9;letter-spacing: 1.9px;margin-top:20px\">\n  IN CINA, UN MARCHIO SENZA SORVEGLIANZA \u00c8 UN MARCHIO REGALATO.<br>\n  LA MINACCIA NON AVVERTE. LA NOSTRA SORVEGLIANZA, S\u00cc.\n<\/div>\n<\/p><\/div><\/div><\/div>\t\t\t\t<\/div>\n\t\t\t\t<\/div>\n\t\t\t\t<\/div>\n\t\t\t\t\t<\/div>\n\t\t\t\t<\/div>\n\t\t<div class=\"elementor-element elementor-element-4fa7f21e e-flex e-con-boxed e-con e-parent\" data-id=\"4fa7f21e\" data-element_type=\"container\" data-e-type=\"container\" data-settings=\"{&quot;background_background&quot;:&quot;classic&quot;}\">\n\t\t\t\t\t<div class=\"e-con-inner\">\n\t\t\t\t<div class=\"elementor-element elementor-element-133f87d0 elementor-widget elementor-widget-heading\" data-id=\"133f87d0\" data-element_type=\"widget\" data-e-type=\"widget\" data-widget_type=\"heading.default\">\n\t\t\t\t<div class=\"elementor-widget-container\">\n\t\t\t\t\t<h2 class=\"elementor-heading-title elementor-size-default\">CBO \u00e8 il partner legale di fiducia scelto da centinaia di professionisti in tutta Europa.<\/h2>\t\t\t\t<\/div>\n\t\t\t\t<\/div>\n\t\t\t\t<div class=\"elementor-element elementor-element-239af87 elementor-widget elementor-widget-ensafclientlogos\" data-id=\"239af87\" data-element_type=\"widget\" data-e-type=\"widget\" data-widget_type=\"ensafclientlogos.default\">\n\t\t\t\t<div class=\"elementor-widget-container\">\n\t\t\t\t\t<div class=\"swiper th-slider\" id=\"brand-slider-1\" data-slider-options='{\"breakpoints\":{\"0\":{\"slidesPerView\":2},\"576\":{\"slidesPerView\":\"2\"},\"768\":{\"slidesPerView\":\"3\"},\"992\":{\"slidesPerView\":\"4\"},\"1200\":{\"slidesPerView\":\"5\"},\"1400\":{\"slidesPerView\":\"6\"}}}'><div class=\"swiper-wrapper\"><div class=\"swiper-slide\"><div class=\"brand-box\"><a href=\"https:\/\/www.chinabrandoffice.com\/it\/about\/\"><img decoding=\"async\" src=\"https:\/\/chinabrandoffice.com\/wp-content\/uploads\/2024\/12\/brand_2_4-1.svg\" alt=\"brand_2_4 1\"  \/><\/a><\/div><\/div><div class=\"swiper-slide\"><div class=\"brand-box\"><a href=\"https:\/\/www.chinabrandoffice.com\/it\/about\/\"><img decoding=\"async\" src=\"https:\/\/chinabrandoffice.com\/wp-content\/uploads\/2024\/12\/brand_2_5-1.svg\" alt=\"brand_2_5 1\"  \/><\/a><\/div><\/div><div class=\"swiper-slide\"><div class=\"brand-box\"><a href=\"https:\/\/www.chinabrandoffice.com\/it\/about\/\"><img decoding=\"async\" src=\"https:\/\/chinabrandoffice.com\/wp-content\/uploads\/2024\/12\/brand_2_6-1.svg\" alt=\"brand_2_6 1\"  \/><\/a><\/div><\/div><div class=\"swiper-slide\"><div class=\"brand-box\"><a href=\"https:\/\/www.chinabrandoffice.com\/it\/about\/\"><img decoding=\"async\" src=\"https:\/\/chinabrandoffice.com\/wp-content\/uploads\/2024\/12\/brand_2_1-1.svg\" alt=\"brand_2_1 1\"  \/><\/a><\/div><\/div><div class=\"swiper-slide\"><div class=\"brand-box\"><a href=\"https:\/\/www.chinabrandoffice.com\/it\/about\/\"><img decoding=\"async\" src=\"https:\/\/chinabrandoffice.com\/wp-content\/uploads\/2024\/12\/brand_2_2-1.svg\" alt=\"brand_2_2 1\"  \/><\/a><\/div><\/div><div class=\"swiper-slide\"><div class=\"brand-box\"><a href=\"https:\/\/www.chinabrandoffice.com\/it\/about\/\"><img decoding=\"async\" src=\"https:\/\/chinabrandoffice.com\/wp-content\/uploads\/2024\/12\/brand_2_3-1.svg\" alt=\"brand_2_3 1\"  \/><\/a><\/div><\/div><div class=\"swiper-slide\"><div class=\"brand-box\"><a href=\"https:\/\/www.chinabrandoffice.com\/it\/about\/\"><img decoding=\"async\" src=\"https:\/\/chinabrandoffice.com\/wp-content\/uploads\/2024\/12\/brand_2_4-1.svg\" alt=\"brand_2_4 1\"  \/><\/a><\/div><\/div><div class=\"swiper-slide\"><div class=\"brand-box\"><a href=\"https:\/\/www.chinabrandoffice.com\/it\/about\/\"><img decoding=\"async\" src=\"https:\/\/chinabrandoffice.com\/wp-content\/uploads\/2024\/12\/brand_2_5-1.svg\" alt=\"brand_2_5 1\"  \/><\/a><\/div><\/div><div class=\"swiper-slide\"><div class=\"brand-box\"><a href=\"https:\/\/www.chinabrandoffice.com\/it\/about\/\"><img decoding=\"async\" src=\"https:\/\/chinabrandoffice.com\/wp-content\/uploads\/2024\/12\/brand_2_6-1.svg\" alt=\"brand_2_6 1\"  \/><\/a><\/div><\/div><div class=\"swiper-slide\"><div class=\"brand-box\"><a href=\"https:\/\/www.chinabrandoffice.com\/it\/about\/\"><img decoding=\"async\" src=\"https:\/\/chinabrandoffice.com\/wp-content\/uploads\/2024\/12\/brand_2_1-1.svg\" alt=\"brand_2_1 1\"  \/><\/a><\/div><\/div><div class=\"swiper-slide\"><div class=\"brand-box\"><a href=\"https:\/\/www.chinabrandoffice.com\/it\/about\/\"><img decoding=\"async\" src=\"https:\/\/chinabrandoffice.com\/wp-content\/uploads\/2024\/12\/brand_2_2-1.svg\" alt=\"brand_2_2 1\"  \/><\/a><\/div><\/div><div class=\"swiper-slide\"><div class=\"brand-box\"><a href=\"https:\/\/www.chinabrandoffice.com\/it\/about\/\"><img decoding=\"async\" src=\"https:\/\/chinabrandoffice.com\/wp-content\/uploads\/2024\/12\/brand_2_3-1.svg\" alt=\"brand_2_3 1\"  \/><\/a><\/div><\/div><\/div><\/div>\t\t\t\t<\/div>\n\t\t\t\t<\/div>\n\t\t\t\t\t<\/div>\n\t\t\t\t<\/div>\n\t\t\t\t<\/div>","protected":false},"excerpt":{"rendered":"<p>Surveillance &amp; Veille Juridique Veille &amp; Surveillance : d\u00e9tecter avant qu\u2019il ne soit trop tard. D\u00e9poser sa marque est une \u00e9tape. La prot\u00e9ger dans la dur\u00e9e en est une autre.Le syst\u00e8me chinois repose sur des d\u00e9p\u00f4ts massifs, des imitateurs agiles, et une base de donn\u00e9es ouverte. Chaque jour, des marques proches de la v\u00f4tre peuvent&#8230;<\/p>","protected":false},"author":1,"featured_media":0,"parent":53,"menu_order":0,"comment_status":"closed","ping_status":"closed","template":"","meta":{"footnotes":""},"class_list":["post-4230","page","type-page","status-publish","hentry"],"_links":{"self":[{"href":"https:\/\/www.chinabrandoffice.com\/it\/wp-json\/wp\/v2\/pages\/4230","targetHints":{"allow":["GET"]}}],"collection":[{"href":"https:\/\/www.chinabrandoffice.com\/it\/wp-json\/wp\/v2\/pages"}],"about":[{"href":"https:\/\/www.chinabrandoffice.com\/it\/wp-json\/wp\/v2\/types\/page"}],"author":[{"embeddable":true,"href":"https:\/\/www.chinabrandoffice.com\/it\/wp-json\/wp\/v2\/users\/1"}],"replies":[{"embeddable":true,"href":"https:\/\/www.chinabrandoffice.com\/it\/wp-json\/wp\/v2\/comments?post=4230"}],"version-history":[{"count":14,"href":"https:\/\/www.chinabrandoffice.com\/it\/wp-json\/wp\/v2\/pages\/4230\/revisions"}],"predecessor-version":[{"id":4747,"href":"https:\/\/www.chinabrandoffice.com\/it\/wp-json\/wp\/v2\/pages\/4230\/revisions\/4747"}],"up":[{"embeddable":true,"href":"https:\/\/www.chinabrandoffice.com\/it\/wp-json\/wp\/v2\/pages\/53"}],"wp:attachment":[{"href":"https:\/\/www.chinabrandoffice.com\/it\/wp-json\/wp\/v2\/media?parent=4230"}],"curies":[{"name":"wp","href":"https:\/\/api.w.org\/{rel}","templated":true}]}}