{"id":4236,"date":"2025-05-22T07:06:40","date_gmt":"2025-05-22T07:06:40","guid":{"rendered":"https:\/\/mediumturquoise-squid-939497.hostingersite.com\/?page_id=4236"},"modified":"2025-07-03T06:26:34","modified_gmt":"2025-07-03T06:26:34","slug":"audit-et-strategie-de-propriete-intellectuelle","status":"publish","type":"page","link":"https:\/\/www.chinabrandoffice.com\/it\/services\/audit-et-strategie-de-propriete-intellectuelle\/","title":{"rendered":"Audit e strategia di Propriet\u00e0 Intellettuale"},"content":{"rendered":"<div data-elementor-type=\"wp-page\" data-elementor-id=\"4236\" class=\"elementor elementor-4236\">\n\t\t\t\t<div class=\"elementor-element elementor-element-71faa780 e-flex e-con-boxed e-con e-parent\" data-id=\"71faa780\" data-element_type=\"container\" data-e-type=\"container\">\n\t\t\t\t\t<div class=\"e-con-inner\">\n\t\t<div class=\"elementor-element elementor-element-266cbd99 e-con-full e-flex e-con e-child\" data-id=\"266cbd99\" data-element_type=\"container\" data-e-type=\"container\">\n\t\t\r\n\t\t<div class=\"elementor-element elementor-element-5ea2f49 elementor-widget elementor-widget-text-editor\" data-id=\"5ea2f49\" data-element_type=\"widget\" data-e-type=\"widget\" data-widget_type=\"text-editor.default\">\n\t\t\t\t<div class=\"elementor-widget-container\">\n\t\t\t\t\t\t\t\t\t<h1>Audit e strategia di Propriet\u00e0 Intellettuale<\/h1>\t\t\t\t\t\t\t\t<\/div>\n\t\t\t\t<\/div>\n\t\t\t\t<div class=\"elementor-element elementor-element-4c1727b elementor-widget__width-initial elementor-widget elementor-widget-image\" data-id=\"4c1727b\" data-element_type=\"widget\" data-e-type=\"widget\" data-widget_type=\"image.default\">\n\t\t\t\t<div class=\"elementor-widget-container\">\n\t\t\t\t\t\t\t\t\t\t\t\t\t\t\t<img fetchpriority=\"high\" decoding=\"async\" width=\"408\" height=\"300\" src=\"https:\/\/www.chinabrandoffice.com\/wp-content\/uploads\/2024\/12\/service_inner_1.jpg\" class=\"attachment-full size-full wp-image-1096\" alt=\"reunion audit de marque\" srcset=\"https:\/\/www.chinabrandoffice.com\/wp-content\/uploads\/2024\/12\/service_inner_1.jpg 408w, https:\/\/www.chinabrandoffice.com\/wp-content\/uploads\/2024\/12\/service_inner_1-300x221.jpg 300w\" sizes=\"(max-width: 408px) 100vw, 408px\" \/>\t\t\t\t\t\t\t\t\t\t\t\t\t\t\t<\/div>\n\t\t\t\t<\/div>\n\t\t\t\t<div class=\"elementor-element elementor-element-2d96c19a elementor-widget elementor-widget-heading\" data-id=\"2d96c19a\" data-element_type=\"widget\" data-e-type=\"widget\" data-widget_type=\"heading.default\">\n\t\t\t\t<div class=\"elementor-widget-container\">\n\t\t\t\t\t<h1 class=\"elementor-heading-title elementor-size-default\">Perch\u00e9 \u00e8 importante un audit di PI?<\/h1>\t\t\t\t<\/div>\n\t\t\t\t<\/div>\n\t\t\t\t<div class=\"elementor-element elementor-element-54cc8998 elementor-widget elementor-widget-text-editor\" data-id=\"54cc8998\" data-element_type=\"widget\" data-e-type=\"widget\" data-widget_type=\"text-editor.default\">\n\t\t\t\t<div class=\"elementor-widget-container\">\n\t\t\t\t\t\t\t\t\t<p>\u00a0 \u00a0Avant toute action en Chine, un audit de propri\u00e9t\u00e9 intellectuelle s\u2019impose. Il permet d\u2019<strong>identifier les failles de votre portefeuille<\/strong> (marques, noms de domaine, contrats) avant qu\u2019elles ne deviennent des risques. Chez China Brand Office, nous menons cet audit avec une approche terrain : <strong>analyse des titres existants, coh\u00e9rence des classes d\u00e9pos\u00e9es, noms non exploit\u00e9s, traductions incoh\u00e9rentes ou absentes<\/strong>\u2026 Chaque diagnostic est remis avec des recommandations claires, orient\u00e9es vers le march\u00e9 chinois. Notre rapport est clair et compr\u00e9hensible: uniquement des alertes concr\u00e8tes et des axes de correction imm\u00e9diatement exploitables.<\/p>\t\t\t\t\t\t\t\t<\/div>\n\t\t\t\t<\/div>\n\t\t\t\t<div class=\"elementor-element elementor-element-50c5b39f elementor-widget elementor-widget-heading\" data-id=\"50c5b39f\" data-element_type=\"widget\" data-e-type=\"widget\" data-widget_type=\"heading.default\">\n\t\t\t\t<div class=\"elementor-widget-container\">\n\t\t\t\t\t<h1 class=\"elementor-heading-title elementor-size-default\">Cosa facciamo<\/h1>\t\t\t\t<\/div>\n\t\t\t\t<\/div>\n\t\t\t\t<div class=\"elementor-element elementor-element-5badf283 elementor-widget elementor-widget-text-editor\" data-id=\"5badf283\" data-element_type=\"widget\" data-e-type=\"widget\" data-widget_type=\"text-editor.default\">\n\t\t\t\t<div class=\"elementor-widget-container\">\n\t\t\t\t\t\t\t\t\t<p data-start=\"1127\" data-end=\"1239\">Sulla base di questo audit, costruiamo con voi una strategia di deposito o consolidamento personalizzata:<\/p><ul data-start=\"1240\" data-end=\"1474\"><li data-start=\"1240\" data-end=\"1317\"><p data-start=\"1242\" data-end=\"1317\">\u00c8 necessario depositare in nuove classi per anticipare eventuali estensioni?<\/p><\/li><li data-start=\"1318\" data-end=\"1411\"><p data-start=\"1320\" data-end=\"1411\">Une translitt\u00e9ration est-elle n\u00e9cessaire pour prot\u00e9ger votre nom en id\u00e9ogrammes chinois ?<\/p><\/li><li data-start=\"1412\" data-end=\"1474\"><p data-start=\"1414\" data-end=\"1474\">Il vostro nome di dominio \u00e8 a rischio di cybersquatting?<\/p><\/li><\/ul><p data-start=\"1476\" data-end=\"1916\">Analizziamo i vostri canali di distribuzione, le vostre ambizioni (e-commerce, retail, distribuzione diretta) e adattiamo il piano di protezione alla vostra realt\u00e0 commerciale.\nIl nostro team bilingue funge da ponte operativo tra le vostre priorit\u00e0 in Europa e le realt\u00e0 del sistema CNIPA in Cina.\nCollaboriamo con numerosi partner cinesi accreditati, ma restiamo il vostro unico interlocutore.\nSemplicit\u00e0, chiarezza, reattivit\u00e0 e zero barriere linguistiche.<\/p>\t\t\t\t\t\t\t\t<\/div>\n\t\t\t\t<\/div>\n\t\t\t\t<div class=\"elementor-element elementor-element-6d207050 elementor-widget elementor-widget-html\" data-id=\"6d207050\" data-element_type=\"widget\" data-e-type=\"widget\" data-widget_type=\"html.default\">\n\t\t\t\t<div class=\"elementor-widget-container\">\n\t\t\t\t\t<div class=\"checklist style2\">\n  <ul>\n    <li><i class=\"fa-sharp fa-solid fa-circle-check\"><\/i> Audit completo del vostro portafoglio PI (marchi, nomi di dominio)<\/li>\n    <li><i class=\"fa-sharp fa-solid fa-circle-check\"><\/i> Raccomandazioni sulle classi da depositare e sui rischi da correggere<\/li>\n    <li><i class=\"fa-sharp fa-solid fa-circle-check\"><\/i> Consulenza strategica per depositi difensivi o proattivi<\/li>\n    <li><i class=\"fa-sharp fa-solid fa-circle-check\"><\/i> Elaborazione di un piano PI da 12 a 24 mesi in base alle vostre priorit\u00e0<\/li>\n    <li><i class=\"fa-sharp fa-solid fa-circle-check\"><\/i> Niente gergo: una diagnosi chiara e utile dal punto di vista commerciale<\/li>\n    <li><i class=\"fa-sharp fa-solid fa-circle-check\"><\/i> Interfaccia semplificata: comunicate in francese o in inglese, noi traduciamo e gestiamo localmente<\/li>\n  <\/ul>\n<\/div>\n\t\t\t\t<\/div>\n\t\t\t\t<\/div>\n\t\t<div class=\"elementor-element elementor-element-2c2efec9 e-con-full e-flex e-con e-child\" data-id=\"2c2efec9\" data-element_type=\"container\" data-e-type=\"container\">\n\t\t<div class=\"elementor-element elementor-element-7282d162 e-con-full e-flex e-con e-child\" data-id=\"7282d162\" data-element_type=\"container\" data-e-type=\"container\">\n\t\t\t\t<div class=\"elementor-element elementor-element-7bdeb0c4 elementor-widget-mobile__width-inherit elementor-widget__width-initial elementor-widget elementor-widget-image\" data-id=\"7bdeb0c4\" data-element_type=\"widget\" data-e-type=\"widget\" data-widget_type=\"image.default\">\n\t\t\t\t<div class=\"elementor-widget-container\">\n\t\t\t\t\t\t\t\t\t\t\t\t\t\t\t<img decoding=\"async\" width=\"808\" height=\"1164\" src=\"https:\/\/www.chinabrandoffice.com\/wp-content\/uploads\/2025\/05\/TRADEMARKREJECTIONNOTICE_.pic_hd.png\" class=\"attachment-full size-full wp-image-4442\" alt=\"TRADEMARK REJECTION NOTICE TO AVOID THANKS TO DEEPER AUDIT\" srcset=\"https:\/\/www.chinabrandoffice.com\/wp-content\/uploads\/2025\/05\/TRADEMARKREJECTIONNOTICE_.pic_hd.png 808w, https:\/\/www.chinabrandoffice.com\/wp-content\/uploads\/2025\/05\/TRADEMARKREJECTIONNOTICE_.pic_hd-208x300.png 208w, https:\/\/www.chinabrandoffice.com\/wp-content\/uploads\/2025\/05\/TRADEMARKREJECTIONNOTICE_.pic_hd-711x1024.png 711w, https:\/\/www.chinabrandoffice.com\/wp-content\/uploads\/2025\/05\/TRADEMARKREJECTIONNOTICE_.pic_hd-768x1106.png 768w, https:\/\/www.chinabrandoffice.com\/wp-content\/uploads\/2025\/05\/TRADEMARKREJECTIONNOTICE_.pic_hd-600x864.png 600w\" sizes=\"(max-width: 808px) 100vw, 808px\" \/>\t\t\t\t\t\t\t\t\t\t\t\t\t\t\t<\/div>\n\t\t\t\t<\/div>\n\t\t\t\t<\/div>\n\t\t<div class=\"elementor-element elementor-element-4cee7352 e-con-full e-flex e-con e-child\" data-id=\"4cee7352\" data-element_type=\"container\" data-e-type=\"container\">\n\t\t\t\t<div class=\"elementor-element elementor-element-29a34131 elementor-widget__width-initial elementor-widget elementor-widget-text-editor\" data-id=\"29a34131\" data-element_type=\"widget\" data-e-type=\"widget\" data-widget_type=\"text-editor.default\">\n\t\t\t\t<div class=\"elementor-widget-container\">\n\t\t\t\t\t\t\t\t\t<h2 data-start=\"1708\" data-end=\"1761\"><strong data-start=\"1715\" data-end=\"1761\">Il nostro impegno: anticipare, proteggere meglio.<\/strong><\/h2><p data-start=\"492\" data-end=\"829\" class=\"translation-block\">Oltre al deposito, offriamo un audit di propriet\u00e0 intellettuale in Cina per chi desidera strutturare la propria protezione nel lungo termine.<br data-start=\"638\" data-end=\"641\">Questo servizio consente di anticipare conflitti, rilevare eventuali debolezze del portafoglio e adattare le scelte di classi o traduzioni alla realt\u00e0 del mercato cinese.<\/p><p data-start=\"831\" data-end=\"992\" class=\"translation-block\">\u00c8 una soluzione particolarmente utile:<br>\u2013 per consolidare un marchio esistente prima di un\u2019espansione,<br data-start=\"930\" data-end=\"933\">\u2013 o per guidare la scelta di un nome prima di un lancio.<\/p><p data-start=\"994\" data-end=\"1118\">L\u2019obiettivo: trasformare una semplice formalit\u00e0 in una vera leva strategica, senza complicare inutilmente il vostro percorso.<\/p>\t\t\t\t\t\t\t\t<\/div>\n\t\t\t\t<\/div>\n\t\t\t\t<\/div>\n\t\t\t\t<\/div>\n\t\t\t\t<\/div>\n\t\t<div class=\"elementor-element elementor-element-3f257c84 e-con-full e-flex e-con e-child\" data-id=\"3f257c84\" data-element_type=\"container\" data-e-type=\"container\">\n\t\t\t\t<div class=\"elementor-element elementor-element-5a2e39c0 elementor-widget elementor-widget-ensafservicelist\" data-id=\"5a2e39c0\" data-element_type=\"widget\" data-e-type=\"widget\" data-widget_type=\"ensafservicelist.default\">\n\t\t\t\t<div class=\"elementor-widget-container\">\n\t\t\t\t\t<div class=\"widget widget_categories\"><h3 class=\"widget_title\">I Nostri Servizi<\/h3><ul><li><a href=\"https:\/\/www.chinabrandoffice.com\/it\/services\/protection-de-marques-en-chine\/\">Protezione dei marchi in Cina<\/a><span><i class=\"fa-sharp fa-light fa-arrow-right\"><\/i><\/span><\/li><li><a href=\"https:\/\/www.chinabrandoffice.com\/it\/services\/surveillance-veille-juridique\/\">Monitoraggio e Vigilanza Legale<\/a><span><i class=\"fa-sharp fa-light fa-arrow-right\"><\/i><\/span><\/li><li><a href=\"https:\/\/www.chinabrandoffice.com\/it\/services\/audit-et-strategie-de-propriete-intellectuelle\/\">Audit e strategia di Propriet\u00e0 Intellettuale<\/a><span><i class=\"fa-sharp fa-light fa-arrow-right\"><\/i><\/span><\/li><li><a href=\"https:\/\/www.chinabrandoffice.com\/it\/services\/oppositions-contentieux\/\">Opposizioni e Contenziosi<\/a><span><i class=\"fa-sharp fa-light fa-arrow-right\"><\/i><\/span><\/li><li><a href=\"https:\/\/www.chinabrandoffice.com\/it\/services\/traductions-certifiees-legalisees\/\">Traduzioni Certificate \/ Legalizzate<\/a><span><i class=\"fa-sharp fa-light fa-arrow-right\"><\/i><\/span><\/li><li><a href=\"https:\/\/www.chinabrandoffice.com\/it\/services\/conseil-en-propriete-intellectuelle\/\">Consulenza in Propriet\u00e0 Intellettuale<\/a><span><i class=\"fa-sharp fa-light fa-arrow-right\"><\/i><\/span><\/li><\/ul><\/div>\t\t\t\t<\/div>\n\t\t\t\t<\/div>\n\t\t\t\t<div class=\"elementor-element elementor-element-3f276c15 elementor-widget elementor-widget-ensafcontactinfo\" data-id=\"3f276c15\" data-element_type=\"widget\" data-e-type=\"widget\" data-widget_type=\"ensafcontactinfo.default\">\n\t\t\t\t<div class=\"elementor-widget-container\">\n\t\t\t\t\t<div class=\"widget widget_call\"><div class=\"widget-call\"><h4 class=\"box-title\">Hai bisogno di aiuto?<\/h4><p class=\"box_text\">Contattaci 24\/7 \u2013 siamo reattivi:<\/p><div class=\"widget_call\"><div class=\"info-box\"><div class=\"info-box_icon\"><i class=\"fas fa-phone\"><\/i><\/div><div><span class=\"info-box_subtitle\">Per telefono<\/span><p class=\"info-box_text\"><a href=\"tel:+33633154007\" class=\"info-box_link\">+33 6 33 15 40 07<\/a>\n<\/p><\/div><\/div><div class=\"info-box\"><div class=\"info-box_icon\"><i class=\"fas fa-envelope\"><\/i><\/div><div><span class=\"info-box_subtitle\">Via email<\/span><p class=\"info-box_text\"><a href=\"mailto:contact@chinabrandoffice.com\" class=\"info-box_link\">contact@chinabrandoffice.com<\/a><\/p><\/div><\/div><div class=\"info-box\"><div class=\"info-box_icon\"><i class=\"fa-solid fa-location-dot\"><\/i><\/div><div><span class=\"info-box_subtitle\">Ufficio in Cina<\/span><p class=\"info-box_text\">N. 699, via Jiaozhou, distretto di Jingan, 200040 Shanghai, Cina<\/p><\/div><\/div><\/div><\/div><\/div>\t\t\t\t<\/div>\n\t\t\t\t<\/div>\n\t\t\t\t<div class=\"elementor-element elementor-element-6b2e38d2 elementor-widget__width-initial elementor-widget elementor-widget-ensafcontactinfo\" data-id=\"6b2e38d2\" data-element_type=\"widget\" data-e-type=\"widget\" data-widget_type=\"ensafcontactinfo.default\">\n\t\t\t\t<div class=\"elementor-widget-container\">\n\t\t\t\t\t<div class=\"contact-icon-wrap\"><div class=\"info-box\"><div class=\"info-box_icon\"><img decoding=\"async\" src=\"https:\/\/mediumturquoise-squid-939497.hostingersite.com\/wp-content\/uploads\/2025\/05\/CBO-sans-fond-or.png\" alt=\"CBO sans fond or\"  \/><\/div><div class=\"info-contnt\"><h4 class=\"footer-info-title\">CHINA BRAND OFFICE<\/h4><p class=\"info-box_text\"><div style=\"writing-mode: vertical-rl;font-family: 'Playfair Display', serif;font-size: 25px;font-weight: 600;color: #0000FF;text-align: right;line-height: 1.9;letter-spacing: 1.9px;margin-top: 120px\">\n  UNA STRATEGIA DI MARCA INIZIA CON UNA VISIONE D'INSIEME<br>\n  \n<\/p><\/div><\/div><\/div>\t\t\t\t<\/div>\n\t\t\t\t<\/div>\n\t\t\t\t<\/div>\n\t\t\t\t\t<\/div>\n\t\t\t\t<\/div>\n\t\t<div class=\"elementor-element elementor-element-50b002a4 e-flex e-con-boxed e-con e-parent\" data-id=\"50b002a4\" data-element_type=\"container\" data-e-type=\"container\" data-settings=\"{&quot;background_background&quot;:&quot;classic&quot;}\">\n\t\t\t\t\t<div class=\"e-con-inner\">\n\t\t\t\t<div class=\"elementor-element elementor-element-36791ded elementor-widget elementor-widget-heading\" data-id=\"36791ded\" data-element_type=\"widget\" data-e-type=\"widget\" data-widget_type=\"heading.default\">\n\t\t\t\t<div class=\"elementor-widget-container\">\n\t\t\t\t\t<h2 class=\"elementor-heading-title elementor-size-default\">CBO \u00e8 il partner legale di fiducia scelto da centinaia di professionisti in tutta Europa.<\/h2>\t\t\t\t<\/div>\n\t\t\t\t<\/div>\n\t\t\t\t<div class=\"elementor-element elementor-element-74c8f67 elementor-widget elementor-widget-ensafclientlogos\" data-id=\"74c8f67\" data-element_type=\"widget\" data-e-type=\"widget\" data-widget_type=\"ensafclientlogos.default\">\n\t\t\t\t<div class=\"elementor-widget-container\">\n\t\t\t\t\t<div class=\"swiper th-slider\" id=\"brand-slider-1\" data-slider-options='{\"breakpoints\":{\"0\":{\"slidesPerView\":2},\"576\":{\"slidesPerView\":\"2\"},\"768\":{\"slidesPerView\":\"3\"},\"992\":{\"slidesPerView\":\"4\"},\"1200\":{\"slidesPerView\":\"5\"},\"1400\":{\"slidesPerView\":\"6\"}}}'><div class=\"swiper-wrapper\"><div class=\"swiper-slide\"><div class=\"brand-box\"><a href=\"https:\/\/www.chinabrandoffice.com\/it\/about\/\"><img decoding=\"async\" src=\"https:\/\/chinabrandoffice.com\/wp-content\/uploads\/2024\/12\/brand_2_4-1.svg\" alt=\"brand_2_4 1\"  \/><\/a><\/div><\/div><div class=\"swiper-slide\"><div class=\"brand-box\"><a href=\"https:\/\/www.chinabrandoffice.com\/it\/about\/\"><img decoding=\"async\" src=\"https:\/\/chinabrandoffice.com\/wp-content\/uploads\/2024\/12\/brand_2_5-1.svg\" alt=\"brand_2_5 1\"  \/><\/a><\/div><\/div><div class=\"swiper-slide\"><div class=\"brand-box\"><a href=\"https:\/\/www.chinabrandoffice.com\/it\/about\/\"><img decoding=\"async\" src=\"https:\/\/chinabrandoffice.com\/wp-content\/uploads\/2024\/12\/brand_2_6-1.svg\" alt=\"brand_2_6 1\"  \/><\/a><\/div><\/div><div class=\"swiper-slide\"><div class=\"brand-box\"><a href=\"https:\/\/www.chinabrandoffice.com\/it\/about\/\"><img decoding=\"async\" src=\"https:\/\/chinabrandoffice.com\/wp-content\/uploads\/2024\/12\/brand_2_1-1.svg\" alt=\"brand_2_1 1\"  \/><\/a><\/div><\/div><div class=\"swiper-slide\"><div class=\"brand-box\"><a href=\"https:\/\/www.chinabrandoffice.com\/it\/about\/\"><img decoding=\"async\" src=\"https:\/\/chinabrandoffice.com\/wp-content\/uploads\/2024\/12\/brand_2_2-1.svg\" alt=\"brand_2_2 1\"  \/><\/a><\/div><\/div><div class=\"swiper-slide\"><div class=\"brand-box\"><a href=\"https:\/\/www.chinabrandoffice.com\/it\/about\/\"><img decoding=\"async\" src=\"https:\/\/chinabrandoffice.com\/wp-content\/uploads\/2024\/12\/brand_2_3-1.svg\" alt=\"brand_2_3 1\"  \/><\/a><\/div><\/div><div class=\"swiper-slide\"><div class=\"brand-box\"><a href=\"https:\/\/www.chinabrandoffice.com\/it\/about\/\"><img decoding=\"async\" src=\"https:\/\/chinabrandoffice.com\/wp-content\/uploads\/2024\/12\/brand_2_4-1.svg\" alt=\"brand_2_4 1\"  \/><\/a><\/div><\/div><div class=\"swiper-slide\"><div class=\"brand-box\"><a href=\"https:\/\/www.chinabrandoffice.com\/it\/about\/\"><img decoding=\"async\" src=\"https:\/\/chinabrandoffice.com\/wp-content\/uploads\/2024\/12\/brand_2_5-1.svg\" alt=\"brand_2_5 1\"  \/><\/a><\/div><\/div><div class=\"swiper-slide\"><div class=\"brand-box\"><a href=\"https:\/\/www.chinabrandoffice.com\/it\/about\/\"><img decoding=\"async\" src=\"https:\/\/chinabrandoffice.com\/wp-content\/uploads\/2024\/12\/brand_2_6-1.svg\" alt=\"brand_2_6 1\"  \/><\/a><\/div><\/div><div class=\"swiper-slide\"><div class=\"brand-box\"><a href=\"https:\/\/www.chinabrandoffice.com\/it\/about\/\"><img decoding=\"async\" src=\"https:\/\/chinabrandoffice.com\/wp-content\/uploads\/2024\/12\/brand_2_1-1.svg\" alt=\"brand_2_1 1\"  \/><\/a><\/div><\/div><div class=\"swiper-slide\"><div class=\"brand-box\"><a href=\"https:\/\/www.chinabrandoffice.com\/it\/about\/\"><img decoding=\"async\" src=\"https:\/\/chinabrandoffice.com\/wp-content\/uploads\/2024\/12\/brand_2_2-1.svg\" alt=\"brand_2_2 1\"  \/><\/a><\/div><\/div><div class=\"swiper-slide\"><div class=\"brand-box\"><a href=\"https:\/\/www.chinabrandoffice.com\/it\/about\/\"><img decoding=\"async\" src=\"https:\/\/chinabrandoffice.com\/wp-content\/uploads\/2024\/12\/brand_2_3-1.svg\" alt=\"brand_2_3 1\"  \/><\/a><\/div><\/div><\/div><\/div>\t\t\t\t<\/div>\n\t\t\t\t<\/div>\n\t\t\t\t\t<\/div>\n\t\t\t\t<\/div>\n\t\t<div class=\"elementor-element elementor-element-e028012 e-flex e-con-boxed e-con e-parent\" data-id=\"e028012\" data-element_type=\"container\" data-e-type=\"container\">\n\t\t\t\t\t<div class=\"e-con-inner\">\n\t\t\t\t\t<\/div>\n\t\t\t\t<\/div>\n\t\t\t\t<\/div>","protected":false},"excerpt":{"rendered":"<p>Audit et strat\u00e9gie de Propri\u00e9t\u00e9 Intellectuelle Pourquoi un audit PI est-il important? \u00a0 \u00a0Avant toute action en Chine, un audit de propri\u00e9t\u00e9 intellectuelle s\u2019impose. Il permet d\u2019identifier les failles de votre portefeuille (marques, noms de domaine, contrats) avant qu\u2019elles ne deviennent des risques. Chez China Brand Office, nous menons cet audit avec une approche terrain&#8230;<\/p>","protected":false},"author":1,"featured_media":0,"parent":53,"menu_order":0,"comment_status":"closed","ping_status":"closed","template":"","meta":{"footnotes":""},"class_list":["post-4236","page","type-page","status-publish","hentry"],"_links":{"self":[{"href":"https:\/\/www.chinabrandoffice.com\/it\/wp-json\/wp\/v2\/pages\/4236","targetHints":{"allow":["GET"]}}],"collection":[{"href":"https:\/\/www.chinabrandoffice.com\/it\/wp-json\/wp\/v2\/pages"}],"about":[{"href":"https:\/\/www.chinabrandoffice.com\/it\/wp-json\/wp\/v2\/types\/page"}],"author":[{"embeddable":true,"href":"https:\/\/www.chinabrandoffice.com\/it\/wp-json\/wp\/v2\/users\/1"}],"replies":[{"embeddable":true,"href":"https:\/\/www.chinabrandoffice.com\/it\/wp-json\/wp\/v2\/comments?post=4236"}],"version-history":[{"count":20,"href":"https:\/\/www.chinabrandoffice.com\/it\/wp-json\/wp\/v2\/pages\/4236\/revisions"}],"predecessor-version":[{"id":4750,"href":"https:\/\/www.chinabrandoffice.com\/it\/wp-json\/wp\/v2\/pages\/4236\/revisions\/4750"}],"up":[{"embeddable":true,"href":"https:\/\/www.chinabrandoffice.com\/it\/wp-json\/wp\/v2\/pages\/53"}],"wp:attachment":[{"href":"https:\/\/www.chinabrandoffice.com\/it\/wp-json\/wp\/v2\/media?parent=4236"}],"curies":[{"name":"wp","href":"https:\/\/api.w.org\/{rel}","templated":true}]}}