{"id":50,"date":"2024-12-17T05:23:10","date_gmt":"2024-12-17T05:23:10","guid":{"rendered":"https:\/\/wordpress.themeholy.com\/ensaf\/?page_id=50"},"modified":"2025-06-23T09:20:15","modified_gmt":"2025-06-23T09:20:15","slug":"contact-devis","status":"publish","type":"page","link":"https:\/\/www.chinabrandoffice.com\/it\/contact-devis\/","title":{"rendered":"Contatto \/ Preventivo"},"content":{"rendered":"<div data-elementor-type=\"wp-page\" data-elementor-id=\"50\" class=\"elementor elementor-50\">\n\t\t\t\t<div class=\"elementor-element elementor-element-ed21fb2 e-flex e-con-boxed e-con e-parent\" data-id=\"ed21fb2\" data-element_type=\"container\" data-e-type=\"container\">\n\t\t\t\t\t<div class=\"e-con-inner\">\n\t\t\r\n\t\t<div class=\"elementor-element elementor-element-383f653 elementor-widget elementor-widget-ensafcontactform\" data-id=\"383f653\" data-element_type=\"widget\" data-e-type=\"widget\" data-widget_type=\"ensafcontactform.default\">\n\t\t\t\t<div class=\"elementor-widget-container\">\n\t\t\t\t\t<div class=\"contact-form style-4 ajax-contact\"><h3 class=\"form-title text-start title\">Contattateci il prima possibile:<\/h3>\n<div class=\"wpcf7 no-js\" id=\"wpcf7-f4540-o1\" lang=\"fr-FR\" dir=\"ltr\" data-wpcf7-id=\"4540\">\n<div class=\"screen-reader-response\"><p role=\"status\" aria-live=\"polite\" aria-atomic=\"true\"><\/p> <ul><\/ul><\/div>\n<form action=\"\/it\/wp-json\/wp\/v2\/pages\/50#wpcf7-f4540-o1\" method=\"post\" class=\"wpcf7-form init\" aria-label=\"Formulaire de contact\" novalidate=\"novalidate\" data-status=\"init\" data-trp-original-action=\"\/it\/wp-json\/wp\/v2\/pages\/50#wpcf7-f4540-o1\">\n<fieldset class=\"hidden-fields-container\"><input type=\"hidden\" name=\"_wpcf7\" value=\"4540\" \/><input type=\"hidden\" name=\"_wpcf7_version\" value=\"6.1.5\" \/><input type=\"hidden\" name=\"_wpcf7_locale\" value=\"fr_FR\" \/><input type=\"hidden\" name=\"_wpcf7_unit_tag\" value=\"wpcf7-f4540-o1\" \/><input type=\"hidden\" name=\"_wpcf7_container_post\" value=\"0\" \/><input type=\"hidden\" name=\"_wpcf7_posted_data_hash\" value=\"\" \/>\n<\/fieldset>\n<div class=\"row\">\n  <div class=\"form-group col-md-6\">\n    <label for=\"your-name\"><i class=\"fas fa-user\"><\/i> Il tuo nome completo *<\/label>\n    <span class=\"wpcf7-form-control-wrap\" data-name=\"your-name\"><input size=\"40\" maxlength=\"400\" class=\"wpcf7-form-control wpcf7-text wpcf7-validates-as-required form-control\" aria-required=\"true\" aria-invalid=\"false\" placeholder=\"Giovanni Rossi\" value=\"\" type=\"text\" name=\"your-name\" \/><\/span>\n  <\/div>\n\n  <div class=\"form-group col-md-6\">\n    <label for=\"your-company\"><i class=\"fas fa-building\"><\/i> Nome della vostra azienda<\/label>\n    <span class=\"wpcf7-form-control-wrap\" data-name=\"your-company\"><input size=\"40\" maxlength=\"400\" class=\"wpcf7-form-control wpcf7-text form-control\" aria-invalid=\"false\" placeholder=\"Milano Selezione\" value=\"\" type=\"text\" name=\"your-company\" \/><\/span>\n  <\/div>\n\n  <div class=\"form-group col-md-6\">\n    <label for=\"your-email\"><i class=\"fas fa-envelope\"><\/i> Il vostro indirizzo e-mail *<\/label>\n    <span class=\"wpcf7-form-control-wrap\" data-name=\"your-email\"><input size=\"40\" maxlength=\"400\" class=\"wpcf7-form-control wpcf7-email wpcf7-validates-as-required wpcf7-text wpcf7-validates-as-email form-control\" aria-required=\"true\" aria-invalid=\"false\" placeholder=\"esempio@dominio.com\" value=\"\" type=\"email\" name=\"your-email\" \/><\/span>\n  <\/div>\n\n  <div class=\"form-group col-md-6\">\n    <label for=\"your-phone\"><i class=\"fas fa-phone\"><\/i> Numero di telefono<\/label>\n    <span class=\"wpcf7-form-control-wrap\" data-name=\"your-phone\"><input size=\"40\" maxlength=\"400\" class=\"wpcf7-form-control wpcf7-tel wpcf7-text wpcf7-validates-as-tel form-control\" aria-invalid=\"false\" placeholder=\"+33 6 12 34 56 78\" value=\"\" type=\"tel\" name=\"your-phone\" \/><\/span>\n  <\/div>\n\n  <div class=\"form-group col-md-12\">\n    <label for=\"your-message\"><i class=\"fas fa-pencil-alt\"><\/i> Il vostro messaggio *<\/label>\n    <span class=\"wpcf7-form-control-wrap\" data-name=\"your-message\"><textarea cols=\"40\" rows=\"10\" maxlength=\"2000\" class=\"wpcf7-form-control wpcf7-textarea wpcf7-validates-as-required form-control\" aria-required=\"true\" aria-invalid=\"false\" placeholder=\"Descrivete il vostro progetto, le vostre esigenze o la vostra richiesta.\" name=\"your-message\"><\/textarea><\/span>\n  <\/div>\n\n  <div class=\"form-btn col-md-12 mt-3\">\n    <button class=\"th-btn bg-theme w-100\">\n      Invia la mia richiesta a China Brand Office <i class=\"fa-regular fa-arrow-right-long\"><\/i>\n    <\/button>\n  <\/div>\n<\/div>\n\n<p class=\"form-messages mt-2 mb-0\">Nous reviendrons vers vous sous 48h ouvr\u00e9es.<\/p><div class=\"wpcf7-response-output\" aria-hidden=\"true\"><\/div>\n<input type=\"hidden\" name=\"trp-form-language\" value=\"it\"\/><\/form>\n<\/div>\n<\/div>\t\t\t\t<\/div>\n\t\t\t\t<\/div>\n\t\t\t\t<div class=\"elementor-element elementor-element-2c3fb8f elementor-widget elementor-widget-html\" data-id=\"2c3fb8f\" data-element_type=\"widget\" data-e-type=\"widget\" data-widget_type=\"html.default\">\n\t\t\t\t<div class=\"elementor-widget-container\">\n\t\t\t\t\t<div id=\"confirmation-message\" style=\"display:none; margin-top:15px; color:#3c763d;\">\n  Merci, votre message a bien \u00e9t\u00e9 envoy\u00e9. Nous revenons vers vous sous 48h.\n<\/div>\n\t\t\t\t<\/div>\n\t\t\t\t<\/div>\n\t\t\t\t<div class=\"elementor-element elementor-element-398cf06 elementor-widget elementor-widget-ensafcontactinfo\" data-id=\"398cf06\" data-element_type=\"widget\" data-e-type=\"widget\" data-widget_type=\"ensafcontactinfo.default\">\n\t\t\t\t<div class=\"elementor-widget-container\">\n\t\t\t\t\t<div class=\"contact-icon-wrap\"><div class=\"info-box\"><div class=\"info-box_icon\"><img decoding=\"async\" src=\"https:\/\/chinabrandoffice.com\/wp-content\/uploads\/2024\/12\/contact-icon-1.svg\" alt=\"contact icon 1\"  \/><\/div><div class=\"info-contnt\"><h4 class=\"footer-info-title\">Luogo<\/h4><p class=\"info-box_text\">N. 699, via Jiaozhou, distretto di Jingan, 200040 Shanghai, Cina<\/p><\/div><\/div><div class=\"info-box\"><div class=\"info-box_icon\"><img decoding=\"async\" src=\"https:\/\/chinabrandoffice.com\/wp-content\/uploads\/2024\/12\/contact-icon-2.svg\" alt=\"contact icon 2\"  \/><\/div><div class=\"info-contnt\"><h4 class=\"footer-info-title\">Telefono<\/h4><p class=\"info-box_text\"><a href=\"tel:+33633154007\" class=\"info-box_link\">+86 182 2107 2474<\/a><br>\n<a href=\"tel:+33633154007\" class=\"info-box_link\">+33 633 15 40 07<\/a><\/p><\/div><\/div><div class=\"info-box\"><div class=\"info-box_icon\"><img decoding=\"async\" src=\"https:\/\/chinabrandoffice.com\/wp-content\/uploads\/2024\/12\/contact-icon-3.svg\" alt=\"contact icon 3\"  \/><\/div><div class=\"info-contnt\"><h4 class=\"footer-info-title\">Email<\/h4><p class=\"info-box_text\"><a href=\"mailto:info@kleanix.com\" class=\"info-box_link\">contact@mediumturquoise-squid-939497.hostingersite.com<\/a>\n<a href=\"mailto:contact@mediumturquoise-squid-939497.hostingersite.com\" class=\"info-box_link\">contact@mediumturquoise-squid-939497.hostingersite.com<\/a><\/p><\/div><\/div><div class=\"info-box\"><div class=\"info-box_icon\"><img decoding=\"async\" src=\"https:\/\/chinabrandoffice.com\/wp-content\/uploads\/2024\/12\/contact-icon-4.svg\" alt=\"contact icon 4\"  \/><\/div><div class=\"info-contnt\"><h4 class=\"footer-info-title\">Domande?<\/h4><p class=\"info-box_text\">Consulta le nostre FAQ, scopri i nostri servizi o contattaci tramite il modulo qui sopra in pochi clic.<\/p><\/div><\/div><\/div>\t\t\t\t<\/div>\n\t\t\t\t<\/div>\n\t\t\t\t\t<\/div>\n\t\t\t\t<\/div>\n\t\t<div class=\"elementor-element elementor-element-536ac76 e-flex e-con-boxed e-con e-parent\" data-id=\"536ac76\" data-element_type=\"container\" data-e-type=\"container\">\n\t\t\t\t\t<div class=\"e-con-inner\">\n\t\t<div class=\"elementor-element elementor-element-086ac7b e-con-full e-flex e-con e-child\" data-id=\"086ac7b\" data-element_type=\"container\" data-e-type=\"container\">\n\t\t\t\t<div class=\"elementor-element elementor-element-92b16df elementor-widget elementor-widget-text-editor\" data-id=\"92b16df\" data-element_type=\"widget\" data-e-type=\"widget\" data-widget_type=\"text-editor.default\">\n\t\t\t\t<div class=\"elementor-widget-container\">\n\t\t\t\t\t\t\t\t\t<p data-start=\"77\" data-end=\"160\" class=\"translation-block\"><strong data-start=\"77\" data-end=\"100\">Hai bisogno di un preventivo?<\/strong><br data-start=\"100\" data-end=\"103\">\u00c8 gratuito e senza impegno. Modulo in 1 minuto.<\/p><p data-start=\"162\" data-end=\"245\" class=\"translation-block\"><strong data-start=\"162\" data-end=\"201\">Quanto tempo serve per una risposta?<\/strong><br data-start=\"201\" data-end=\"204\">Meno di 24 ore. Spesso in poche ore.<\/p><p data-start=\"247\" data-end=\"345\" class=\"translation-block\"><strong data-start=\"247\" data-end=\"278\">Quanto tempo ci vuole?<\/strong><br data-start=\"278\" data-end=\"281\">Invio alla CNIPA in 3\u20135 giorni lavorativi. Certificato in 7\u20139 mesi.<\/p><p data-start=\"347\" data-end=\"440\" class=\"translation-block\"><strong data-start=\"347\" data-end=\"390\">Posso registrare pi\u00f9 marchi?<\/strong><br data-start=\"390\" data-end=\"393\">S\u00ec. Segnalacelo e ti proporremo una tariffa cumulativa.<\/p><p data-start=\"347\" data-end=\"440\" class=\"translation-block\"><strong data-start=\"777\" data-end=\"827\">Quanto costa e cosa include il prezzo?<\/strong><br data-start=\"827\" data-end=\"830\">A partire da 390\u202f\u20ac, comprensivo di ricerca, pratica, tasse e monitoraggio fino al certificato.<\/p><p data-start=\"442\" data-end=\"521\" class=\"translation-block\"><strong data-start=\"442\" data-end=\"473\">Ci sono costi nascosti?<\/strong><br data-start=\"473\" data-end=\"476\">No. Tutto \u00e8 chiaro e comunicato fin dall\u2019inizio.<\/p><p data-start=\"523\" data-end=\"632\" class=\"translation-block\"><strong data-start=\"523\" data-end=\"580\">In cosa siete diversi da uno studio tradizionale?<\/strong><br data-start=\"580\" data-end=\"583\">Siamo presenti localmente, meno costosi degli studi tradizionali, pi\u00f9 reattivi e connessi alle giuste risorse in Cina (partner cinese).<\/p><p data-start=\"634\" data-end=\"800\" class=\"translation-block\"><strong data-start=\"634\" data-end=\"692\">Quali sono le fasi della registrazione in Cina?<\/strong><br data-start=\"692\" data-end=\"695\">Ricerca, classi, traduzioni, pratica \u2192 deposito \u2192 pubblicazione \u2192 opposizione \u2192 certificato in 7\u20139 mesi.<\/p>\t\t\t\t\t\t\t\t<\/div>\n\t\t\t\t<\/div>\n\t\t\t\t<\/div>\n\t\t<div class=\"elementor-element elementor-element-7125a65 e-con-full e-flex e-con e-child\" data-id=\"7125a65\" data-element_type=\"container\" data-e-type=\"container\">\n\t\t\t\t<div class=\"elementor-element elementor-element-ef93880 elementor-widget elementor-widget-image\" data-id=\"ef93880\" data-element_type=\"widget\" data-e-type=\"widget\" data-widget_type=\"image.default\">\n\t\t\t\t<div class=\"elementor-widget-container\">\n\t\t\t\t\t\t\t\t\t\t\t\t\t\t\t<img fetchpriority=\"high\" decoding=\"async\" width=\"536\" height=\"477\" src=\"https:\/\/www.chinabrandoffice.com\/wp-content\/uploads\/2024\/12\/contact-right.png\" class=\"attachment-full size-full wp-image-1171\" alt=\"\" srcset=\"https:\/\/www.chinabrandoffice.com\/wp-content\/uploads\/2024\/12\/contact-right.png.webp 536w, https:\/\/www.chinabrandoffice.com\/wp-content\/uploads\/2024\/12\/contact-right-300x267.png.webp 300w\" sizes=\"(max-width: 536px) 100vw, 536px\" \/>\t\t\t\t\t\t\t\t\t\t\t\t\t\t\t<\/div>\n\t\t\t\t<\/div>\n\t\t\t\t<div class=\"elementor-element elementor-element-22cc2a4 elementor-widget elementor-widget-image\" data-id=\"22cc2a4\" data-element_type=\"widget\" data-e-type=\"widget\" data-widget_type=\"image.default\">\n\t\t\t\t<div class=\"elementor-widget-container\">\n\t\t\t\t\t\t\t\t\t\t\t\t\t\t\t<img decoding=\"async\" width=\"260\" height=\"260\" src=\"https:\/\/www.chinabrandoffice.com\/wp-content\/uploads\/2025\/05\/china_brand_office_logo_white_retina.png\" class=\"attachment-full size-full wp-image-4277\" alt=\"\" srcset=\"https:\/\/www.chinabrandoffice.com\/wp-content\/uploads\/2025\/05\/china_brand_office_logo_white_retina.png.webp 260w, https:\/\/www.chinabrandoffice.com\/wp-content\/uploads\/2025\/05\/china_brand_office_logo_white_retina-150x150.png.webp 150w, https:\/\/www.chinabrandoffice.com\/wp-content\/uploads\/2025\/05\/china_brand_office_logo_white_retina-80x80.png.webp 80w, https:\/\/www.chinabrandoffice.com\/wp-content\/uploads\/2025\/05\/china_brand_office_logo_white_retina-85x85.png.webp 85w, https:\/\/www.chinabrandoffice.com\/wp-content\/uploads\/2025\/05\/china_brand_office_logo_white_retina-100x100.png.webp 100w\" sizes=\"(max-width: 260px) 100vw, 260px\" \/>\t\t\t\t\t\t\t\t\t\t\t\t\t\t\t<\/div>\n\t\t\t\t<\/div>\n\t\t\t\t<\/div>\n\t\t\t\t\t<\/div>\n\t\t\t\t<\/div>\n\t\t<div class=\"elementor-element elementor-element-141e90b e-flex e-con-boxed e-con e-parent\" data-id=\"141e90b\" data-element_type=\"container\" data-e-type=\"container\">\n\t\t\t\t\t<div class=\"e-con-inner\">\n\t\t<div class=\"elementor-element elementor-element-4dac3da e-con-full e-flex e-con e-child\" data-id=\"4dac3da\" data-element_type=\"container\" data-e-type=\"container\">\n\t\t\t\t<div class=\"elementor-element elementor-element-ca318b3 contact-map elementor-widget elementor-widget-google_maps\" data-id=\"ca318b3\" data-element_type=\"widget\" data-e-type=\"widget\" data-widget_type=\"google_maps.default\">\n\t\t\t\t<div class=\"elementor-widget-container\">\n\t\t\t\t\t\t\t<div class=\"elementor-custom-embed\">\n\t\t\t<iframe loading=\"lazy\"\n\t\t\t\t\tsrc=\"https:\/\/maps.google.com\/maps?q=Shanghai%20Jiaozhou%20Road&#038;t=m&#038;z=9&#038;output=embed&#038;iwloc=near\"\n\t\t\t\t\ttitle=\"Shanghai Jiaozhou Road\"\n\t\t\t\t\taria-label=\"Shanghai Jiaozhou Road\"\n\t\t\t><\/iframe>\n\t\t<\/div>\n\t\t\t\t\t\t<\/div>\n\t\t\t\t<\/div>\n\t\t\t\t<\/div>\n\t\t\t\t\t<\/div>\n\t\t\t\t<\/div>\n\t\t\t\t<\/div>","protected":false},"excerpt":{"rendered":"<p>Prenez contact rapidement avec nous: Votre nom complet * Nom de votre entreprise Votre adresse e-mail * Num\u00e9ro de t\u00e9l\u00e9phone Votre message * Envoyer ma demande \u00e0 China Brand Office Nous reviendrons vers vous sous 48h ouvr\u00e9es. Merci, votre message a bien \u00e9t\u00e9 envoy\u00e9. Nous revenons vers vous sous 48h. Lieu 699 Jiaozhou Road, Jingan&#8230;<\/p>","protected":false},"author":1,"featured_media":0,"parent":0,"menu_order":0,"comment_status":"closed","ping_status":"closed","template":"","meta":{"footnotes":""},"class_list":["post-50","page","type-page","status-publish","hentry"],"_links":{"self":[{"href":"https:\/\/www.chinabrandoffice.com\/it\/wp-json\/wp\/v2\/pages\/50","targetHints":{"allow":["GET"]}}],"collection":[{"href":"https:\/\/www.chinabrandoffice.com\/it\/wp-json\/wp\/v2\/pages"}],"about":[{"href":"https:\/\/www.chinabrandoffice.com\/it\/wp-json\/wp\/v2\/types\/page"}],"author":[{"embeddable":true,"href":"https:\/\/www.chinabrandoffice.com\/it\/wp-json\/wp\/v2\/users\/1"}],"replies":[{"embeddable":true,"href":"https:\/\/www.chinabrandoffice.com\/it\/wp-json\/wp\/v2\/comments?post=50"}],"version-history":[{"count":33,"href":"https:\/\/www.chinabrandoffice.com\/it\/wp-json\/wp\/v2\/pages\/50\/revisions"}],"predecessor-version":[{"id":4698,"href":"https:\/\/www.chinabrandoffice.com\/it\/wp-json\/wp\/v2\/pages\/50\/revisions\/4698"}],"wp:attachment":[{"href":"https:\/\/www.chinabrandoffice.com\/it\/wp-json\/wp\/v2\/media?parent=50"}],"curies":[{"name":"wp","href":"https:\/\/api.w.org\/{rel}","templated":true}]}}