{"id":62,"date":"2024-12-17T05:25:39","date_gmt":"2024-12-17T05:25:39","guid":{"rendered":"https:\/\/wordpress.themeholy.com\/ensaf\/?page_id=62"},"modified":"2025-06-23T09:19:14","modified_gmt":"2025-06-23T09:19:14","slug":"faq","status":"publish","type":"page","link":"https:\/\/www.chinabrandoffice.com\/it\/faq\/","title":{"rendered":"Domande frequenti"},"content":{"rendered":"\t\t<div data-elementor-type=\"wp-page\" data-elementor-id=\"62\" class=\"elementor elementor-62\">\n\t\t\t\t<div class=\"elementor-element elementor-element-b5a2189 e-flex e-con-boxed e-con e-parent\" data-id=\"b5a2189\" data-element_type=\"container\" data-e-type=\"container\">\n\t\t\t\t\t<div class=\"e-con-inner\">\n\t\t<div class=\"elementor-element elementor-element-8919b99 e-con-full e-flex e-con e-child\" data-id=\"8919b99\" data-element_type=\"container\" data-e-type=\"container\">\n\t\t\r\n\t\t<div class=\"elementor-element elementor-element-56258155 elementor-widget elementor-widget-ensafservicelist\" data-id=\"56258155\" data-element_type=\"widget\" data-e-type=\"widget\" data-widget_type=\"ensafservicelist.default\">\n\t\t\t\t<div class=\"elementor-widget-container\">\n\t\t\t\t\t<div class=\"widget widget_categories\"><h3 class=\"widget_title\">Nos Services<\/h3><ul><li><a href=\"https:\/\/chinabrandoffice.com\/services\/protection-de-marques-en-chine\/\">Protection de marques en Chine<\/a><span><i class=\"fa-sharp fa-light fa-arrow-right\"><\/i><\/span><\/li><li><a href=\"https:\/\/chinabrandoffice.com\/services\/surveillance-veille-juridique\/\">Surveillance &amp; Veille Juridique<\/a><span><i class=\"fa-sharp fa-light fa-arrow-right\"><\/i><\/span><\/li><li><a href=\"https:\/\/chinabrandoffice.com\/services\/audit-et-strategie-de-propriete-intellectuelle\/\">Audit et Strat\u00e9gie de Propri\u00e9t\u00e9 Intellectuelle<\/a><span><i class=\"fa-sharp fa-light fa-arrow-right\"><\/i><\/span><\/li><li><a href=\"https:\/\/chinabrandoffice.com\/services\/oppositions-contentieux\/\">Oppositions &amp; Contentieux<\/a><span><i class=\"fa-sharp fa-light fa-arrow-right\"><\/i><\/span><\/li><li><a href=\"https:\/\/chinabrandoffice.com\/services\/traductions-certifiees-legalisees\/\">Traductions Certifi\u00e9es &amp; L\u00e9galis\u00e9es<\/a><span><i class=\"fa-sharp fa-light fa-arrow-right\"><\/i><\/span><\/li><li><a href=\"https:\/\/chinabrandoffice.com\/services\/conseil-en-propriete-intellectuelle\/\">Conseils en Propri\u00e9t\u00e9 Intellectuelle<\/a><span><i class=\"fa-sharp fa-light fa-arrow-right\"><\/i><\/span><\/li><\/ul><\/div>\t\t\t\t<\/div>\n\t\t\t\t<\/div>\n\t\t\t\t<div class=\"elementor-element elementor-element-35f77b83 elementor-widget elementor-widget-ensafcontactinfo\" data-id=\"35f77b83\" data-element_type=\"widget\" data-e-type=\"widget\" data-widget_type=\"ensafcontactinfo.default\">\n\t\t\t\t<div class=\"elementor-widget-container\">\n\t\t\t\t\t<div class=\"widget widget_call  \"><div class=\"widget-call\"><h4 class=\"box-title\">Besoin d&#039;aide?<\/h4><p class=\"box_text\">Contactez nous 24\/7, nous sommes r\u00e9actifs:<\/p><div class=\"widget_call\"><div class=\"info-box\"><div class=\"info-box_icon\"><i class=\"fas fa-phone\"><\/i><\/div><div><span class=\"info-box_subtitle\">Par t\u00e9l\u00e9phone<\/span><p class=\"info-box_text\"><a href=\"tel:+33633154007\" class=\"info-box_link\">+33 6 33 15 40 07<\/a>\n<\/p><\/div><\/div><div class=\"info-box\"><div class=\"info-box_icon\"><i class=\"fas fa-envelope\"><\/i><\/div><div><span class=\"info-box_subtitle\">Par email<\/span><p class=\"info-box_text\"><a href=\"mailto:contact@chinabrandoffice.com\" class=\"info-box_link\">contact@chinabrandoffice.com\n<\/a><\/p><\/div><\/div><div class=\"info-box\"><div class=\"info-box_icon\"><i class=\"fa-solid fa-location-dot\"><\/i><\/div><div><span class=\"info-box_subtitle\">Bureau en Chine<\/span><p class=\"info-box_text\">699 Jiaozhou Road, Jingan District, 200040 SHANGHAI, CHINA<\/p><\/div><\/div><\/div><\/div><\/div>\t\t\t\t<\/div>\n\t\t\t\t<\/div>\n\t\t\t\t<\/div>\n\t\t<div class=\"elementor-element elementor-element-024d527 e-con-full e-flex e-con e-child\" data-id=\"024d527\" data-element_type=\"container\" data-e-type=\"container\">\n\t\t\t\t<div class=\"elementor-element elementor-element-62961bb elementor-widget elementor-widget-ensafsectiontitle\" data-id=\"62961bb\" data-element_type=\"widget\" data-e-type=\"widget\" data-widget_type=\"ensafsectiontitle.default\">\n\t\t\t\t<div class=\"elementor-widget-container\">\n\t\t\t\t\t\t\t<div class=\"title-area  \">\r\n\t\t\t<span class=\"sub-title \">Questions les plus courantes<\/span><h2 class=\"sec-title \">Avez vous des questions?<\/h2>\t\t<\/div>\r\n\r\n\t\t\t\t\t<\/div>\n\t\t\t\t<\/div>\n\t\t\t\t<div class=\"elementor-element elementor-element-266ce0b elementor-widget elementor-widget-ensaffaq\" data-id=\"266ce0b\" data-element_type=\"widget\" data-e-type=\"widget\" data-widget_type=\"ensaffaq.default\">\n\t\t\t\t<div class=\"elementor-widget-container\">\n\t\t\t\t\t<div class=\"accordion\" id=\"faqAccordion2\"><div class=\"accordion-card active\"><div class=\"accordion-header\" id=\"collapse-item-69fb50805fc57\"><button class=\"accordion-button \" type=\"button\" data-bs-toggle=\"collapse\" data-bs-target=\"#collapse-69fb50805fc57\" aria-expanded=\"true\" aria-controls=\"collapse-69fb50805fc57\">Pourquoi est-il crucial de d\u00e9poser sa marque en Chine d\u00e8s que possible ?<\/button><\/div><div id=\"collapse-69fb50805fc57\" class=\"accordion-collapse collapse show\" aria-labelledby=\"collapse-item-69fb50805fc57\" data-bs-parent=\"#faqAccordion2\"><div class=\"accordion-body\"><div class=\"faq-text\"><p data-pm-slice=\"1 1 [&quot;ordered_list&quot;,{&quot;spread&quot;:true,&quot;startingNumber&quot;:1,&quot;start&quot;:41,&quot;end&quot;:4211},&quot;regular_list_item&quot;,{&quot;start&quot;:41,&quot;end&quot;:502}]\">\u00a0 La Chine applique le principe du \u00ab premier d\u00e9posant \u00bb, ce qui signifie que celui qui d\u00e9pose la marque en premier est consid\u00e9r\u00e9 comme son propri\u00e9taire, m\u00eame s'il ne l'utilise pas. Il est donc essentiel d'agir rapidement, m\u00eame avant d\u2019avoir commenc\u00e9 une activit\u00e9 sur le territoire. Ne pas le faire ouvre la voie au squatting de marque, pratique tr\u00e8s r\u00e9pandue et co\u00fbteuse \u00e0 contester.<\/p><\/div><\/div><\/div><\/div><div class=\"accordion-card \"><div class=\"accordion-header\" id=\"collapse-item-69fb50805fcfe\"><button class=\"accordion-button collapsed\" type=\"button\" data-bs-toggle=\"collapse\" data-bs-target=\"#collapse-69fb50805fcfe\" aria-expanded=\"false\" aria-controls=\"collapse-69fb50805fcfe\">Quels sont les risques si je ne prot\u00e8ge pas ma marque en Chine ?<\/button><\/div><div id=\"collapse-69fb50805fcfe\" class=\"accordion-collapse collapse \" aria-labelledby=\"collapse-item-69fb50805fcfe\" data-bs-parent=\"#faqAccordion2\"><div class=\"accordion-body\"><div class=\"faq-text\"><p data-pm-slice=\"1 1 [&quot;ordered_list&quot;,{&quot;spread&quot;:true,&quot;startingNumber&quot;:1,&quot;start&quot;:41,&quot;end&quot;:4211},&quot;regular_list_item&quot;,{&quot;start&quot;:504,&quot;end&quot;:944}]\">\u00a0 \u00a0Sans protection officielle, une autre entreprise peut l\u00e9galement exploiter votre marque, emp\u00eacher l\u2019entr\u00e9e de vos produits sur le march\u00e9 chinois, voire vous poursuivre pour contrefa\u00e7on. Les distributeurs ou plateformes \u00e9vitent souvent de travailler avec des marques non enregistr\u00e9es. Cela peut bloquer vos ventes, votre communication, et nuire gravement \u00e0 votre image.<\/p><\/div><\/div><\/div><\/div><div class=\"accordion-card \"><div class=\"accordion-header\" id=\"collapse-item-69fb50805fd87\"><button class=\"accordion-button collapsed\" type=\"button\" data-bs-toggle=\"collapse\" data-bs-target=\"#collapse-69fb50805fd87\" aria-expanded=\"false\" aria-controls=\"collapse-69fb50805fd87\">Est-ce que ma marque d\u00e9pos\u00e9e \u00e0 l\u2019INPI \/ EUIPO me prot\u00e8ge en Chine ?<\/button><\/div><div id=\"collapse-69fb50805fd87\" class=\"accordion-collapse collapse \" aria-labelledby=\"collapse-item-69fb50805fd87\" data-bs-parent=\"#faqAccordion2\"><div class=\"accordion-body\"><div class=\"faq-text\"><p data-pm-slice=\"1 1 [&quot;ordered_list&quot;,{&quot;spread&quot;:true,&quot;startingNumber&quot;:1,&quot;start&quot;:41,&quot;end&quot;:4211},&quot;regular_list_item&quot;,{&quot;start&quot;:946,&quot;end&quot;:1331}]\">\u00a0 Non, une protection INPI ou europ\u00e9enne (EUIPO) n\u2019a aucun effet en Chine. Le syst\u00e8me chinois est territorial et ind\u00e9pendant : un d\u00e9p\u00f4t en France ne vaut rien sans un enregistrement \u00e0 la CNIPA (China National Intellectual Property Administration). Il faut donc engager une proc\u00e9dure locale, via un repr\u00e9sentant autoris\u00e9.<\/p><\/div><\/div><\/div><\/div><div class=\"accordion-card \"><div class=\"accordion-header\" id=\"collapse-item-69fb50805fe06\"><button class=\"accordion-button collapsed\" type=\"button\" data-bs-toggle=\"collapse\" data-bs-target=\"#collapse-69fb50805fe06\" aria-expanded=\"false\" aria-controls=\"collapse-69fb50805fe06\">Faut-il traduire sa marque en chinois pour la prot\u00e9ger efficacement ?<\/button><\/div><div id=\"collapse-69fb50805fe06\" class=\"accordion-collapse collapse \" aria-labelledby=\"collapse-item-69fb50805fe06\" data-bs-parent=\"#faqAccordion2\"><div class=\"accordion-body\"><div class=\"faq-text\"><p data-pm-slice=\"1 1 [&quot;ordered_list&quot;,{&quot;spread&quot;:true,&quot;startingNumber&quot;:1,&quot;start&quot;:41,&quot;end&quot;:4211},&quot;regular_list_item&quot;,{&quot;start&quot;:1333,&quot;end&quot;:1755}]\">\u00a0 \u00a0Oui, il est recommand\u00e9 de cr\u00e9er une version chinoise de votre marque (phon\u00e9tique ou s\u00e9mantique) pour \u00e9viter qu'un tiers ne d\u00e9pose un nom local \u00e0 votre place. Le march\u00e9 chinois fonctionne avec des caract\u00e8res, et une marque non traduite passe souvent inaper\u00e7ue. Enregistrer les deux versions (originale et chinoise) assure une protection compl\u00e8te.<\/p><\/div><\/div><\/div><\/div><div class=\"accordion-card \"><div class=\"accordion-header\" id=\"collapse-item-69fb50805fe87\"><button class=\"accordion-button collapsed\" type=\"button\" data-bs-toggle=\"collapse\" data-bs-target=\"#collapse-69fb50805fe87\" aria-expanded=\"false\" aria-controls=\"collapse-69fb50805fe87\">Comment choisir les bonnes classes et sous-classes pour mon d\u00e9p\u00f4t en Chine ?<\/button><\/div><div id=\"collapse-69fb50805fe87\" class=\"accordion-collapse collapse \" aria-labelledby=\"collapse-item-69fb50805fe87\" data-bs-parent=\"#faqAccordion2\"><div class=\"accordion-body\"><div class=\"faq-text\"><p data-pm-slice=\"1 1 [&quot;ordered_list&quot;,{&quot;spread&quot;:true,&quot;startingNumber&quot;:1,&quot;start&quot;:41,&quot;end&quot;:4211},&quot;regular_list_item&quot;,{&quot;start&quot;:1757,&quot;end&quot;:2208}]\">\u00a0 Le syst\u00e8me chinois repose sur la classification de Nice, mais introduit une distinction stricte par sous-classes. Une protection en classe 33 pour le vin, par exemple, n'inclut pas automatiquement les sous-classes de spiritueux ou d'accessoires. Une analyse fine de vos produits\/services et de vos objectifs est donc indispensable pour \u00e9viter les trous de protection.<\/p><\/div><\/div><\/div><\/div><div class=\"accordion-card \"><div class=\"accordion-header\" id=\"collapse-item-69fb50805ff11\"><button class=\"accordion-button collapsed\" type=\"button\" data-bs-toggle=\"collapse\" data-bs-target=\"#collapse-69fb50805ff11\" aria-expanded=\"false\" aria-controls=\"collapse-69fb50805ff11\">Quels documents dois-je fournir pour lancer un d\u00e9p\u00f4t en Chine ?<\/button><\/div><div id=\"collapse-69fb50805ff11\" class=\"accordion-collapse collapse \" aria-labelledby=\"collapse-item-69fb50805ff11\" data-bs-parent=\"#faqAccordion2\"><div class=\"accordion-body\"><div class=\"faq-text\"><p data-pm-slice=\"1 1 [&quot;ordered_list&quot;,{&quot;spread&quot;:true,&quot;startingNumber&quot;:1,&quot;start&quot;:41,&quot;end&quot;:4211},&quot;regular_list_item&quot;,{&quot;start&quot;:2210,&quot;end&quot;:2615}]\">\u00a0 \u00a0G\u00e9n\u00e9ralement, il faut fournir une copie du passeport (ou extrait K-Bis pour les entreprises), une procuration sign\u00e9e pour le mandataire chinois, et une repr\u00e9sentation de la marque (texte et\/ou visuel). En cas de marque pr\u00e9existante, on pourra aussi fournir les certificats d\u2019enregistrement dans d\u2019autres pays pour appuyer la priorit\u00e9.<\/p><\/div><\/div><\/div><\/div><div class=\"accordion-card \"><div class=\"accordion-header\" id=\"collapse-item-69fb50805ff91\"><button class=\"accordion-button collapsed\" type=\"button\" data-bs-toggle=\"collapse\" data-bs-target=\"#collapse-69fb50805ff91\" aria-expanded=\"false\" aria-controls=\"collapse-69fb50805ff91\">Combien de temps prend un d\u00e9p\u00f4t de marque en Chine ?<\/button><\/div><div id=\"collapse-69fb50805ff91\" class=\"accordion-collapse collapse \" aria-labelledby=\"collapse-item-69fb50805ff91\" data-bs-parent=\"#faqAccordion2\"><div class=\"accordion-body\"><div class=\"faq-text\"><p data-pm-slice=\"1 1 [&quot;ordered_list&quot;,{&quot;spread&quot;:true,&quot;startingNumber&quot;:1,&quot;start&quot;:41,&quot;end&quot;:4211},&quot;regular_list_item&quot;,{&quot;start&quot;:2617,&quot;end&quot;:3011}]\">\u00a0 \u00a0Le processus complet prend en moyenne entre 7 et 9 mois. La demande est publi\u00e9e pendant une p\u00e9riode d'opposition de 3 mois, durant laquelle tout tiers peut contester. En l\u2019absence d\u2019opposition ou de refus, l\u2019enregistrement est valid\u00e9 et le certificat \u00e9mis. Il est fortement conseill\u00e9 de faire une veille jusqu'\u00e0 l'obtention effective.<\/p><\/div><\/div><\/div><\/div><div class=\"accordion-card \"><div class=\"accordion-header\" id=\"collapse-item-69fb508060010\"><button class=\"accordion-button collapsed\" type=\"button\" data-bs-toggle=\"collapse\" data-bs-target=\"#collapse-69fb508060010\" aria-expanded=\"false\" aria-controls=\"collapse-69fb508060010\">Peut-on surveiller si ma marque est copi\u00e9e en Chine ?<\/button><\/div><div id=\"collapse-69fb508060010\" class=\"accordion-collapse collapse \" aria-labelledby=\"collapse-item-69fb508060010\" data-bs-parent=\"#faqAccordion2\"><div class=\"accordion-body\"><div class=\"faq-text\"><p data-pm-slice=\"1 1 [&quot;ordered_list&quot;,{&quot;spread&quot;:true,&quot;startingNumber&quot;:1,&quot;start&quot;:41,&quot;end&quot;:4211},&quot;regular_list_item&quot;,{&quot;start&quot;:3013,&quot;end&quot;:3382}]\">\u00a0 \u00a0Oui, il existe des services de surveillance juridique pour suivre les d\u00e9p\u00f4ts similaires ou suspects. Cette veille permet de r\u00e9agir rapidement en cas de tentative d\u2019usurpation. Certains cabinets proposent aussi des audits r\u00e9guliers sur les plateformes e-commerce chinoises pour rep\u00e9rer les produits litigieux.<\/p><\/div><\/div><\/div><\/div><div class=\"accordion-card \"><div class=\"accordion-header\" id=\"collapse-item-69fb508060096\"><button class=\"accordion-button collapsed\" type=\"button\" data-bs-toggle=\"collapse\" data-bs-target=\"#collapse-69fb508060096\" aria-expanded=\"false\" aria-controls=\"collapse-69fb508060096\">Quelle est la diff\u00e9rence entre d\u00e9poser un logo et un nom ?<\/button><\/div><div id=\"collapse-69fb508060096\" class=\"accordion-collapse collapse \" aria-labelledby=\"collapse-item-69fb508060096\" data-bs-parent=\"#faqAccordion2\"><div class=\"accordion-body\"><div class=\"faq-text\"><p data-pm-slice=\"1 1 [&quot;ordered_list&quot;,{&quot;spread&quot;:true,&quot;startingNumber&quot;:1,&quot;start&quot;:41,&quot;end&quot;:4211},&quot;regular_list_item&quot;,{&quot;start&quot;:3384,&quot;end&quot;:3763}]\">\u00a0 \u00a0Le d\u00e9p\u00f4t d'un nom (marque verbale) prot\u00e8ge l'\u00e9criture et la prononciation, mais pas le graphisme. Le d\u00e9p\u00f4t d'un logo (marque figurative) prot\u00e8ge uniquement l'apparence. Il est courant de d\u00e9poser les deux, ou une version combin\u00e9e. Le choix d\u00e9pend de votre strat\u00e9gie de marque, et du niveau de protection recherch\u00e9.<\/p><\/div><\/div><\/div><\/div><div class=\"accordion-card \"><div class=\"accordion-header\" id=\"collapse-item-69fb508060116\"><button class=\"accordion-button collapsed\" type=\"button\" data-bs-toggle=\"collapse\" data-bs-target=\"#collapse-69fb508060116\" aria-expanded=\"false\" aria-controls=\"collapse-69fb508060116\">Combien co\u00fbte en moyenne le d\u00e9p\u00f4t d\u2019une marque en Chine, et que cela comprend-il ?<\/button><\/div><div id=\"collapse-69fb508060116\" class=\"accordion-collapse collapse \" aria-labelledby=\"collapse-item-69fb508060116\" data-bs-parent=\"#faqAccordion2\"><div class=\"accordion-body\"><div class=\"faq-text\"><p data-pm-slice=\"1 1 [&quot;ordered_list&quot;,{&quot;spread&quot;:true,&quot;startingNumber&quot;:1,&quot;start&quot;:41,&quot;end&quot;:4211},&quot;regular_list_item&quot;,{&quot;start&quot;:3765,&quot;end&quot;:4211}]\">\u00a0 \u00a0Un d\u00e9p\u00f4t simple dans une classe co\u00fbte entre 500 \u20ac et 900 \u20ac selon le prestataire, incluant les frais CNIPA, la traduction, et les formalit\u00e9s locales. Des co\u00fbts suppl\u00e9mentaires s\u2019ajoutent pour les sous-classes ou la version chinoise de la marque. Une protection plus large ou un accompagnement juridique complet fera monter le budget entre 1200 \u20ac et 2000 \u20ac.\u00a0<\/p><\/div><\/div><\/div><\/div><\/div>\t\t\t\t<\/div>\n\t\t\t\t<\/div>\n\t\t\t\t<\/div>\n\t\t\t\t\t<\/div>\n\t\t\t\t<\/div>\n\t\t<div class=\"elementor-element elementor-element-714e1be e-grid e-con-boxed e-con e-parent\" data-id=\"714e1be\" data-element_type=\"container\" data-e-type=\"container\">\n\t\t\t\t\t<div class=\"e-con-inner\">\n\t\t\t\t<div class=\"elementor-element elementor-element-53f5de8 elementor-widget elementor-widget-text-editor\" data-id=\"53f5de8\" data-element_type=\"widget\" data-e-type=\"widget\" data-widget_type=\"text-editor.default\">\n\t\t\t\t<div class=\"elementor-widget-container\">\n\t\t\t\t\t\t\t\t\t<h3 data-start=\"95\" data-end=\"130\">\ud83d\udce9 Une question ? Un projet ?<\/h3><p data-start=\"131\" data-end=\"292\">Vous souhaitez prot\u00e9ger votre marque en Chine ou \u00eates pr\u00eat \u00e0 lancer votre d\u00e9p\u00f4t ?<br data-start=\"212\" data-end=\"215\" \/>Notre \u00e9quipe vous accompagne \u00e0 chaque \u00e9tape, avec clart\u00e9 et efficacit\u00e9.<\/p><h3 data-start=\"131\" data-end=\"292\">Le formulaire se remplit en quelques clics.<\/h3>\t\t\t\t\t\t\t\t<\/div>\n\t\t\t\t<\/div>\n\t\t\t\t<div class=\"elementor-element elementor-element-854dc3e elementor-button-success elementor-align-center elementor-widget elementor-widget-button\" data-id=\"854dc3e\" data-element_type=\"widget\" data-e-type=\"widget\" data-widget_type=\"button.default\">\n\t\t\t\t<div class=\"elementor-widget-container\">\n\t\t\t\t\t\t\t\t\t<div class=\"elementor-button-wrapper\">\n\t\t\t\t\t<a class=\"elementor-button elementor-button-link elementor-size-sm\" href=\"https:\/\/chinabrandoffice.com\/contact-devis\/\" id=\"cta-faq\">\n\t\t\t\t\t\t<span class=\"elementor-button-content-wrapper\">\n\t\t\t\t\t\t\t\t\t<span class=\"elementor-button-text\">Cliquez ici<\/span>\n\t\t\t\t\t<\/span>\n\t\t\t\t\t<\/a>\n\t\t\t\t<\/div>\n\t\t\t\t\t\t\t\t<\/div>\n\t\t\t\t<\/div>\n\t\t\t\t\t<\/div>\n\t\t\t\t<\/div>\n\t\t\t\t<\/div>\n\t\t","protected":false},"excerpt":{"rendered":"<p>Nos Services Protection de marques en Chine Surveillance &amp; Veille Juridique Audit et Strat\u00e9gie de Propri\u00e9t\u00e9 Intellectuelle Oppositions &amp; Contentieux Traductions Certifi\u00e9es &amp; L\u00e9galis\u00e9es Conseils en Propri\u00e9t\u00e9 Intellectuelle Besoin d&#039;aide? Contactez nous 24\/7, nous sommes r\u00e9actifs: Par t\u00e9l\u00e9phone +33 6 33 15 40 07 Par email contact@chinabrandoffice.com Bureau en Chine 699 Jiaozhou Road, Jingan District,&#8230;<\/p>","protected":false},"author":1,"featured_media":0,"parent":0,"menu_order":0,"comment_status":"closed","ping_status":"closed","template":"","meta":{"footnotes":""},"class_list":["post-62","page","type-page","status-publish","hentry"],"_links":{"self":[{"href":"https:\/\/www.chinabrandoffice.com\/it\/wp-json\/wp\/v2\/pages\/62","targetHints":{"allow":["GET"]}}],"collection":[{"href":"https:\/\/www.chinabrandoffice.com\/it\/wp-json\/wp\/v2\/pages"}],"about":[{"href":"https:\/\/www.chinabrandoffice.com\/it\/wp-json\/wp\/v2\/types\/page"}],"author":[{"embeddable":true,"href":"https:\/\/www.chinabrandoffice.com\/it\/wp-json\/wp\/v2\/users\/1"}],"replies":[{"embeddable":true,"href":"https:\/\/www.chinabrandoffice.com\/it\/wp-json\/wp\/v2\/comments?post=62"}],"version-history":[{"count":18,"href":"https:\/\/www.chinabrandoffice.com\/it\/wp-json\/wp\/v2\/pages\/62\/revisions"}],"predecessor-version":[{"id":4697,"href":"https:\/\/www.chinabrandoffice.com\/it\/wp-json\/wp\/v2\/pages\/62\/revisions\/4697"}],"wp:attachment":[{"href":"https:\/\/www.chinabrandoffice.com\/it\/wp-json\/wp\/v2\/media?parent=62"}],"curies":[{"name":"wp","href":"https:\/\/api.w.org\/{rel}","templated":true}]}}