{"id":4230,"date":"2025-05-22T07:01:16","date_gmt":"2025-05-22T07:01:16","guid":{"rendered":"https:\/\/mediumturquoise-squid-939497.hostingersite.com\/?page_id=4230"},"modified":"2025-07-03T06:24:17","modified_gmt":"2025-07-03T06:24:17","slug":"surveillance-veille-juridique","status":"publish","type":"page","link":"https:\/\/www.chinabrandoffice.com\/pt\/services\/surveillance-veille-juridique\/","title":{"rendered":"Monitoramento e Acompanhamento Jur\u00eddico"},"content":{"rendered":"<div data-elementor-type=\"wp-page\" data-elementor-id=\"4230\" class=\"elementor elementor-4230\">\n\t\t\t\t<div class=\"elementor-element elementor-element-5a81972 e-flex e-con-boxed e-con e-parent\" data-id=\"5a81972\" data-element_type=\"container\" data-e-type=\"container\">\n\t\t\t\t\t<div class=\"e-con-inner\">\n\t\t<div class=\"elementor-element elementor-element-131fae2d e-con-full e-flex e-con e-child\" data-id=\"131fae2d\" data-element_type=\"container\" data-e-type=\"container\">\n\t\t\r\n\t\t<div class=\"elementor-element elementor-element-23ea7825 elementor-widget elementor-widget-text-editor\" data-id=\"23ea7825\" data-element_type=\"widget\" data-e-type=\"widget\" data-widget_type=\"text-editor.default\">\n\t\t\t\t<div class=\"elementor-widget-container\">\n\t\t\t\t\t\t\t\t\t<h1>Monitoramento e Acompanhamento Jur\u00eddico<\/h1>\t\t\t\t\t\t\t\t<\/div>\n\t\t\t\t<\/div>\n\t\t\t\t<div class=\"elementor-element elementor-element-1836a764 elementor-widget__width-initial elementor-widget elementor-widget-image\" data-id=\"1836a764\" data-element_type=\"widget\" data-e-type=\"widget\" data-widget_type=\"image.default\">\n\t\t\t\t<div class=\"elementor-widget-container\">\n\t\t\t\t\t\t\t\t\t\t\t\t\t\t\t<img fetchpriority=\"high\" decoding=\"async\" width=\"580\" height=\"580\" src=\"https:\/\/www.chinabrandoffice.com\/wp-content\/uploads\/2025\/05\/CHA-SHI-VEILLE-JURIDIQUE-CHINE-580x580.png\" class=\"attachment-ensaf-shop-single size-ensaf-shop-single wp-image-4484\" alt=\"JURIDICAL CHECK CHINA\" srcset=\"https:\/\/www.chinabrandoffice.com\/wp-content\/uploads\/2025\/05\/CHA-SHI-VEILLE-JURIDIQUE-CHINE-580x580.png 580w, https:\/\/www.chinabrandoffice.com\/wp-content\/uploads\/2025\/05\/CHA-SHI-VEILLE-JURIDIQUE-CHINE-300x300.png 300w, https:\/\/www.chinabrandoffice.com\/wp-content\/uploads\/2025\/05\/CHA-SHI-VEILLE-JURIDIQUE-CHINE-150x150.png 150w, https:\/\/www.chinabrandoffice.com\/wp-content\/uploads\/2025\/05\/CHA-SHI-VEILLE-JURIDIQUE-CHINE-768x768.png 768w, https:\/\/www.chinabrandoffice.com\/wp-content\/uploads\/2025\/05\/CHA-SHI-VEILLE-JURIDIQUE-CHINE-80x80.png 80w, https:\/\/www.chinabrandoffice.com\/wp-content\/uploads\/2025\/05\/CHA-SHI-VEILLE-JURIDIQUE-CHINE-400x400.png 400w, https:\/\/www.chinabrandoffice.com\/wp-content\/uploads\/2025\/05\/CHA-SHI-VEILLE-JURIDIQUE-CHINE-85x85.png 85w, https:\/\/www.chinabrandoffice.com\/wp-content\/uploads\/2025\/05\/CHA-SHI-VEILLE-JURIDIQUE-CHINE-600x600.png 600w, https:\/\/www.chinabrandoffice.com\/wp-content\/uploads\/2025\/05\/CHA-SHI-VEILLE-JURIDIQUE-CHINE-100x100.png 100w, https:\/\/www.chinabrandoffice.com\/wp-content\/uploads\/2025\/05\/CHA-SHI-VEILLE-JURIDIQUE-CHINE-460x460.png 460w, https:\/\/www.chinabrandoffice.com\/wp-content\/uploads\/2025\/05\/CHA-SHI-VEILLE-JURIDIQUE-CHINE.png 1024w\" sizes=\"(max-width: 580px) 100vw, 580px\" \/>\t\t\t\t\t\t\t\t\t\t\t\t\t\t\t<\/div>\n\t\t\t\t<\/div>\n\t\t\t\t<div class=\"elementor-element elementor-element-578bb7f1 elementor-widget elementor-widget-heading\" data-id=\"578bb7f1\" data-element_type=\"widget\" data-e-type=\"widget\" data-widget_type=\"heading.default\">\n\t\t\t\t<div class=\"elementor-widget-container\">\n\t\t\t\t\t<h1 class=\"elementor-heading-title elementor-size-default\">Veille &amp; Surveillance : d\u00e9tecter avant qu\u2019il ne soit trop tard.<\/h1>\t\t\t\t<\/div>\n\t\t\t\t<\/div>\n\t\t\t\t<div class=\"elementor-element elementor-element-200f2e9b elementor-widget elementor-widget-text-editor\" data-id=\"200f2e9b\" data-element_type=\"widget\" data-e-type=\"widget\" data-widget_type=\"text-editor.default\">\n\t\t\t\t<div class=\"elementor-widget-container\">\n\t\t\t\t\t\t\t\t\t<p data-start=\"374\" data-end=\"660\" class=\"translation-block\">Registrar a sua marca \u00e9 um passo. Proteg\u00ea-la a longo prazo \u00e9 outro.<br data-start=\"454\" data-end=\"457\">O sistema chin\u00eas baseia-se em dep\u00f3sitos massivos, imitadores \u00e1geis e uma base de dados aberta. Todos os dias, marcas semelhantes \u00e0 sua podem ser registradas sem que voc\u00ea seja notificado.<\/p><p data-start=\"662\" data-end=\"802\"><strong>Sem monitoramento ativo, voc\u00ea s\u00f3 descobre tarde demais que um concorrente, um ex-distribuidor ou um oportunista registrou uma marca semelhante.<\/strong><\/p>\t\t\t\t\t\t\t\t<\/div>\n\t\t\t\t<\/div>\n\t\t\t\t<div class=\"elementor-element elementor-element-1165052a elementor-widget elementor-widget-text-editor\" data-id=\"1165052a\" data-element_type=\"widget\" data-e-type=\"widget\" data-widget_type=\"text-editor.default\">\n\t\t\t\t<div class=\"elementor-widget-container\">\n\t\t\t\t\t\t\t\t\t<p data-start=\"868\" data-end=\"1050\"><strong>Contrairement \u00e0 l\u2019Europe, le CNIPA ne vous informe pas automatiquement des d\u00e9p\u00f4ts similaires.<\/strong><br data-start=\"965\" data-end=\"968\" \/>Cabe a voc\u00ea \u2014 ou ao seu consultor \u2014 implementar uma vigil\u00e2ncia regular para:<\/p><ul data-start=\"1051\" data-end=\"1242\"><li data-start=\"1051\" data-end=\"1113\"><p data-start=\"1053\" data-end=\"1113\">detectar registros semelhantes ou id\u00eanticos \u00e0 sua marca,<\/p><\/li><li data-start=\"1114\" data-end=\"1167\"><p data-start=\"1116\" data-end=\"1167\">identificar as classes ou setores relacionados que foram alvo,<\/p><\/li><li data-start=\"1168\" data-end=\"1242\"><p data-start=\"1170\" data-end=\"1242\">agir dentro do prazo legal de oposi\u00e7\u00e3o (3 meses ap\u00f3s a publica\u00e7\u00e3o).<\/p><\/li><\/ul><p data-start=\"1244\" data-end=\"1320\">Sem monitoramento, nenhuma a\u00e7\u00e3o \u00e9 poss\u00edvel. Sem a\u00e7\u00e3o, valida\u00e7\u00e3o autom\u00e1tica.<\/p>\t\t\t\t\t\t\t\t<\/div>\n\t\t\t\t<\/div>\n\t\t\t\t<div class=\"elementor-element elementor-element-5aee3ffc elementor-widget elementor-widget-heading\" data-id=\"5aee3ffc\" data-element_type=\"widget\" data-e-type=\"widget\" data-widget_type=\"heading.default\">\n\t\t\t\t<div class=\"elementor-widget-container\">\n\t\t\t\t\t<h1 class=\"elementor-heading-title elementor-size-default\">O que monitoramos?<\/h1>\t\t\t\t<\/div>\n\t\t\t\t<\/div>\n\t\t\t\t<div class=\"elementor-element elementor-element-3e747cf7 elementor-widget elementor-widget-text-editor\" data-id=\"3e747cf7\" data-element_type=\"widget\" data-e-type=\"widget\" data-widget_type=\"text-editor.default\">\n\t\t\t\t<div class=\"elementor-widget-container\">\n\t\t\t\t\t\t\t\t\t<p data-start=\"1368\" data-end=\"1494\" class=\"translation-block\">O nosso sistema de vigil\u00e2ncia jur\u00eddica analisa em tempo real as bases de dados do CNIPA. Alertamo-lo imediatamente em caso de:<\/p><ul data-start=\"1495\" data-end=\"1704\"><li data-start=\"1495\" data-end=\"1545\"><p data-start=\"1497\" data-end=\"1545\">registo de um nome id\u00eantico ou semelhante ao seu,<\/p><\/li><li data-start=\"1546\" data-end=\"1581\"><p data-start=\"1548\" data-end=\"1581\">imita\u00e7\u00e3o visual ou fon\u00e9tica,<\/p><\/li><li data-start=\"1582\" data-end=\"1640\"><p data-start=\"1584\" data-end=\"1640\">tentativa de registo numa nova classe estrat\u00e9gica,<\/p><\/li><li data-start=\"1641\" data-end=\"1704\"><p data-start=\"1643\" data-end=\"1704\">a\u00e7\u00e3o suspeita dos seus parceiros ou distribuidores na China.<\/p><\/li><\/ul><p><span style=\"text-decoration: underline;\">Veja o que fazemos:<\/span><\/p>\t\t\t\t\t\t\t\t<\/div>\n\t\t\t\t<\/div>\n\t\t\t\t<div class=\"elementor-element elementor-element-52333e63 elementor-widget elementor-widget-html\" data-id=\"52333e63\" data-element_type=\"widget\" data-e-type=\"widget\" data-widget_type=\"html.default\">\n\t\t\t\t<div class=\"elementor-widget-container\">\n\t\t\t\t\t<div style=\"display: grid; grid-template-columns: 1fr 1fr; gap: 30px; padding: 10px 0;\">\n  <ul style=\"list-style-type: disc; padding-left: 20px; margin: 0;\">\n    <li>Configura\u00e7\u00e3o de vigil\u00e2ncia direcionada para suas marcas e setores<\/li>\n    <li>Varredura di\u00e1ria dos registros CNIPA (bases oficiais chinesas)<\/li>\n    <li>Alertas imediatos por e-mail com an\u00e1lise jur\u00eddica<\/li>\n    <li>Recomenda\u00e7\u00e3o estrat\u00e9gica (oposi\u00e7\u00e3o, observa\u00e7\u00e3o ou sil\u00eancio)<\/li>\n  <\/ul>\n  <ul style=\"list-style-type: disc; padding-left: 20px; margin: 0;\">\n    <li>Op\u00e7\u00e3o de monitoramento expandido (nomes semelhantes, varia\u00e7\u00f5es fon\u00e9ticas)<\/li>\n    <li>Acompanhamento de registros suspeitos por terceiros ou distribuidores<\/li>\n    <li>Arquivamento estruturado de alertas e decis\u00f5es tomadas<\/li>\n    <li>Acompanhamento em qualquer a\u00e7\u00e3o necess\u00e1ria (CNIPA ou judicial)<\/li>\n  <\/ul>\n<\/div>\n\n\t\t\t\t<\/div>\n\t\t\t\t<\/div>\n\t\t<div class=\"elementor-element elementor-element-6d632322 e-con-full e-flex e-con e-child\" data-id=\"6d632322\" data-element_type=\"container\" data-e-type=\"container\">\n\t\t<div class=\"elementor-element elementor-element-493c5e3a e-con-full e-flex e-con e-child\" data-id=\"493c5e3a\" data-element_type=\"container\" data-e-type=\"container\">\n\t\t\t\t<div class=\"elementor-element elementor-element-6d63a09d elementor-widget-mobile__width-inherit elementor-widget__width-initial elementor-widget elementor-widget-image\" data-id=\"6d63a09d\" data-element_type=\"widget\" data-e-type=\"widget\" data-widget_type=\"image.default\">\n\t\t\t\t<div class=\"elementor-widget-container\">\n\t\t\t\t\t\t\t\t\t\t\t\t\t\t\t<img decoding=\"async\" width=\"316\" height=\"274\" src=\"https:\/\/www.chinabrandoffice.com\/wp-content\/uploads\/2024\/12\/about-3-small.jpg\" class=\"attachment-ensaf_425X325 size-ensaf_425X325 wp-image-766\" alt=\"veille juridique\" srcset=\"https:\/\/www.chinabrandoffice.com\/wp-content\/uploads\/2024\/12\/about-3-small.jpg 316w, https:\/\/www.chinabrandoffice.com\/wp-content\/uploads\/2024\/12\/about-3-small-300x260.jpg 300w\" sizes=\"(max-width: 316px) 100vw, 316px\" \/>\t\t\t\t\t\t\t\t\t\t\t\t\t\t\t<\/div>\n\t\t\t\t<\/div>\n\t\t\t\t<\/div>\n\t\t<div class=\"elementor-element elementor-element-196d9fd8 e-con-full e-flex e-con e-child\" data-id=\"196d9fd8\" data-element_type=\"container\" data-e-type=\"container\">\n\t\t\t\t<div class=\"elementor-element elementor-element-3d702316 elementor-widget elementor-widget-text-editor\" data-id=\"3d702316\" data-element_type=\"widget\" data-e-type=\"widget\" data-widget_type=\"text-editor.default\">\n\t\t\t\t<div class=\"elementor-widget-container\">\n\t\t\t\t\t\t\t\t\t<h2 data-start=\"1708\" data-end=\"1761\">Uma abordagem preventiva e econ\u00f4mica.<\/h2><p data-start=\"1763\" data-end=\"2120\" class=\"translation-block\">Agir a tempo custa muito menos do que corrigir depois.<br data-start=\"2681\" data-end=\"2684\">A vigil\u00e2ncia jur\u00eddica \u00e9 um seguro estrat\u00e9gico: permite-lhe defender os seus direitos, evitar lit\u00edgios longos ou detetar m\u00e1-f\u00e9 antes que se torne uma disputa legal.<br data-start=\"2901\" data-end=\"2904\">Tamb\u00e9m \u00e9 um sinal forte para os seus concorrentes: voc\u00ea est\u00e1 presente, ativo e protegido.<\/p>\t\t\t\t\t\t\t\t<\/div>\n\t\t\t\t<\/div>\n\t\t\t\t<\/div>\n\t\t\t\t<\/div>\n\t\t\t\t<\/div>\n\t\t<div class=\"elementor-element elementor-element-2a42400d e-con-full e-flex e-con e-child\" data-id=\"2a42400d\" data-element_type=\"container\" data-e-type=\"container\">\n\t\t\t\t<div class=\"elementor-element elementor-element-205b519 elementor-widget elementor-widget-ensafservicelist\" data-id=\"205b519\" data-element_type=\"widget\" data-e-type=\"widget\" data-widget_type=\"ensafservicelist.default\">\n\t\t\t\t<div class=\"elementor-widget-container\">\n\t\t\t\t\t<div class=\"widget widget_categories\"><h3 class=\"widget_title\">Os Nossos Servi\u00e7os<\/h3><ul><li><a href=\"https:\/\/www.chinabrandoffice.com\/pt\/services\/protection-de-marques-en-chine\/\">Prote\u00e7\u00e3o de marcas na China<\/a><span><i class=\"fa-sharp fa-light fa-arrow-right\"><\/i><\/span><\/li><li><a href=\"https:\/\/www.chinabrandoffice.com\/pt\/services\/surveillance-veille-juridique\/\">Monitoramento e Acompanhamento Jur\u00eddico<\/a><span><i class=\"fa-sharp fa-light fa-arrow-right\"><\/i><\/span><\/li><li><a href=\"https:\/\/www.chinabrandoffice.com\/pt\/services\/audit-et-strategie-de-propriete-intellectuelle\/\">Auditoria e estrat\u00e9gia de Propriedade Intelectual<\/a><span><i class=\"fa-sharp fa-light fa-arrow-right\"><\/i><\/span><\/li><li><a href=\"https:\/\/www.chinabrandoffice.com\/pt\/services\/oppositions-contentieux\/\">Oposi\u00e7\u00f5es e Contencioso<\/a><span><i class=\"fa-sharp fa-light fa-arrow-right\"><\/i><\/span><\/li><li><a href=\"https:\/\/www.chinabrandoffice.com\/pt\/services\/traductions-certifiees-legalisees\/\">Tradu\u00e7\u00f5es Certificadas \/ Legalizadas<\/a><span><i class=\"fa-sharp fa-light fa-arrow-right\"><\/i><\/span><\/li><li><a href=\"https:\/\/www.chinabrandoffice.com\/pt\/services\/conseil-en-propriete-intellectuelle\/\">Consultoria em Propriedade Intelectual<\/a><span><i class=\"fa-sharp fa-light fa-arrow-right\"><\/i><\/span><\/li><\/ul><\/div>\t\t\t\t<\/div>\n\t\t\t\t<\/div>\n\t\t\t\t<div class=\"elementor-element elementor-element-1012e49b elementor-widget elementor-widget-ensafcontactinfo\" data-id=\"1012e49b\" data-element_type=\"widget\" data-e-type=\"widget\" data-widget_type=\"ensafcontactinfo.default\">\n\t\t\t\t<div class=\"elementor-widget-container\">\n\t\t\t\t\t<div class=\"widget widget_call\"><div class=\"widget-call\"><h4 class=\"box-title\">Precisa de ajuda?<\/h4><p class=\"box_text\">Contacte-nos 24\/7 \u2013 respondemos rapidamente:<\/p><div class=\"widget_call\"><div class=\"info-box\"><div class=\"info-box_icon\"><i class=\"fas fa-phone\"><\/i><\/div><div><span class=\"info-box_subtitle\">Por telefone<\/span><p class=\"info-box_text\"><a href=\"tel:+33633154007\" class=\"info-box_link\">+33 6 33 15 40 07<\/a>\n<\/p><\/div><\/div><div class=\"info-box\"><div class=\"info-box_icon\"><i class=\"fas fa-envelope\"><\/i><\/div><div><span class=\"info-box_subtitle\">Por email<\/span><p class=\"info-box_text\"><a href=\"mailto:contact@chinabrandoffice.com\" class=\"info-box_link\">contact@chinabrandoffice.com<\/a><\/p><\/div><\/div><div class=\"info-box\"><div class=\"info-box_icon\"><i class=\"fa-solid fa-location-dot\"><\/i><\/div><div><span class=\"info-box_subtitle\">Escrit\u00f3rio na China<\/span><p class=\"info-box_text\">N.\u00ba 699, rua Jiaozhou, distrito de Jingan, 200040 Xangai, China<\/p><\/div><\/div><\/div><\/div><\/div>\t\t\t\t<\/div>\n\t\t\t\t<\/div>\n\t\t\t\t<div class=\"elementor-element elementor-element-7bca5754 elementor-widget__width-initial elementor-widget elementor-widget-ensafcontactinfo\" data-id=\"7bca5754\" data-element_type=\"widget\" data-e-type=\"widget\" data-widget_type=\"ensafcontactinfo.default\">\n\t\t\t\t<div class=\"elementor-widget-container\">\n\t\t\t\t\t<div class=\"contact-icon-wrap\"><div class=\"info-box\"><div class=\"info-box_icon\"><img decoding=\"async\" src=\"https:\/\/mediumturquoise-squid-939497.hostingersite.com\/wp-content\/uploads\/2025\/05\/CBO-sans-fond-or.png\" alt=\"CBO sans fond or\"  \/><\/div><div class=\"info-contnt\"><h4 class=\"footer-info-title\">CHINA BRAND OFFICE<\/h4><p class=\"info-box_text\"><div style=\"writing-mode: vertical-rl;font-family: 'Playfair Display', serif;font-size: 25px;font-weight: 600;color: #0000FF;text-align: center;line-height: 1.9;letter-spacing: 1.9px;margin-top:20px\">\n  NA CHINA, UMA MARCA SEM VIGIL\u00c2NCIA \u00c9 UMA MARCA OFERECIDA.<br>\n  A AMEA\u00c7A N\u00c3O AVISA. NOSSA VIGIL\u00c2NCIA, SIM.\n<\/div>\n<\/p><\/div><\/div><\/div>\t\t\t\t<\/div>\n\t\t\t\t<\/div>\n\t\t\t\t<\/div>\n\t\t\t\t\t<\/div>\n\t\t\t\t<\/div>\n\t\t<div class=\"elementor-element elementor-element-4fa7f21e e-flex e-con-boxed e-con e-parent\" data-id=\"4fa7f21e\" data-element_type=\"container\" data-e-type=\"container\" data-settings=\"{&quot;background_background&quot;:&quot;classic&quot;}\">\n\t\t\t\t\t<div class=\"e-con-inner\">\n\t\t\t\t<div class=\"elementor-element elementor-element-133f87d0 elementor-widget elementor-widget-heading\" data-id=\"133f87d0\" data-element_type=\"widget\" data-e-type=\"widget\" data-widget_type=\"heading.default\">\n\t\t\t\t<div class=\"elementor-widget-container\">\n\t\t\t\t\t<h2 class=\"elementor-heading-title elementor-size-default\">A CBO \u00e9 o parceiro jur\u00eddico de confian\u00e7a escolhido por centenas de profissionais na Europa.<\/h2>\t\t\t\t<\/div>\n\t\t\t\t<\/div>\n\t\t\t\t<div class=\"elementor-element elementor-element-239af87 elementor-widget elementor-widget-ensafclientlogos\" data-id=\"239af87\" data-element_type=\"widget\" data-e-type=\"widget\" data-widget_type=\"ensafclientlogos.default\">\n\t\t\t\t<div class=\"elementor-widget-container\">\n\t\t\t\t\t<div class=\"swiper th-slider\" id=\"brand-slider-1\" data-slider-options='{\"breakpoints\":{\"0\":{\"slidesPerView\":2},\"576\":{\"slidesPerView\":\"2\"},\"768\":{\"slidesPerView\":\"3\"},\"992\":{\"slidesPerView\":\"4\"},\"1200\":{\"slidesPerView\":\"5\"},\"1400\":{\"slidesPerView\":\"6\"}}}'><div class=\"swiper-wrapper\"><div class=\"swiper-slide\"><div class=\"brand-box\"><a href=\"https:\/\/www.chinabrandoffice.com\/pt\/about\/\"><img decoding=\"async\" src=\"https:\/\/chinabrandoffice.com\/wp-content\/uploads\/2024\/12\/brand_2_4-1.svg\" alt=\"brand_2_4 1\"  \/><\/a><\/div><\/div><div class=\"swiper-slide\"><div class=\"brand-box\"><a href=\"https:\/\/www.chinabrandoffice.com\/pt\/about\/\"><img decoding=\"async\" src=\"https:\/\/chinabrandoffice.com\/wp-content\/uploads\/2024\/12\/brand_2_5-1.svg\" alt=\"brand_2_5 1\"  \/><\/a><\/div><\/div><div class=\"swiper-slide\"><div class=\"brand-box\"><a href=\"https:\/\/www.chinabrandoffice.com\/pt\/about\/\"><img decoding=\"async\" src=\"https:\/\/chinabrandoffice.com\/wp-content\/uploads\/2024\/12\/brand_2_6-1.svg\" alt=\"brand_2_6 1\"  \/><\/a><\/div><\/div><div class=\"swiper-slide\"><div class=\"brand-box\"><a href=\"https:\/\/www.chinabrandoffice.com\/pt\/about\/\"><img decoding=\"async\" src=\"https:\/\/chinabrandoffice.com\/wp-content\/uploads\/2024\/12\/brand_2_1-1.svg\" alt=\"brand_2_1 1\"  \/><\/a><\/div><\/div><div class=\"swiper-slide\"><div class=\"brand-box\"><a href=\"https:\/\/www.chinabrandoffice.com\/pt\/about\/\"><img decoding=\"async\" src=\"https:\/\/chinabrandoffice.com\/wp-content\/uploads\/2024\/12\/brand_2_2-1.svg\" alt=\"brand_2_2 1\"  \/><\/a><\/div><\/div><div class=\"swiper-slide\"><div class=\"brand-box\"><a href=\"https:\/\/www.chinabrandoffice.com\/pt\/about\/\"><img decoding=\"async\" src=\"https:\/\/chinabrandoffice.com\/wp-content\/uploads\/2024\/12\/brand_2_3-1.svg\" alt=\"brand_2_3 1\"  \/><\/a><\/div><\/div><div class=\"swiper-slide\"><div class=\"brand-box\"><a href=\"https:\/\/www.chinabrandoffice.com\/pt\/about\/\"><img decoding=\"async\" src=\"https:\/\/chinabrandoffice.com\/wp-content\/uploads\/2024\/12\/brand_2_4-1.svg\" alt=\"brand_2_4 1\"  \/><\/a><\/div><\/div><div class=\"swiper-slide\"><div class=\"brand-box\"><a href=\"https:\/\/www.chinabrandoffice.com\/pt\/about\/\"><img decoding=\"async\" src=\"https:\/\/chinabrandoffice.com\/wp-content\/uploads\/2024\/12\/brand_2_5-1.svg\" alt=\"brand_2_5 1\"  \/><\/a><\/div><\/div><div class=\"swiper-slide\"><div class=\"brand-box\"><a href=\"https:\/\/www.chinabrandoffice.com\/pt\/about\/\"><img decoding=\"async\" src=\"https:\/\/chinabrandoffice.com\/wp-content\/uploads\/2024\/12\/brand_2_6-1.svg\" alt=\"brand_2_6 1\"  \/><\/a><\/div><\/div><div class=\"swiper-slide\"><div class=\"brand-box\"><a href=\"https:\/\/www.chinabrandoffice.com\/pt\/about\/\"><img decoding=\"async\" src=\"https:\/\/chinabrandoffice.com\/wp-content\/uploads\/2024\/12\/brand_2_1-1.svg\" alt=\"brand_2_1 1\"  \/><\/a><\/div><\/div><div class=\"swiper-slide\"><div class=\"brand-box\"><a href=\"https:\/\/www.chinabrandoffice.com\/pt\/about\/\"><img decoding=\"async\" src=\"https:\/\/chinabrandoffice.com\/wp-content\/uploads\/2024\/12\/brand_2_2-1.svg\" alt=\"brand_2_2 1\"  \/><\/a><\/div><\/div><div class=\"swiper-slide\"><div class=\"brand-box\"><a href=\"https:\/\/www.chinabrandoffice.com\/pt\/about\/\"><img decoding=\"async\" src=\"https:\/\/chinabrandoffice.com\/wp-content\/uploads\/2024\/12\/brand_2_3-1.svg\" alt=\"brand_2_3 1\"  \/><\/a><\/div><\/div><\/div><\/div>\t\t\t\t<\/div>\n\t\t\t\t<\/div>\n\t\t\t\t\t<\/div>\n\t\t\t\t<\/div>\n\t\t\t\t<\/div>","protected":false},"excerpt":{"rendered":"<p>Surveillance &amp; Veille Juridique Veille &amp; Surveillance : d\u00e9tecter avant qu\u2019il ne soit trop tard. D\u00e9poser sa marque est une \u00e9tape. La prot\u00e9ger dans la dur\u00e9e en est une autre.Le syst\u00e8me chinois repose sur des d\u00e9p\u00f4ts massifs, des imitateurs agiles, et une base de donn\u00e9es ouverte. Chaque jour, des marques proches de la v\u00f4tre peuvent&#8230;<\/p>","protected":false},"author":1,"featured_media":0,"parent":53,"menu_order":0,"comment_status":"closed","ping_status":"closed","template":"","meta":{"footnotes":""},"class_list":["post-4230","page","type-page","status-publish","hentry"],"_links":{"self":[{"href":"https:\/\/www.chinabrandoffice.com\/pt\/wp-json\/wp\/v2\/pages\/4230","targetHints":{"allow":["GET"]}}],"collection":[{"href":"https:\/\/www.chinabrandoffice.com\/pt\/wp-json\/wp\/v2\/pages"}],"about":[{"href":"https:\/\/www.chinabrandoffice.com\/pt\/wp-json\/wp\/v2\/types\/page"}],"author":[{"embeddable":true,"href":"https:\/\/www.chinabrandoffice.com\/pt\/wp-json\/wp\/v2\/users\/1"}],"replies":[{"embeddable":true,"href":"https:\/\/www.chinabrandoffice.com\/pt\/wp-json\/wp\/v2\/comments?post=4230"}],"version-history":[{"count":14,"href":"https:\/\/www.chinabrandoffice.com\/pt\/wp-json\/wp\/v2\/pages\/4230\/revisions"}],"predecessor-version":[{"id":4747,"href":"https:\/\/www.chinabrandoffice.com\/pt\/wp-json\/wp\/v2\/pages\/4230\/revisions\/4747"}],"up":[{"embeddable":true,"href":"https:\/\/www.chinabrandoffice.com\/pt\/wp-json\/wp\/v2\/pages\/53"}],"wp:attachment":[{"href":"https:\/\/www.chinabrandoffice.com\/pt\/wp-json\/wp\/v2\/media?parent=4230"}],"curies":[{"name":"wp","href":"https:\/\/api.w.org\/{rel}","templated":true}]}}