{"id":4242,"date":"2025-05-22T07:08:12","date_gmt":"2025-05-22T07:08:12","guid":{"rendered":"https:\/\/mediumturquoise-squid-939497.hostingersite.com\/?page_id=4242"},"modified":"2025-07-03T06:28:49","modified_gmt":"2025-07-03T06:28:49","slug":"oppositions-contentieux","status":"publish","type":"page","link":"https:\/\/www.chinabrandoffice.com\/pt\/services\/oppositions-contentieux\/","title":{"rendered":"Oposi\u00e7\u00f5es e Contencioso"},"content":{"rendered":"<div data-elementor-type=\"wp-page\" data-elementor-id=\"4242\" class=\"elementor elementor-4242\">\n\t\t\t\t<div class=\"elementor-element elementor-element-e9acf18 e-flex e-con-boxed e-con e-parent\" data-id=\"e9acf18\" data-element_type=\"container\" data-e-type=\"container\">\n\t\t\t\t\t<div class=\"e-con-inner\">\n\t\t<div class=\"elementor-element elementor-element-51ffce49 e-con-full e-flex e-con e-child\" data-id=\"51ffce49\" data-element_type=\"container\" data-e-type=\"container\">\n\t\t\r\n\t\t<div class=\"elementor-element elementor-element-58676352 elementor-widget elementor-widget-text-editor\" data-id=\"58676352\" data-element_type=\"widget\" data-e-type=\"widget\" data-widget_type=\"text-editor.default\">\n\t\t\t\t<div class=\"elementor-widget-container\">\n\t\t\t\t\t\t\t\t\t<h1>Oposi\u00e7\u00f5es e Contencioso<\/h1>\t\t\t\t\t\t\t\t<\/div>\n\t\t\t\t<\/div>\n\t\t\t\t<div class=\"elementor-element elementor-element-26f2ac5b elementor-widget__width-initial elementor-widget elementor-widget-image\" data-id=\"26f2ac5b\" data-element_type=\"widget\" data-e-type=\"widget\" data-widget_type=\"image.default\">\n\t\t\t\t<div class=\"elementor-widget-container\">\n\t\t\t\t\t\t\t\t\t\t\t\t\t\t\t<img fetchpriority=\"high\" decoding=\"async\" width=\"1024\" height=\"1024\" src=\"https:\/\/www.chinabrandoffice.com\/wp-content\/uploads\/2025\/05\/STOP-ILLEGAL.png\" class=\"attachment-full size-full wp-image-4478\" alt=\"Procedure opposition et contentieux\" srcset=\"https:\/\/www.chinabrandoffice.com\/wp-content\/uploads\/2025\/05\/STOP-ILLEGAL.png 1024w, https:\/\/www.chinabrandoffice.com\/wp-content\/uploads\/2025\/05\/STOP-ILLEGAL-300x300.png 300w, https:\/\/www.chinabrandoffice.com\/wp-content\/uploads\/2025\/05\/STOP-ILLEGAL-150x150.png 150w, https:\/\/www.chinabrandoffice.com\/wp-content\/uploads\/2025\/05\/STOP-ILLEGAL-768x768.png 768w, https:\/\/www.chinabrandoffice.com\/wp-content\/uploads\/2025\/05\/STOP-ILLEGAL-80x80.png 80w, https:\/\/www.chinabrandoffice.com\/wp-content\/uploads\/2025\/05\/STOP-ILLEGAL-400x400.png 400w, https:\/\/www.chinabrandoffice.com\/wp-content\/uploads\/2025\/05\/STOP-ILLEGAL-580x580.png 580w, https:\/\/www.chinabrandoffice.com\/wp-content\/uploads\/2025\/05\/STOP-ILLEGAL-85x85.png 85w, https:\/\/www.chinabrandoffice.com\/wp-content\/uploads\/2025\/05\/STOP-ILLEGAL-600x600.png 600w, https:\/\/www.chinabrandoffice.com\/wp-content\/uploads\/2025\/05\/STOP-ILLEGAL-100x100.png 100w, https:\/\/www.chinabrandoffice.com\/wp-content\/uploads\/2025\/05\/STOP-ILLEGAL-460x460.png 460w\" sizes=\"(max-width: 1024px) 100vw, 1024px\" \/>\t\t\t\t\t\t\t\t\t\t\t\t\t\t\t<\/div>\n\t\t\t\t<\/div>\n\t\t\t\t<div class=\"elementor-element elementor-element-450f4549 elementor-widget elementor-widget-heading\" data-id=\"450f4549\" data-element_type=\"widget\" data-e-type=\"widget\" data-widget_type=\"heading.default\">\n\t\t\t\t<div class=\"elementor-widget-container\">\n\t\t\t\t\t<h1 class=\"elementor-heading-title elementor-size-default\">Gerir um lit\u00edgio ou uma oposi\u00e7\u00e3o: n\u00e3o sofrer, agir rapidamente<\/h1>\t\t\t\t<\/div>\n\t\t\t\t<\/div>\n\t\t\t\t<div class=\"elementor-element elementor-element-1495e2bb elementor-widget elementor-widget-text-editor\" data-id=\"1495e2bb\" data-element_type=\"widget\" data-e-type=\"widget\" data-widget_type=\"text-editor.default\">\n\t\t\t\t<div class=\"elementor-widget-container\">\n\t\t\t\t\t\t\t\t\t<p data-start=\"277\" data-end=\"601\">\u00a0 \u00a0En Chine, le syst\u00e8me de marques repose sur <strong>le principe du premier d\u00e9p\u00f4t<\/strong>. Cela entra\u00eene des conflits fr\u00e9quents, parfois malveillants. D\u00e8s qu\u2019un tiers d\u00e9pose une marque similaire ou identique \u00e0 la v\u00f4tre, ou vous bloque volontairement, vous avez un d\u00e9lai limit\u00e9 pour r\u00e9agir. <strong>Pass\u00e9 ce d\u00e9lai, le silence vaut acceptation<\/strong>.<\/p><p data-start=\"603\" data-end=\"729\">Qu\u2019il s\u2019agisse d\u2019une opposition \u00e0 une marque d\u00e9pos\u00e9e par un tiers ou d\u2019une action contre un squatteur, <strong>chaque jour compte.<\/strong><\/p>\t\t\t\t\t\t\t\t<\/div>\n\t\t\t\t<\/div>\n\t\t\t\t<div class=\"elementor-element elementor-element-6bfe1832 elementor-widget elementor-widget-text-editor\" data-id=\"6bfe1832\" data-element_type=\"widget\" data-e-type=\"widget\" data-widget_type=\"text-editor.default\">\n\t\t\t\t<div class=\"elementor-widget-container\">\n\t\t\t\t\t\t\t\t\t<p data-start=\"789\" data-end=\"1036\">\u00a0Lorsqu\u2019une marque est d\u00e9pos\u00e9e en Chine, elle est publi\u00e9e dans le bulletin officiel CNIPA pour une <strong>p\u00e9riode d\u2019opposition de 3 mois<\/strong>. Durant cette p\u00e9riode, toute personne justifiant d\u2019un int\u00e9r\u00eat peut d\u00e9poser une opposition aupr\u00e8s du CNIPA.<\/p><p data-start=\"1038\" data-end=\"1052\"><strong>Prazo:<\/strong><\/p><ul data-start=\"1053\" data-end=\"1176\"><li data-start=\"1053\" data-end=\"1116\"><p data-start=\"1055\" data-end=\"1116\">90 dias corridos a partir da data de publica\u00e7\u00e3o.<\/p><\/li><li data-start=\"1117\" data-end=\"1176\"><p data-start=\"1119\" data-end=\"1176\">Ap\u00f3s esse prazo, perde-se o direito de oposi\u00e7\u00e3o.<\/p><\/li><\/ul><p data-start=\"1178\" data-end=\"1197\"><strong>Condi\u00e7\u00f5es:<\/strong><\/p><ul data-start=\"1198\" data-end=\"1459\"><li data-start=\"1198\" data-end=\"1283\"><p data-start=\"1200\" data-end=\"1283\">\u00c9 necess\u00e1rio provar que possui uma marca anterior (registrada ou not\u00f3ria).<\/p><\/li><li data-start=\"1284\" data-end=\"1459\"><p data-start=\"1286\" data-end=\"1459\">Tamb\u00e9m \u00e9 poss\u00edvel alegar m\u00e1-f\u00e9 do requerente, especialmente se houveram rela\u00e7\u00f5es comerciais anteriores ou se a marca visar um setor conexo.<\/p><\/li><\/ul><p data-start=\"1461\" data-end=\"1487\"><strong>Resultado poss\u00edvel:<\/strong><\/p><ul data-start=\"1488\" data-end=\"1570\"><li data-start=\"1488\" data-end=\"1531\"><p data-start=\"1490\" data-end=\"1531\">Recusa total da marca em quest\u00e3o.<\/p><\/li><li data-start=\"1532\" data-end=\"1570\"><p data-start=\"1534\" data-end=\"1570\">Decis\u00e3o favor\u00e1vel em 9 a 12 meses.<\/p><\/li><\/ul>\t\t\t\t\t\t\t\t<\/div>\n\t\t\t\t<\/div>\n\t\t\t\t<div class=\"elementor-element elementor-element-90be6ff elementor-widget elementor-widget-heading\" data-id=\"90be6ff\" data-element_type=\"widget\" data-e-type=\"widget\" data-widget_type=\"heading.default\">\n\t\t\t\t<div class=\"elementor-widget-container\">\n\t\t\t\t\t<h1 class=\"elementor-heading-title elementor-size-default\">O que fazemos<\/h1>\t\t\t\t<\/div>\n\t\t\t\t<\/div>\n\t\t\t\t<div class=\"elementor-element elementor-element-385eda25 elementor-widget elementor-widget-html\" data-id=\"385eda25\" data-element_type=\"widget\" data-e-type=\"widget\" data-widget_type=\"html.default\">\n\t\t\t\t<div class=\"elementor-widget-container\">\n\t\t\t\t\t<div style=\"display: grid; grid-template-columns: 1fr 1fr; gap: 20px; padding: 10px 0;\">\n  <ul style=\"list-style-type: disc; padding-left: 20px; margin: 0;\">\n    <li>An\u00e1lise do conflito e da estrat\u00e9gia a adotar<\/li>\n    <li>Recolha de provas e prepara\u00e7\u00e3o do processo<\/li>\n    <li>Reda\u00e7\u00e3o jur\u00eddica em chin\u00eas segundo as normas CNIPA<\/li>\n    <li>Apresenta\u00e7\u00e3o oficial da oposi\u00e7\u00e3o ou invalida\u00e7\u00e3o<\/li>\n  <\/ul>\n  <ul style=\"list-style-type: disc; padding-left: 20px; margin: 0;\">\n    <li>Representa\u00e7\u00e3o local (mandato exigido)<\/li>\n    <li>Acompanhamento dos prazos e respostas das autoridades<\/li>\n    <li>Aconselhamento sobre vias de recurso (recurso, arbitragem, judicial)<\/li>\n    <li>Acompanhamento at\u00e9 \u00e0 decis\u00e3o final<\/li>\n  <\/ul>\n<\/div>\n\n\t\t\t\t<\/div>\n\t\t\t\t<\/div>\n\t\t<div class=\"elementor-element elementor-element-61f2fe9e e-con-full e-flex e-con e-child\" data-id=\"61f2fe9e\" data-element_type=\"container\" data-e-type=\"container\">\n\t\t<div class=\"elementor-element elementor-element-7f0d71d3 e-con-full e-flex e-con e-child\" data-id=\"7f0d71d3\" data-element_type=\"container\" data-e-type=\"container\">\n\t\t\t\t<div class=\"elementor-element elementor-element-304fdef5 elementor-widget-mobile__width-inherit elementor-widget__width-initial elementor-widget elementor-widget-image\" data-id=\"304fdef5\" data-element_type=\"widget\" data-e-type=\"widget\" data-widget_type=\"image.default\">\n\t\t\t\t<div class=\"elementor-widget-container\">\n\t\t\t\t\t\t\t\t\t\t\t\t\t\t\t<img decoding=\"async\" width=\"400\" height=\"400\" src=\"https:\/\/www.chinabrandoffice.com\/wp-content\/uploads\/2024\/12\/blog-s-1-1-400x400.jpg\" class=\"attachment-ensaf_400X400 size-ensaf_400X400 wp-image-20\" alt=\"court\" srcset=\"https:\/\/www.chinabrandoffice.com\/wp-content\/uploads\/2024\/12\/blog-s-1-1-400x400.jpg 400w, https:\/\/www.chinabrandoffice.com\/wp-content\/uploads\/2024\/12\/blog-s-1-1-150x150.jpg 150w, https:\/\/www.chinabrandoffice.com\/wp-content\/uploads\/2024\/12\/blog-s-1-1-80x80.jpg 80w, https:\/\/www.chinabrandoffice.com\/wp-content\/uploads\/2024\/12\/blog-s-1-1-85x85.jpg 85w, https:\/\/www.chinabrandoffice.com\/wp-content\/uploads\/2024\/12\/blog-s-1-1-300x300.jpg 300w, https:\/\/www.chinabrandoffice.com\/wp-content\/uploads\/2024\/12\/blog-s-1-1-100x100.jpg 100w\" sizes=\"(max-width: 400px) 100vw, 400px\" \/>\t\t\t\t\t\t\t\t\t\t\t\t\t\t\t<\/div>\n\t\t\t\t<\/div>\n\t\t\t\t<\/div>\n\t\t<div class=\"elementor-element elementor-element-1d16b30 e-con-full e-flex e-con e-child\" data-id=\"1d16b30\" data-element_type=\"container\" data-e-type=\"container\">\n\t\t\t\t<div class=\"elementor-element elementor-element-34e8043c elementor-widget elementor-widget-text-editor\" data-id=\"34e8043c\" data-element_type=\"widget\" data-e-type=\"widget\" data-widget_type=\"text-editor.default\">\n\t\t\t\t<div class=\"elementor-widget-container\">\n\t\t\t\t\t\t\t\t\t<h2 data-start=\"1708\" data-end=\"1761\"><strong data-start=\"1715\" data-end=\"1761\">O nosso compromisso: tratar o seu processo com urg\u00eancia<\/strong><\/h2><p data-start=\"2989\" data-end=\"3258\">\u00a0 \u00a0Em mat\u00e9ria de marcas na China, a ina\u00e7\u00e3o \u00e9 fatal.\nAs regras s\u00e3o r\u00edgidas, os prazos curtos e os erros irrevers\u00edveis.\nMuitas empresas descobrem tarde demais que uma marca semelhante foi aceita ou que o seu sil\u00eancio levou a uma valida\u00e7\u00e3o autom\u00e1tica.<\/p><p data-start=\"3260\" data-end=\"3516\">Sem aconselhamento local e sem dom\u00ednio do enquadramento jur\u00eddico chin\u00eas, os seus argumentos podem ser mal compreendidos, rejeitados ou simplesmente ignorados.<br data-start=\"3402\" data-end=\"3405\" \/>A nossa equipa atua rapidamente, em chin\u00eas, segundo as formalidades exigidas e com uma estrat\u00e9gia adaptada \u00e0 sua situa\u00e7\u00e3o.<\/p>\t\t\t\t\t\t\t\t<\/div>\n\t\t\t\t<\/div>\n\t\t\t\t<\/div>\n\t\t\t\t<\/div>\n\t\t\t\t<\/div>\n\t\t<div class=\"elementor-element elementor-element-27e4fdc5 e-con-full e-flex e-con e-child\" data-id=\"27e4fdc5\" data-element_type=\"container\" data-e-type=\"container\">\n\t\t\t\t<div class=\"elementor-element elementor-element-4d0d5c56 elementor-widget elementor-widget-ensafservicelist\" data-id=\"4d0d5c56\" data-element_type=\"widget\" data-e-type=\"widget\" data-widget_type=\"ensafservicelist.default\">\n\t\t\t\t<div class=\"elementor-widget-container\">\n\t\t\t\t\t<div class=\"widget widget_categories\"><h3 class=\"widget_title\">Os Nossos Servi\u00e7os<\/h3><ul><li><a href=\"https:\/\/www.chinabrandoffice.com\/pt\/services\/protection-de-marques-en-chine\/\">Prote\u00e7\u00e3o de marcas na China<\/a><span><i class=\"fa-sharp fa-light fa-arrow-right\"><\/i><\/span><\/li><li><a href=\"https:\/\/www.chinabrandoffice.com\/pt\/services\/surveillance-veille-juridique\/\">Monitoramento e Acompanhamento Jur\u00eddico<\/a><span><i class=\"fa-sharp fa-light fa-arrow-right\"><\/i><\/span><\/li><li><a href=\"https:\/\/www.chinabrandoffice.com\/pt\/services\/audit-et-strategie-de-propriete-intellectuelle\/\">Auditoria e estrat\u00e9gia de Propriedade Intelectual<\/a><span><i class=\"fa-sharp fa-light fa-arrow-right\"><\/i><\/span><\/li><li><a href=\"https:\/\/www.chinabrandoffice.com\/pt\/services\/oppositions-contentieux\/\">Oposi\u00e7\u00f5es e Contencioso<\/a><span><i class=\"fa-sharp fa-light fa-arrow-right\"><\/i><\/span><\/li><li><a href=\"https:\/\/www.chinabrandoffice.com\/pt\/services\/traductions-certifiees-legalisees\/\">Tradu\u00e7\u00f5es Certificadas \/ Legalizadas<\/a><span><i class=\"fa-sharp fa-light fa-arrow-right\"><\/i><\/span><\/li><li><a href=\"https:\/\/www.chinabrandoffice.com\/pt\/services\/conseil-en-propriete-intellectuelle\/\">Consultoria em Propriedade Intelectual<\/a><span><i class=\"fa-sharp fa-light fa-arrow-right\"><\/i><\/span><\/li><\/ul><\/div>\t\t\t\t<\/div>\n\t\t\t\t<\/div>\n\t\t\t\t<div class=\"elementor-element elementor-element-5702e738 elementor-widget elementor-widget-ensafcontactinfo\" data-id=\"5702e738\" data-element_type=\"widget\" data-e-type=\"widget\" data-widget_type=\"ensafcontactinfo.default\">\n\t\t\t\t<div class=\"elementor-widget-container\">\n\t\t\t\t\t<div class=\"widget widget_call\"><div class=\"widget-call\"><h4 class=\"box-title\">Precisa de ajuda?<\/h4><p class=\"box_text\">Contacte-nos 24\/7 \u2013 respondemos rapidamente:<\/p><div class=\"widget_call\"><div class=\"info-box\"><div class=\"info-box_icon\"><i class=\"fas fa-phone\"><\/i><\/div><div><span class=\"info-box_subtitle\">Por telefone<\/span><p class=\"info-box_text\"><a href=\"tel:+33633154007\" class=\"info-box_link\">+33 6 33 15 40 07<\/a>\n<\/p><\/div><\/div><div class=\"info-box\"><div class=\"info-box_icon\"><i class=\"fas fa-envelope\"><\/i><\/div><div><span class=\"info-box_subtitle\">Por email<\/span><p class=\"info-box_text\"><a href=\"mailto:contact@chinabrandoffice.com\" class=\"info-box_link\">contact@chinabrandoffice.com<\/a><\/p><\/div><\/div><div class=\"info-box\"><div class=\"info-box_icon\"><i class=\"fa-solid fa-location-dot\"><\/i><\/div><div><span class=\"info-box_subtitle\">Escrit\u00f3rio na China<\/span><p class=\"info-box_text\">N.\u00ba 699, rua Jiaozhou, distrito de Jingan, 200040 Xangai, China<\/p><\/div><\/div><\/div><\/div><\/div>\t\t\t\t<\/div>\n\t\t\t\t<\/div>\n\t\t\t\t<div class=\"elementor-element elementor-element-2b4cc14c elementor-widget__width-initial elementor-widget elementor-widget-ensafcontactinfo\" data-id=\"2b4cc14c\" data-element_type=\"widget\" data-e-type=\"widget\" data-widget_type=\"ensafcontactinfo.default\">\n\t\t\t\t<div class=\"elementor-widget-container\">\n\t\t\t\t\t<div class=\"contact-icon-wrap\"><div class=\"info-box\"><div class=\"info-box_icon\"><img decoding=\"async\" src=\"https:\/\/mediumturquoise-squid-939497.hostingersite.com\/wp-content\/uploads\/2025\/05\/CBO-sans-fond-or.png\" alt=\"CBO sans fond or\"  \/><\/div><div class=\"info-contnt\"><h4 class=\"footer-info-title\">CHINA BRAND OFFICE<\/h4><p class=\"info-box_text\"><div style=\"writing-mode: vertical-rl;font-family: 'Playfair Display', serif;font-size: 25px;font-weight: 600;color: #0000FF;text-align: center;line-height: 1.9;letter-spacing: 1.9px;margin-top: 170px\">\n  NA CHINA MAIS QUE EM QUALQUER OUTRO LUGAR, N\u00c3O REAGIR A TEMPO,<br>\n\u00c9 DEIXAR OS DIREITOS PARA O OUTRO. <\/div>\n<\/p><\/div><\/div><\/div>\t\t\t\t<\/div>\n\t\t\t\t<\/div>\n\t\t\t\t<\/div>\n\t\t\t\t\t<\/div>\n\t\t\t\t<\/div>\n\t\t<div class=\"elementor-element elementor-element-3410ea6f e-flex e-con-boxed e-con e-parent\" data-id=\"3410ea6f\" data-element_type=\"container\" data-e-type=\"container\">\n\t\t\t\t\t<div class=\"e-con-inner\">\n\t\t\t\t<div class=\"elementor-element elementor-element-43ea04f0 elementor-widget elementor-widget-text-editor\" data-id=\"43ea04f0\" data-element_type=\"widget\" data-e-type=\"widget\" data-widget_type=\"text-editor.default\">\n\t\t\t\t<div class=\"elementor-widget-container\">\n\t\t\t\t\t\t\t\t\t<h2>Anula\u00e7\u00e3o \/ Invalida\u00e7\u00e3o: atacar uma marca j\u00e1 registrada<\/h2><p data-start=\"1649\" data-end=\"1890\">Se voc\u00ea descobrir uma marca j\u00e1 registrada que prejudica seus direitos, pode iniciar um pedido de invalida\u00e7\u00e3o junto ao CNIPA, ou uma a\u00e7\u00e3o de anula\u00e7\u00e3o por n\u00e3o uso se ela n\u00e3o foi explorada por 3 anos.<\/p><p data-start=\"1892\" data-end=\"1906\"><strong>Prazo:<\/strong><\/p><ul data-start=\"1907\" data-end=\"2067\"><li data-start=\"1907\" data-end=\"1969\"><p data-start=\"1909\" data-end=\"1969\">Nenhum prazo r\u00edgido para invalidar, exceto casos particulares<\/p><\/li><li data-start=\"1970\" data-end=\"2067\"><p data-start=\"1972\" data-end=\"2067\">Para anula\u00e7\u00e3o por n\u00e3o uso: poss\u00edvel a partir do 3\u00ba ano seguinte ao registro.<\/p><\/li><\/ul><p data-start=\"2069\" data-end=\"2097\"><strong>Documentos a fornecer:<\/strong><\/p><ul data-start=\"2098\" data-end=\"2268\"><li data-start=\"2098\" data-end=\"2172\"><p data-start=\"2100\" data-end=\"2172\">Provas da sua anterioridade: dep\u00f3sito, uso p\u00fablico na China, reputa\u00e7\u00e3o.<\/p><\/li><li data-start=\"2173\" data-end=\"2212\"><p data-start=\"2175\" data-end=\"2212\">Tradu\u00e7\u00f5es certificadas (eventuais).<\/p><\/li><li data-start=\"2213\" data-end=\"2268\"><p data-start=\"2215\" data-end=\"2268\">Eventualmente: provas de m\u00e1-f\u00e9 do requerente.<\/p><\/li><\/ul><p data-start=\"2270\" data-end=\"2300\"><strong>Dura\u00e7\u00e3o do procedimento:<\/strong><\/p><ul data-start=\"2301\" data-end=\"2349\"><li data-start=\"2301\" data-end=\"2349\"><p data-start=\"2303\" data-end=\"2349\">Em m\u00e9dia 12 a 18 meses para uma decis\u00e3o.<\/p><\/li><\/ul>\t\t\t\t\t\t\t\t<\/div>\n\t\t\t\t<\/div>\n\t\t\t\t\t<\/div>\n\t\t\t\t<\/div>\n\t\t<div class=\"elementor-element elementor-element-330dba01 e-flex e-con-boxed e-con e-parent\" data-id=\"330dba01\" data-element_type=\"container\" data-e-type=\"container\" data-settings=\"{&quot;background_background&quot;:&quot;classic&quot;}\">\n\t\t\t\t\t<div class=\"e-con-inner\">\n\t\t\t\t<div class=\"elementor-element elementor-element-5387d1d3 elementor-widget elementor-widget-heading\" data-id=\"5387d1d3\" data-element_type=\"widget\" data-e-type=\"widget\" data-widget_type=\"heading.default\">\n\t\t\t\t<div class=\"elementor-widget-container\">\n\t\t\t\t\t<h2 class=\"elementor-heading-title elementor-size-default\">A CBO \u00e9 o parceiro jur\u00eddico de confian\u00e7a escolhido por centenas de profissionais na Europa.<\/h2>\t\t\t\t<\/div>\n\t\t\t\t<\/div>\n\t\t\t\t<div class=\"elementor-element elementor-element-36ebca0e elementor-widget elementor-widget-ensafclientlogos\" data-id=\"36ebca0e\" data-element_type=\"widget\" data-e-type=\"widget\" data-widget_type=\"ensafclientlogos.default\">\n\t\t\t\t<div class=\"elementor-widget-container\">\n\t\t\t\t\t<div class=\"swiper th-slider\" id=\"brand-slider-1\" data-slider-options='{\"breakpoints\":{\"0\":{\"slidesPerView\":2},\"576\":{\"slidesPerView\":\"2\"},\"768\":{\"slidesPerView\":\"3\"},\"992\":{\"slidesPerView\":\"4\"},\"1200\":{\"slidesPerView\":\"5\"},\"1400\":{\"slidesPerView\":\"6\"}}}'><div class=\"swiper-wrapper\"><div class=\"swiper-slide\"><div class=\"brand-box\"><a href=\"https:\/\/www.chinabrandoffice.com\/pt\/about\/\"><img decoding=\"async\" src=\"https:\/\/chinabrandoffice.com\/wp-content\/uploads\/2024\/12\/brand_2_4-1.svg\" alt=\"brand_2_4 1\"  \/><\/a><\/div><\/div><div class=\"swiper-slide\"><div class=\"brand-box\"><a href=\"https:\/\/www.chinabrandoffice.com\/pt\/about\/\"><img decoding=\"async\" src=\"https:\/\/chinabrandoffice.com\/wp-content\/uploads\/2024\/12\/brand_2_5-1.svg\" alt=\"brand_2_5 1\"  \/><\/a><\/div><\/div><div class=\"swiper-slide\"><div class=\"brand-box\"><a href=\"https:\/\/www.chinabrandoffice.com\/pt\/about\/\"><img decoding=\"async\" src=\"https:\/\/chinabrandoffice.com\/wp-content\/uploads\/2024\/12\/brand_2_6-1.svg\" alt=\"brand_2_6 1\"  \/><\/a><\/div><\/div><div class=\"swiper-slide\"><div class=\"brand-box\"><a href=\"https:\/\/www.chinabrandoffice.com\/pt\/about\/\"><img decoding=\"async\" src=\"https:\/\/chinabrandoffice.com\/wp-content\/uploads\/2024\/12\/brand_2_1-1.svg\" alt=\"brand_2_1 1\"  \/><\/a><\/div><\/div><div class=\"swiper-slide\"><div class=\"brand-box\"><a href=\"https:\/\/www.chinabrandoffice.com\/pt\/about\/\"><img decoding=\"async\" src=\"https:\/\/chinabrandoffice.com\/wp-content\/uploads\/2024\/12\/brand_2_2-1.svg\" alt=\"brand_2_2 1\"  \/><\/a><\/div><\/div><div class=\"swiper-slide\"><div class=\"brand-box\"><a href=\"https:\/\/www.chinabrandoffice.com\/pt\/about\/\"><img decoding=\"async\" src=\"https:\/\/chinabrandoffice.com\/wp-content\/uploads\/2024\/12\/brand_2_3-1.svg\" alt=\"brand_2_3 1\"  \/><\/a><\/div><\/div><div class=\"swiper-slide\"><div class=\"brand-box\"><a href=\"https:\/\/www.chinabrandoffice.com\/pt\/about\/\"><img decoding=\"async\" src=\"https:\/\/chinabrandoffice.com\/wp-content\/uploads\/2024\/12\/brand_2_4-1.svg\" alt=\"brand_2_4 1\"  \/><\/a><\/div><\/div><div class=\"swiper-slide\"><div class=\"brand-box\"><a href=\"https:\/\/www.chinabrandoffice.com\/pt\/about\/\"><img decoding=\"async\" src=\"https:\/\/chinabrandoffice.com\/wp-content\/uploads\/2024\/12\/brand_2_5-1.svg\" alt=\"brand_2_5 1\"  \/><\/a><\/div><\/div><div class=\"swiper-slide\"><div class=\"brand-box\"><a href=\"https:\/\/www.chinabrandoffice.com\/pt\/about\/\"><img decoding=\"async\" src=\"https:\/\/chinabrandoffice.com\/wp-content\/uploads\/2024\/12\/brand_2_6-1.svg\" alt=\"brand_2_6 1\"  \/><\/a><\/div><\/div><div class=\"swiper-slide\"><div class=\"brand-box\"><a href=\"https:\/\/www.chinabrandoffice.com\/pt\/about\/\"><img decoding=\"async\" src=\"https:\/\/chinabrandoffice.com\/wp-content\/uploads\/2024\/12\/brand_2_1-1.svg\" alt=\"brand_2_1 1\"  \/><\/a><\/div><\/div><div class=\"swiper-slide\"><div class=\"brand-box\"><a href=\"https:\/\/www.chinabrandoffice.com\/pt\/about\/\"><img decoding=\"async\" src=\"https:\/\/chinabrandoffice.com\/wp-content\/uploads\/2024\/12\/brand_2_2-1.svg\" alt=\"brand_2_2 1\"  \/><\/a><\/div><\/div><div class=\"swiper-slide\"><div class=\"brand-box\"><a href=\"https:\/\/www.chinabrandoffice.com\/pt\/about\/\"><img decoding=\"async\" src=\"https:\/\/chinabrandoffice.com\/wp-content\/uploads\/2024\/12\/brand_2_3-1.svg\" alt=\"brand_2_3 1\"  \/><\/a><\/div><\/div><\/div><\/div>\t\t\t\t<\/div>\n\t\t\t\t<\/div>\n\t\t\t\t\t<\/div>\n\t\t\t\t<\/div>\n\t\t<div class=\"elementor-element elementor-element-48e3b56b e-flex e-con-boxed e-con e-parent\" data-id=\"48e3b56b\" data-element_type=\"container\" data-e-type=\"container\">\n\t\t\t\t\t<div class=\"e-con-inner\">\n\t\t\t\t\t<\/div>\n\t\t\t\t<\/div>\n\t\t\t\t<\/div>","protected":false},"excerpt":{"rendered":"<p>Oppositions &amp; Contentieux G\u00e9rer un contentieux ou une opposition : ne pas subir, agir vite \u00a0 \u00a0En Chine, le syst\u00e8me de marques repose sur le principe du premier d\u00e9p\u00f4t. Cela entra\u00eene des conflits fr\u00e9quents, parfois malveillants. D\u00e8s qu\u2019un tiers d\u00e9pose une marque similaire ou identique \u00e0 la v\u00f4tre, ou vous bloque volontairement, vous avez un&#8230;<\/p>","protected":false},"author":1,"featured_media":0,"parent":53,"menu_order":0,"comment_status":"closed","ping_status":"closed","template":"","meta":{"footnotes":""},"class_list":["post-4242","page","type-page","status-publish","hentry"],"_links":{"self":[{"href":"https:\/\/www.chinabrandoffice.com\/pt\/wp-json\/wp\/v2\/pages\/4242","targetHints":{"allow":["GET"]}}],"collection":[{"href":"https:\/\/www.chinabrandoffice.com\/pt\/wp-json\/wp\/v2\/pages"}],"about":[{"href":"https:\/\/www.chinabrandoffice.com\/pt\/wp-json\/wp\/v2\/types\/page"}],"author":[{"embeddable":true,"href":"https:\/\/www.chinabrandoffice.com\/pt\/wp-json\/wp\/v2\/users\/1"}],"replies":[{"embeddable":true,"href":"https:\/\/www.chinabrandoffice.com\/pt\/wp-json\/wp\/v2\/comments?post=4242"}],"version-history":[{"count":17,"href":"https:\/\/www.chinabrandoffice.com\/pt\/wp-json\/wp\/v2\/pages\/4242\/revisions"}],"predecessor-version":[{"id":4753,"href":"https:\/\/www.chinabrandoffice.com\/pt\/wp-json\/wp\/v2\/pages\/4242\/revisions\/4753"}],"up":[{"embeddable":true,"href":"https:\/\/www.chinabrandoffice.com\/pt\/wp-json\/wp\/v2\/pages\/53"}],"wp:attachment":[{"href":"https:\/\/www.chinabrandoffice.com\/pt\/wp-json\/wp\/v2\/media?parent=4242"}],"curies":[{"name":"wp","href":"https:\/\/api.w.org\/{rel}","templated":true}]}}