{"id":4254,"date":"2025-05-22T07:11:48","date_gmt":"2025-05-22T07:11:48","guid":{"rendered":"https:\/\/mediumturquoise-squid-939497.hostingersite.com\/?page_id=4254"},"modified":"2025-07-03T06:02:34","modified_gmt":"2025-07-03T06:02:34","slug":"conseil-en-propriete-intellectuelle","status":"publish","type":"page","link":"https:\/\/www.chinabrandoffice.com\/pt\/services\/conseil-en-propriete-intellectuelle\/","title":{"rendered":"Consultoria em Propriedade Intelectual"},"content":{"rendered":"<div data-elementor-type=\"wp-page\" data-elementor-id=\"4254\" class=\"elementor elementor-4254\">\n\t\t\t\t<div class=\"elementor-element elementor-element-2250f63d e-flex e-con-boxed e-con e-parent\" data-id=\"2250f63d\" data-element_type=\"container\" data-e-type=\"container\">\n\t\t\t\t\t<div class=\"e-con-inner\">\n\t\t<div class=\"elementor-element elementor-element-2004d396 e-con-full e-flex e-con e-child\" data-id=\"2004d396\" data-element_type=\"container\" data-e-type=\"container\">\n\t\t\r\n\t\t<div class=\"elementor-element elementor-element-2a5cbee1 elementor-widget elementor-widget-text-editor\" data-id=\"2a5cbee1\" data-element_type=\"widget\" data-e-type=\"widget\" data-widget_type=\"text-editor.default\">\n\t\t\t\t<div class=\"elementor-widget-container\">\n\t\t\t\t\t\t\t\t\t<h1>Consultoria em PI<\/h1>\t\t\t\t\t\t\t\t<\/div>\n\t\t\t\t<\/div>\n\t\t\t\t<div class=\"elementor-element elementor-element-17e3b58d elementor-widget__width-initial elementor-widget elementor-widget-image\" data-id=\"17e3b58d\" data-element_type=\"widget\" data-e-type=\"widget\" data-widget_type=\"image.default\">\n\t\t\t\t<div class=\"elementor-widget-container\">\n\t\t\t\t\t\t\t\t\t\t\t\t\t\t\t<img fetchpriority=\"high\" decoding=\"async\" width=\"1024\" height=\"1024\" src=\"https:\/\/www.chinabrandoffice.com\/wp-content\/uploads\/2025\/05\/CBOconseilsChine.png\" class=\"attachment-full size-full wp-image-4454\" alt=\"CBO conseils advice trade mark CHINA\" srcset=\"https:\/\/www.chinabrandoffice.com\/wp-content\/uploads\/2025\/05\/CBOconseilsChine.png 1024w, https:\/\/www.chinabrandoffice.com\/wp-content\/uploads\/2025\/05\/CBOconseilsChine-300x300.png 300w, https:\/\/www.chinabrandoffice.com\/wp-content\/uploads\/2025\/05\/CBOconseilsChine-150x150.png 150w, https:\/\/www.chinabrandoffice.com\/wp-content\/uploads\/2025\/05\/CBOconseilsChine-768x768.png 768w, https:\/\/www.chinabrandoffice.com\/wp-content\/uploads\/2025\/05\/CBOconseilsChine-80x80.png 80w, https:\/\/www.chinabrandoffice.com\/wp-content\/uploads\/2025\/05\/CBOconseilsChine-400x400.png 400w, https:\/\/www.chinabrandoffice.com\/wp-content\/uploads\/2025\/05\/CBOconseilsChine-580x580.png 580w, https:\/\/www.chinabrandoffice.com\/wp-content\/uploads\/2025\/05\/CBOconseilsChine-85x85.png 85w, https:\/\/www.chinabrandoffice.com\/wp-content\/uploads\/2025\/05\/CBOconseilsChine-600x600.png 600w, https:\/\/www.chinabrandoffice.com\/wp-content\/uploads\/2025\/05\/CBOconseilsChine-100x100.png 100w, https:\/\/www.chinabrandoffice.com\/wp-content\/uploads\/2025\/05\/CBOconseilsChine-460x460.png 460w\" sizes=\"(max-width: 1024px) 100vw, 1024px\" \/>\t\t\t\t\t\t\t\t\t\t\t\t\t\t\t<\/div>\n\t\t\t\t<\/div>\n\t\t\t\t<div class=\"elementor-element elementor-element-643ade07 elementor-widget elementor-widget-heading\" data-id=\"643ade07\" data-element_type=\"widget\" data-e-type=\"widget\" data-widget_type=\"heading.default\">\n\t\t\t\t<div class=\"elementor-widget-container\">\n\t\t\t\t\t<h1 class=\"elementor-heading-title elementor-size-default\">Por que pedir aconselhamento?<\/h1>\t\t\t\t<\/div>\n\t\t\t\t<\/div>\n\t\t\t\t<div class=\"elementor-element elementor-element-64117d7a elementor-widget elementor-widget-text-editor\" data-id=\"64117d7a\" data-element_type=\"widget\" data-e-type=\"widget\" data-widget_type=\"text-editor.default\">\n\t\t\t\t<div class=\"elementor-widget-container\">\n\t\t\t\t\t\t\t\t\t<p data-start=\"422\" data-end=\"871\">\u00a0 \u00a0 En Chine, le droit des marques est une <strong>galaxie juridique autonome<\/strong>, <strong>distincte de l\u2019INPI<\/strong> ou de tout syst\u00e8me europ\u00e9en. Ignorer cette r\u00e9alit\u00e9, c\u2019est avancer \u00e0 l\u2019aveugle dans un environnement complexe o\u00f9 les r\u00e8gles implicites dominent.<\/p><p data-start=\"422\" data-end=\"871\">L\u2019erreur la plus fr\u00e9quente ? Penser qu\u2019un d\u00e9p\u00f4t INPI prot\u00e8ge en Chine. C\u2019est faux<strong>.<\/strong> <strong>Et les cons\u00e9quences peuvent \u00eatre dramatiques : contrefa\u00e7on invers\u00e9e, blocage de douanes, perte d\u2019acc\u00e8s \u00e0 votre propre marque.<\/strong><\/p><p data-start=\"873\" data-end=\"1118\">La Chine applique une logique de &#8220;<strong>premier d\u00e9p\u00f4t sans distinction d\u2019origine<\/strong>&#8221; : celui qui enregistre le nom, le d\u00e9tient. Que ce soit un distributeur, un concurrent, ou un opportuniste. La bonne intention ne suffit pas. La na\u00efvet\u00e9 se paie cash.<\/p>\t\t\t\t\t\t\t\t<\/div>\n\t\t\t\t<\/div>\n\t\t\t\t<div class=\"elementor-element elementor-element-1b96de13 elementor-widget elementor-widget-heading\" data-id=\"1b96de13\" data-element_type=\"widget\" data-e-type=\"widget\" data-widget_type=\"heading.default\">\n\t\t\t\t<div class=\"elementor-widget-container\">\n\t\t\t\t\t<h1 class=\"elementor-heading-title elementor-size-default\">O que fazemos<\/h1>\t\t\t\t<\/div>\n\t\t\t\t<\/div>\n\t\t\t\t<div class=\"elementor-element elementor-element-5e41960a elementor-widget elementor-widget-text-editor\" data-id=\"5e41960a\" data-element_type=\"widget\" data-e-type=\"widget\" data-widget_type=\"text-editor.default\">\n\t\t\t\t<div class=\"elementor-widget-container\">\n\t\t\t\t\t\t\t\t\t<p class=\"translation-block\">Atuamos como um verdadeiro escrit\u00f3rio de consultoria, com experi\u00eancia tril\u00edngue, sediado em Xangai, familiarizado com os meandros do CNIPA e com pr\u00e1ticas oportunistas locais.<br data-start=\"1314\" data-end=\"1317\">Nossa miss\u00e3o: evitar armadilhas e orient\u00e1-lo para decis\u00f5es bem fundamentadas antes de qualquer procedimento oficial. Isso inclui:<\/p>\t\t\t\t\t\t\t\t<\/div>\n\t\t\t\t<\/div>\n\t\t\t\t<div class=\"elementor-element elementor-element-6988d15c elementor-widget elementor-widget-html\" data-id=\"6988d15c\" data-element_type=\"widget\" data-e-type=\"widget\" data-widget_type=\"html.default\">\n\t\t\t\t<div class=\"elementor-widget-container\">\n\t\t\t\t\t<ul>\n  <li>An\u00e1lise de riscos de conflito com registos existentes<\/li>\n  <li>conselhamento estrat\u00e9gico global (nomes, alvos, modelo de neg\u00f3cio)<\/li>\n  <li>Recomenda\u00e7\u00e3o sobre a estrutura de propriedade (indiv\u00edduo, empresa, filial)<\/li>\n  <li>Avalia\u00e7\u00e3o das classes relevantes conforme a sua atividade na China<\/li>\n  <li>Acompanhamento jur\u00eddico em caso de lit\u00edgio ou bloqueio de marca<\/li>\n  <li>An\u00e1lise dos textos da CNIPA, leis locais, alertas e prazos a antecipar<\/li>\n<\/ul>\n\n\t\t\t\t<\/div>\n\t\t\t\t<\/div>\n\t\t<div class=\"elementor-element elementor-element-27158df2 e-con-full e-flex e-con e-child\" data-id=\"27158df2\" data-element_type=\"container\" data-e-type=\"container\">\n\t\t<div class=\"elementor-element elementor-element-4526ffeb e-con-full e-flex e-con e-child\" data-id=\"4526ffeb\" data-element_type=\"container\" data-e-type=\"container\">\n\t\t\t\t<div class=\"elementor-element elementor-element-27fdc2e elementor-widget-mobile__width-inherit elementor-widget__width-initial elementor-widget elementor-widget-image\" data-id=\"27fdc2e\" data-element_type=\"widget\" data-e-type=\"widget\" data-widget_type=\"image.default\">\n\t\t\t\t<div class=\"elementor-widget-container\">\n\t\t\t\t\t\t\t\t\t\t\t\t\t\t\t<img decoding=\"async\" width=\"425\" height=\"325\" src=\"https:\/\/www.chinabrandoffice.com\/wp-content\/uploads\/2024\/12\/blog-s-1-1-425x325.jpg\" class=\"attachment-ensaf_425X325 size-ensaf_425X325 wp-image-20\" alt=\"court\" \/>\t\t\t\t\t\t\t\t\t\t\t\t\t\t\t<\/div>\n\t\t\t\t<\/div>\n\t\t\t\t<\/div>\n\t\t<div class=\"elementor-element elementor-element-189d4287 e-con-full e-flex e-con e-child\" data-id=\"189d4287\" data-element_type=\"container\" data-e-type=\"container\">\n\t\t\t\t<div class=\"elementor-element elementor-element-60e7eb79 elementor-widget elementor-widget-text-editor\" data-id=\"60e7eb79\" data-element_type=\"widget\" data-e-type=\"widget\" data-widget_type=\"text-editor.default\">\n\t\t\t\t<div class=\"elementor-widget-container\">\n\t\t\t\t\t\t\t\t\t<h3 data-start=\"1708\" data-end=\"1761\"><strong data-start=\"1715\" data-end=\"1761\">Antecipar o invis\u00edvel: onde o aconselhamento \u00e9 vital<\/strong><\/h3><p data-start=\"1946\" data-end=\"2224\">\u00a0 \u00a0Registar uma marca sem conhecer o terreno \u00e9 como assinar um contrato sem compreender a l\u00edngua.\nCada etapa do sistema chin\u00eas envolve subtilidades: descri\u00e7\u00f5es extensas, classifica\u00e7\u00f5es amb\u00edguas, interpreta\u00e7\u00f5es locais.\nOs erros custam caro \u2014 e muitas vezes s\u00e3o irrevers\u00edveis.<\/p><p data-start=\"2226\" data-end=\"2513\" class=\"translation-block\">O nosso papel \u00e9 evitar erros estrat\u00e9gicos, encurtar prazos e orient\u00e1-lo para a estrat\u00e9gia certa segundo o seu mercado, os seus objetivos e os seus riscos.<br data-start=\"2380\" data-end=\"2383\">Um bom aconselhamento n\u00e3o \u00e9 um custo: poupa anos de bloqueios, custos jur\u00eddicos e, por vezes, a perda de um mercado inteiro.<\/p>\t\t\t\t\t\t\t\t<\/div>\n\t\t\t\t<\/div>\n\t\t\t\t<\/div>\n\t\t\t\t<\/div>\n\t\t\t\t<\/div>\n\t\t<div class=\"elementor-element elementor-element-349aeb9a e-con-full e-flex e-con e-child\" data-id=\"349aeb9a\" data-element_type=\"container\" data-e-type=\"container\">\n\t\t\t\t<div class=\"elementor-element elementor-element-54d6fc9c elementor-widget elementor-widget-ensafservicelist\" data-id=\"54d6fc9c\" data-element_type=\"widget\" data-e-type=\"widget\" data-widget_type=\"ensafservicelist.default\">\n\t\t\t\t<div class=\"elementor-widget-container\">\n\t\t\t\t\t<div class=\"widget widget_categories\"><h3 class=\"widget_title\">Os Nossos Servi\u00e7os<\/h3><ul><li><a href=\"https:\/\/www.chinabrandoffice.com\/pt\/services\/protection-de-marques-en-chine\/\">Prote\u00e7\u00e3o de marcas na China<\/a><span><i class=\"fa-sharp fa-light fa-arrow-right\"><\/i><\/span><\/li><li><a href=\"https:\/\/www.chinabrandoffice.com\/pt\/services\/surveillance-veille-juridique\/\">Monitoramento e Acompanhamento Jur\u00eddico<\/a><span><i class=\"fa-sharp fa-light fa-arrow-right\"><\/i><\/span><\/li><li><a href=\"https:\/\/www.chinabrandoffice.com\/pt\/services\/audit-et-strategie-de-propriete-intellectuelle\/\">Auditoria e estrat\u00e9gia de Propriedade Intelectual<\/a><span><i class=\"fa-sharp fa-light fa-arrow-right\"><\/i><\/span><\/li><li><a href=\"https:\/\/www.chinabrandoffice.com\/pt\/services\/oppositions-contentieux\/\">Oposi\u00e7\u00f5es e Contencioso<\/a><span><i class=\"fa-sharp fa-light fa-arrow-right\"><\/i><\/span><\/li><li><a href=\"https:\/\/www.chinabrandoffice.com\/pt\/services\/traductions-certifiees-legalisees\/\">Tradu\u00e7\u00f5es Certificadas \/ Legalizadas<\/a><span><i class=\"fa-sharp fa-light fa-arrow-right\"><\/i><\/span><\/li><li><a href=\"https:\/\/www.chinabrandoffice.com\/pt\/services\/conseil-en-propriete-intellectuelle\/\">Consultoria em Propriedade Intelectual<\/a><span><i class=\"fa-sharp fa-light fa-arrow-right\"><\/i><\/span><\/li><\/ul><\/div>\t\t\t\t<\/div>\n\t\t\t\t<\/div>\n\t\t\t\t<div class=\"elementor-element elementor-element-3bcf432d elementor-widget elementor-widget-ensafcontactinfo\" data-id=\"3bcf432d\" data-element_type=\"widget\" data-e-type=\"widget\" data-widget_type=\"ensafcontactinfo.default\">\n\t\t\t\t<div class=\"elementor-widget-container\">\n\t\t\t\t\t<div class=\"widget widget_call\"><div class=\"widget-call\"><h4 class=\"box-title\">Precisa de ajuda?<\/h4><p class=\"box_text\">Contacte-nos 24\/7 \u2013 respondemos rapidamente:<\/p><div class=\"widget_call\"><div class=\"info-box\"><div class=\"info-box_icon\"><i class=\"fas fa-phone\"><\/i><\/div><div><span class=\"info-box_subtitle\">Por telefone<\/span><p class=\"info-box_text\"><a href=\"tel:+33633154007\" class=\"info-box_link\">+33 6 33 15 40 07<\/a>\n<\/p><\/div><\/div><div class=\"info-box\"><div class=\"info-box_icon\"><i class=\"fas fa-envelope\"><\/i><\/div><div><span class=\"info-box_subtitle\">Por email<\/span><p class=\"info-box_text\"><a href=\"mailto:contact@chinabrandoffice.com\" class=\"info-box_link\">contact@chinabrandoffice.com<\/a><\/p><\/div><\/div><div class=\"info-box\"><div class=\"info-box_icon\"><i class=\"fa-solid fa-location-dot\"><\/i><\/div><div><span class=\"info-box_subtitle\">Escrit\u00f3rio na China<\/span><p class=\"info-box_text\">N.\u00ba 699, rua Jiaozhou, distrito de Jingan, 200040 Xangai, China<\/p><\/div><\/div><\/div><\/div><\/div>\t\t\t\t<\/div>\n\t\t\t\t<\/div>\n\t\t\t\t<div class=\"elementor-element elementor-element-5074dc45 elementor-widget__width-initial elementor-widget elementor-widget-ensafcontactinfo\" data-id=\"5074dc45\" data-element_type=\"widget\" data-e-type=\"widget\" data-widget_type=\"ensafcontactinfo.default\">\n\t\t\t\t<div class=\"elementor-widget-container\">\n\t\t\t\t\t<div class=\"contact-icon-wrap\"><div class=\"info-box\"><div class=\"info-box_icon\"><img decoding=\"async\" src=\"https:\/\/mediumturquoise-squid-939497.hostingersite.com\/wp-content\/uploads\/2025\/05\/CBO-sans-fond-or.png\" alt=\"CBO sans fond or\"  \/><\/div><div class=\"info-contnt\"><h4 class=\"footer-info-title\">CHINA BRAND OFFICE<\/h4><p class=\"info-box_text\"><div style=\"writing-mode: vertical-rl;font-family: 'Playfair Display', serif;font-size: 25px;font-weight: 600;color: #0000FF;text-align: center;line-height: 1.9;letter-spacing: 1.9px;margin-top: 100px\">\n  NA\u00a0\u00a0CHINA,\u00a0\u00a0A\u00a0\u00a0IGNOR\u00c2NCIA\u00a0\u00a0CUSTA<br>&nbsp;&nbsp;MAIS\u00a0CARO\u00a0DO\u00a0QUE\u00a0O\u00a0REGISTO\n  \n<\/p><\/div><\/div><\/div>\t\t\t\t<\/div>\n\t\t\t\t<\/div>\n\t\t\t\t<\/div>\n\t\t\t\t\t<\/div>\n\t\t\t\t<\/div>\n\t\t<div class=\"elementor-element elementor-element-5a9ee183 e-flex e-con-boxed e-con e-parent\" data-id=\"5a9ee183\" data-element_type=\"container\" data-e-type=\"container\" data-settings=\"{&quot;background_background&quot;:&quot;classic&quot;}\">\n\t\t\t\t\t<div class=\"e-con-inner\">\n\t\t\t\t<div class=\"elementor-element elementor-element-5bcf29b0 elementor-widget elementor-widget-heading\" data-id=\"5bcf29b0\" data-element_type=\"widget\" data-e-type=\"widget\" data-widget_type=\"heading.default\">\n\t\t\t\t<div class=\"elementor-widget-container\">\n\t\t\t\t\t<h2 class=\"elementor-heading-title elementor-size-default\">A CBO \u00e9 o parceiro jur\u00eddico de confian\u00e7a escolhido por centenas de profissionais na Europa.<\/h2>\t\t\t\t<\/div>\n\t\t\t\t<\/div>\n\t\t\t\t<div class=\"elementor-element elementor-element-11f83b2 elementor-widget elementor-widget-ensafclientlogos\" data-id=\"11f83b2\" data-element_type=\"widget\" data-e-type=\"widget\" data-widget_type=\"ensafclientlogos.default\">\n\t\t\t\t<div class=\"elementor-widget-container\">\n\t\t\t\t\t<div class=\"swiper th-slider\" id=\"brand-slider-1\" data-slider-options='{\"breakpoints\":{\"0\":{\"slidesPerView\":2},\"576\":{\"slidesPerView\":\"2\"},\"768\":{\"slidesPerView\":\"3\"},\"992\":{\"slidesPerView\":\"4\"},\"1200\":{\"slidesPerView\":\"5\"},\"1400\":{\"slidesPerView\":\"6\"}}}'><div class=\"swiper-wrapper\"><div class=\"swiper-slide\"><div class=\"brand-box\"><a href=\"https:\/\/www.chinabrandoffice.com\/pt\/about\/\"><img decoding=\"async\" src=\"https:\/\/chinabrandoffice.com\/wp-content\/uploads\/2024\/12\/brand_2_4-1.svg\" alt=\"brand_2_4 1\"  \/><\/a><\/div><\/div><div class=\"swiper-slide\"><div class=\"brand-box\"><a href=\"https:\/\/www.chinabrandoffice.com\/pt\/about\/\"><img decoding=\"async\" src=\"https:\/\/chinabrandoffice.com\/wp-content\/uploads\/2024\/12\/brand_2_5-1.svg\" alt=\"brand_2_5 1\"  \/><\/a><\/div><\/div><div class=\"swiper-slide\"><div class=\"brand-box\"><a href=\"https:\/\/www.chinabrandoffice.com\/pt\/about\/\"><img decoding=\"async\" src=\"https:\/\/chinabrandoffice.com\/wp-content\/uploads\/2024\/12\/brand_2_6-1.svg\" alt=\"brand_2_6 1\"  \/><\/a><\/div><\/div><div class=\"swiper-slide\"><div class=\"brand-box\"><a href=\"https:\/\/www.chinabrandoffice.com\/pt\/about\/\"><img decoding=\"async\" src=\"https:\/\/chinabrandoffice.com\/wp-content\/uploads\/2024\/12\/brand_2_1-1.svg\" alt=\"brand_2_1 1\"  \/><\/a><\/div><\/div><div class=\"swiper-slide\"><div class=\"brand-box\"><a href=\"https:\/\/www.chinabrandoffice.com\/pt\/about\/\"><img decoding=\"async\" src=\"https:\/\/chinabrandoffice.com\/wp-content\/uploads\/2024\/12\/brand_2_2-1.svg\" alt=\"brand_2_2 1\"  \/><\/a><\/div><\/div><div class=\"swiper-slide\"><div class=\"brand-box\"><a href=\"https:\/\/www.chinabrandoffice.com\/pt\/about\/\"><img decoding=\"async\" src=\"https:\/\/chinabrandoffice.com\/wp-content\/uploads\/2024\/12\/brand_2_3-1.svg\" alt=\"brand_2_3 1\"  \/><\/a><\/div><\/div><div class=\"swiper-slide\"><div class=\"brand-box\"><a href=\"https:\/\/www.chinabrandoffice.com\/pt\/about\/\"><img decoding=\"async\" src=\"https:\/\/chinabrandoffice.com\/wp-content\/uploads\/2024\/12\/brand_2_4-1.svg\" alt=\"brand_2_4 1\"  \/><\/a><\/div><\/div><div class=\"swiper-slide\"><div class=\"brand-box\"><a href=\"https:\/\/www.chinabrandoffice.com\/pt\/about\/\"><img decoding=\"async\" src=\"https:\/\/chinabrandoffice.com\/wp-content\/uploads\/2024\/12\/brand_2_5-1.svg\" alt=\"brand_2_5 1\"  \/><\/a><\/div><\/div><div class=\"swiper-slide\"><div class=\"brand-box\"><a href=\"https:\/\/www.chinabrandoffice.com\/pt\/about\/\"><img decoding=\"async\" src=\"https:\/\/chinabrandoffice.com\/wp-content\/uploads\/2024\/12\/brand_2_6-1.svg\" alt=\"brand_2_6 1\"  \/><\/a><\/div><\/div><div class=\"swiper-slide\"><div class=\"brand-box\"><a href=\"https:\/\/www.chinabrandoffice.com\/pt\/about\/\"><img decoding=\"async\" src=\"https:\/\/chinabrandoffice.com\/wp-content\/uploads\/2024\/12\/brand_2_1-1.svg\" alt=\"brand_2_1 1\"  \/><\/a><\/div><\/div><div class=\"swiper-slide\"><div class=\"brand-box\"><a href=\"https:\/\/www.chinabrandoffice.com\/pt\/about\/\"><img decoding=\"async\" src=\"https:\/\/chinabrandoffice.com\/wp-content\/uploads\/2024\/12\/brand_2_2-1.svg\" alt=\"brand_2_2 1\"  \/><\/a><\/div><\/div><div class=\"swiper-slide\"><div class=\"brand-box\"><a href=\"https:\/\/www.chinabrandoffice.com\/pt\/about\/\"><img decoding=\"async\" src=\"https:\/\/chinabrandoffice.com\/wp-content\/uploads\/2024\/12\/brand_2_3-1.svg\" alt=\"brand_2_3 1\"  \/><\/a><\/div><\/div><\/div><\/div>\t\t\t\t<\/div>\n\t\t\t\t<\/div>\n\t\t\t\t\t<\/div>\n\t\t\t\t<\/div>\n\t\t\t\t<\/div>","protected":false},"excerpt":{"rendered":"<p>Conseil en PI Pourquoi se faire conseiller? \u00a0 \u00a0 En Chine, le droit des marques est une galaxie juridique autonome, distincte de l\u2019INPI ou de tout syst\u00e8me europ\u00e9en. Ignorer cette r\u00e9alit\u00e9, c\u2019est avancer \u00e0 l\u2019aveugle dans un environnement complexe o\u00f9 les r\u00e8gles implicites dominent. L\u2019erreur la plus fr\u00e9quente ? Penser qu\u2019un d\u00e9p\u00f4t INPI prot\u00e8ge en&#8230;<\/p>","protected":false},"author":1,"featured_media":0,"parent":53,"menu_order":0,"comment_status":"closed","ping_status":"closed","template":"","meta":{"footnotes":""},"class_list":["post-4254","page","type-page","status-publish","hentry"],"_links":{"self":[{"href":"https:\/\/www.chinabrandoffice.com\/pt\/wp-json\/wp\/v2\/pages\/4254","targetHints":{"allow":["GET"]}}],"collection":[{"href":"https:\/\/www.chinabrandoffice.com\/pt\/wp-json\/wp\/v2\/pages"}],"about":[{"href":"https:\/\/www.chinabrandoffice.com\/pt\/wp-json\/wp\/v2\/types\/page"}],"author":[{"embeddable":true,"href":"https:\/\/www.chinabrandoffice.com\/pt\/wp-json\/wp\/v2\/users\/1"}],"replies":[{"embeddable":true,"href":"https:\/\/www.chinabrandoffice.com\/pt\/wp-json\/wp\/v2\/comments?post=4254"}],"version-history":[{"count":23,"href":"https:\/\/www.chinabrandoffice.com\/pt\/wp-json\/wp\/v2\/pages\/4254\/revisions"}],"predecessor-version":[{"id":4738,"href":"https:\/\/www.chinabrandoffice.com\/pt\/wp-json\/wp\/v2\/pages\/4254\/revisions\/4738"}],"up":[{"embeddable":true,"href":"https:\/\/www.chinabrandoffice.com\/pt\/wp-json\/wp\/v2\/pages\/53"}],"wp:attachment":[{"href":"https:\/\/www.chinabrandoffice.com\/pt\/wp-json\/wp\/v2\/media?parent=4254"}],"curies":[{"name":"wp","href":"https:\/\/api.w.org\/{rel}","templated":true}]}}